{"id":934,"date":"2021-10-28T03:21:51","date_gmt":"2021-10-28T03:21:51","guid":{"rendered":"http:\/\/server3.testwalking.com\/test\/atic-wp\/?page_id=934"},"modified":"2021-11-02T16:52:30","modified_gmt":"2021-11-02T16:52:30","slug":"peoplewalking","status":"publish","type":"page","link":"http:\/\/server3.testwalking.com\/test\/atic-wp\/peoplewalking\/","title":{"rendered":"Peoplewalking"},"content":{"rendered":"\t\t<div data-elementor-type=\"wp-page\" data-elementor-id=\"934\" class=\"elementor elementor-934\">\n\t\t\t\t\t\t<section class=\"elementor-section elementor-top-section elementor-element elementor-element-bbf935e card-div elementor-section-boxed elementor-section-height-default elementor-section-height-default\" data-id=\"bbf935e\" data-element_type=\"section\">\n\t\t\t\t\t\t<div class=\"elementor-container elementor-column-gap-default\">\n\t\t\t\t\t<div class=\"elementor-column elementor-col-100 elementor-top-column elementor-element elementor-element-ff04b1a\" data-id=\"ff04b1a\" data-element_type=\"column\">\n\t\t\t<div class=\"elementor-widget-wrap elementor-element-populated\">\n\t\t\t\t\t\t<div class=\"elementor-element elementor-element-21ad860 elementor-widget elementor-widget-heading\" data-id=\"21ad860\" data-element_type=\"widget\" data-widget_type=\"heading.default\">\n\t\t\t\t<div class=\"elementor-widget-container\">\n\t\t\t<h2 class=\"elementor-heading-title elementor-size-default\">Peoplewalking, S.L<\/h2>\t\t<\/div>\n\t\t\t\t<\/div>\n\t\t\t\t<div class=\"elementor-element elementor-element-54a9387 elementor-widget-divider--view-line elementor-widget elementor-widget-divider\" data-id=\"54a9387\" data-element_type=\"widget\" data-widget_type=\"divider.default\">\n\t\t\t\t<div class=\"elementor-widget-container\">\n\t\t\t\t\t<div class=\"elementor-divider\">\n\t\t\t<span class=\"elementor-divider-separator\">\n\t\t\t\t\t\t<\/span>\n\t\t<\/div>\n\t\t\t\t<\/div>\n\t\t\t\t<\/div>\n\t\t\t\t<div class=\"elementor-element elementor-element-cffca71 elementor-widget elementor-widget-text-editor\" data-id=\"cffca71\" data-element_type=\"widget\" data-widget_type=\"text-editor.default\">\n\t\t\t\t<div class=\"elementor-widget-container\">\n\t\t\t\t\t\t\t<p class=\"MsoNormal\" style=\"text-align: justify;\"><span lang=\"ES\">Partner tecnol\u00f3gico de ATIC<\/span><\/p><p class=\"MsoNormal\" style=\"text-align: justify;\">Llevamos implantando soluciones tecnol\u00f3gicas desde hace m\u00e1s de 30 a\u00f1os siendo directivos en algunas de las principales consultoras tecnol\u00f3gicas mundiales. \u00bfGrandes multinacionales? S\u00ed\u2026 pero las dejamos para estar m\u00e1s cerca de ti, para que salieras ganando tu, para que sintieras cercan\u00eda, para que te sintieras realmente cuidado.<\/p><p><b data-fusion-font=\"true\">PEOPLEWALKING, READY TO WALK WITH YOU !!!<\/b><\/p>\t\t\t\t\t\t<\/div>\n\t\t\t\t<\/div>\n\t\t\t\t<div class=\"elementor-element elementor-element-a582078 elementor-widget elementor-widget-image\" data-id=\"a582078\" data-element_type=\"widget\" data-widget_type=\"image.default\">\n\t\t\t\t<div class=\"elementor-widget-container\">\n\t\t\t\t\t\t\t\t\t\t\t\t\t\t<a href=\"https:\/\/www.peoplewalking.com\/\" target=\"_blank\">\n\t\t\t\t\t\t\t<img decoding=\"async\" width=\"210\" height=\"150\" src=\"http:\/\/server3.testwalking.com\/test\/atic-wp\/wp-content\/uploads\/2021\/10\/logo_210x150.png\" class=\"attachment-medium size-medium wp-image-935\" alt=\"\" \/>\t\t\t\t\t\t\t\t<\/a>\n\t\t\t\t\t\t\t\t\t\t\t\t\t<\/div>\n\t\t\t\t<\/div>\n\t\t\t\t\t<\/div>\n\t\t<\/div>\n\t\t\t\t\t<\/div>\n\t\t<\/section>\n\t\t\t\t<\/div>\n\t\t","protected":false},"excerpt":{"rendered":"<p>Peoplewalking, S.L Partner tecnol\u00f3gico de ATIC Llevamos implantando soluciones tecnol\u00f3gicas desde hace m\u00e1s de 30 a\u00f1os siendo directivos en algunas de las principales consultoras tecnol\u00f3gicas mundiales. \u00bfGrandes multinacionales? S\u00ed\u2026 pero las dejamos para estar m\u00e1s cerca de ti, para que salieras ganando tu, para que sintieras cercan\u00eda, para que te sintieras realmente cuidado. PEOPLEWALKING, READY<\/p>\n<footer class=\"entry-footer index-entry\">\n<div class=\"post-social pull-left\"><a href=\"https:\/\/www.facebook.com\/sharer\/sharer.php?u=http%3A%2F%2Fserver3.testwalking.com%2Ftest%2Fatic-wp%2Fpeoplewalking%2F\" target=\"_blank\" class=\"social-icons\"><i class=\"fa fa-facebook\" aria-hidden=\"true\"><\/i><\/a><a href=\"https:\/\/twitter.com\/home?status=http%3A%2F%2Fserver3.testwalking.com%2Ftest%2Fatic-wp%2Fpeoplewalking%2F\" target=\"_blank\" class=\"social-icons\"><i class=\"fa fa-twitter\" aria-hidden=\"true\"><\/i><\/a><a href=\"https:\/\/www.linkedin.com\/shareArticle?mini=true&#038;url=http%3A%2F%2Fserver3.testwalking.com%2Ftest%2Fatic-wp%2Fpeoplewalking%2F&#038;title=Peoplewalking\" target=\"_blank\" class=\"social-icons\"><i class=\"fa fa-linkedin\" aria-hidden=\"true\"><\/i><\/a><\/div>\n<p class=\"link-more\"><a href=\"http:\/\/server3.testwalking.com\/test\/atic-wp\/peoplewalking\/\" class=\"more-link\">Continue reading <span class=\"meta-nav\">\u2192<\/span><\/a><\/p>\n<\/footer>\n","protected":false},"author":1,"featured_media":0,"parent":0,"menu_order":0,"comment_status":"closed","ping_status":"closed","template":"","meta":{"footnotes":""},"acf":[],"_links":{"self":[{"href":"http:\/\/server3.testwalking.com\/test\/atic-wp\/wp-json\/wp\/v2\/pages\/934"}],"collection":[{"href":"http:\/\/server3.testwalking.com\/test\/atic-wp\/wp-json\/wp\/v2\/pages"}],"about":[{"href":"http:\/\/server3.testwalking.com\/test\/atic-wp\/wp-json\/wp\/v2\/types\/page"}],"author":[{"embeddable":true,"href":"http:\/\/server3.testwalking.com\/test\/atic-wp\/wp-json\/wp\/v2\/users\/1"}],"replies":[{"embeddable":true,"href":"http:\/\/server3.testwalking.com\/test\/atic-wp\/wp-json\/wp\/v2\/comments?post=934"}],"version-history":[{"count":28,"href":"http:\/\/server3.testwalking.com\/test\/atic-wp\/wp-json\/wp\/v2\/pages\/934\/revisions"}],"predecessor-version":[{"id":1112,"href":"http:\/\/server3.testwalking.com\/test\/atic-wp\/wp-json\/wp\/v2\/pages\/934\/revisions\/1112"}],"wp:attachment":[{"href":"http:\/\/server3.testwalking.com\/test\/atic-wp\/wp-json\/wp\/v2\/media?parent=934"}],"curies":[{"name":"wp","href":"https:\/\/api.w.org\/{rel}","templated":true}]}}