{"id":817,"date":"2021-08-17T14:33:13","date_gmt":"2021-08-17T14:33:13","guid":{"rendered":"http:\/\/server3.testwalking.com\/test\/atic-wp\/?page_id=817"},"modified":"2021-08-17T15:09:06","modified_gmt":"2021-08-17T15:09:06","slug":"definiciones","status":"publish","type":"page","link":"http:\/\/server3.testwalking.com\/test\/atic-wp\/definiciones\/","title":{"rendered":"Definiciones"},"content":{"rendered":"\t\t<div data-elementor-type=\"wp-page\" data-elementor-id=\"817\" class=\"elementor elementor-817\">\n\t\t\t\t\t\t<section class=\"elementor-section elementor-top-section elementor-element elementor-element-5a1c466 card-div elementor-section-boxed elementor-section-height-default elementor-section-height-default\" data-id=\"5a1c466\" data-element_type=\"section\">\n\t\t\t\t\t\t<div class=\"elementor-container elementor-column-gap-default\">\n\t\t\t\t\t<div class=\"elementor-column elementor-col-100 elementor-top-column elementor-element elementor-element-12f0f65\" data-id=\"12f0f65\" data-element_type=\"column\">\n\t\t\t<div class=\"elementor-widget-wrap elementor-element-populated\">\n\t\t\t\t\t\t<div class=\"elementor-element elementor-element-0a60728 elementor-widget elementor-widget-heading\" data-id=\"0a60728\" data-element_type=\"widget\" data-widget_type=\"heading.default\">\n\t\t\t\t<div class=\"elementor-widget-container\">\n\t\t\t<h2 class=\"elementor-heading-title elementor-size-default\">Definiciones<\/h2>\t\t<\/div>\n\t\t\t\t<\/div>\n\t\t\t\t<div class=\"elementor-element elementor-element-923d831 elementor-widget-divider--view-line elementor-widget elementor-widget-divider\" data-id=\"923d831\" data-element_type=\"widget\" data-widget_type=\"divider.default\">\n\t\t\t\t<div class=\"elementor-widget-container\">\n\t\t\t\t\t<div class=\"elementor-divider\">\n\t\t\t<span class=\"elementor-divider-separator\">\n\t\t\t\t\t\t<\/span>\n\t\t<\/div>\n\t\t\t\t<\/div>\n\t\t\t\t<\/div>\n\t\t\t\t<div class=\"elementor-element elementor-element-8434063 elementor-widget elementor-widget-text-editor\" data-id=\"8434063\" data-element_type=\"widget\" data-widget_type=\"text-editor.default\">\n\t\t\t\t<div class=\"elementor-widget-container\">\n\t\t\t\t\t\t\t<p>La l\u00f3gica subyacente en la estructura y el contenido de ATIC deriva de la re-conceptualizaci\u00f3n del PROCESO de prestaci\u00f3n de cuidados o proceso de atenci\u00f3n de enfermer\u00eda, <u>publicada <\/u>por la Dra. Juv\u00e9-Udina en 2012.<\/p>\n<p>Una interpretaci\u00f3n que define el PROCESO de prestaci\u00f3n de cuidados como no-lineal e iterativo en el que:<\/p>\n<ol>\n<li>La VALORACI\u00d3N inicial del estado y las circunstancias de la persona<\/li>\n<li>Genera un o la conclusi\u00f3n de varios JUICIOS (Diagn\u00f3sticos)<\/li>\n<li>Que conducen a la PRESCRIPCI\u00d3N de cuidados (Intervenciones_ Planificaci\u00f3n)<\/li>\n<li>Cuya PRESTACI\u00d3N (Intervenciones_Ejecuci\u00f3n)<\/li>\n<li>Tiene que evaluarse en una VALORACI\u00d3N continuada del estado y la evoluci\u00f3n de la persona y sus circunstancias<\/li>\n<li>Que podr\u00eda generar nuevos JUICIOS, reiniciando de nuevo el proceso.<\/li>\n<\/ol>\t\t\t\t\t\t<\/div>\n\t\t\t\t<\/div>\n\t\t\t\t<div class=\"elementor-element elementor-element-27f4ab3 elementor-widget elementor-widget-image\" data-id=\"27f4ab3\" data-element_type=\"widget\" data-widget_type=\"image.default\">\n\t\t\t\t<div class=\"elementor-widget-container\">\n\t\t\t\t\t\t\t\t\t\t\t\t\t<img fetchpriority=\"high\" decoding=\"async\" width=\"523\" height=\"335\" src=\"http:\/\/server3.testwalking.com\/test\/atic-wp\/wp-content\/uploads\/2021\/08\/2.2.1_es.png\" class=\"attachment-large size-large wp-image-819\" alt=\"\" srcset=\"http:\/\/server3.testwalking.com\/test\/atic-wp\/wp-content\/uploads\/2021\/08\/2.2.1_es.png 523w, http:\/\/server3.testwalking.com\/test\/atic-wp\/wp-content\/uploads\/2021\/08\/2.2.1_es-300x192.png 300w\" sizes=\"(max-width: 523px) 100vw, 523px\" \/>\t\t\t\t\t\t\t\t\t\t\t\t\t<\/div>\n\t\t\t\t<\/div>\n\t\t\t\t<div class=\"elementor-element elementor-element-0157e97 elementor-widget elementor-widget-text-editor\" data-id=\"0157e97\" data-element_type=\"widget\" data-widget_type=\"text-editor.default\">\n\t\t\t\t<div class=\"elementor-widget-container\">\n\t\t\t\t\t\t\t<p>El contexto organizativo de la prestaci\u00f3n de cuidados y la pericia cl\u00ednica de cada enfermero\/a son factores que influyen en el proceso y sus resultados en las personas atendidas. El contenido del eje diagn\u00f3stico de ATIC est\u00e1 desarrollado considerando la hip\u00f3tesis de que el nivel de pericia cl\u00ednica de cada enfermera asistencial condiciona su capacidad diagn\u00f3stica. El efecto de la competencia cl\u00ednica de cada enfermera en la formulaci\u00f3n diagn\u00f3stica se ilustra en la introducci\u00f3n del libro <a href=\"https:\/\/axon.es\/ficha\/libros\/9788494083136\/atic-eje-diagnostico\">ATIC Eje Diagn\u00f3stico<\/a> (pp 29-33).<\/p><p>La <a href=\"https:\/\/www.tesisenred.net\/handle\/10803\/457189#page=1\">Tesis doctoral de la Dra. Gonzalez-Samartino<\/a> aporta resultados relevantes sobre la precisi\u00f3n diagn\u00f3stica enfermera y su relaci\u00f3n los resultados cl\u00ednicos.\u00a0<\/p><p>Las influencias de ambas variables moduladoras se exploran en la <a href=\"https:\/\/www.tesisenred.net\/handle\/10803\/670252\">Tesis doctoral de la Dra. Castell\u00e0-Creus<\/a> y sus diversas publicaciones cient\u00edficas derivadas.<\/p>\t\t\t\t\t\t<\/div>\n\t\t\t\t<\/div>\n\t\t\t\t<div class=\"elementor-element elementor-element-248881b eael-table-align-center eael-dt-th-align-left elementor-widget elementor-widget-eael-data-table\" data-id=\"248881b\" data-element_type=\"widget\" data-widget_type=\"eael-data-table.default\">\n\t\t\t\t<div class=\"elementor-widget-container\">\n\t\t\t\t\t<div class=\"eael-data-table-wrap\" data-table_id=\"248881b\" id=\"eael-data-table-wrapper-248881b\" data-custom_responsive=\"false\">\n\t\t\t<table class=\"tablesorter eael-data-table center\" id=\"eael-data-table-248881b\">\n\t\t\t    <thead>\n\t\t\t        <tr class=\"table-header\">\n\t\t\t\t\t\t\t\t\t            <th class=\"\" id=\"\" colspan=\"\">\n\t\t\t\t\t\t\t\t\t\t\t\t\t\t<span class=\"data-table-header-text\">Elemento del proceso<\/span><\/th>\n\t\t\t        \t\t\t\t            <th class=\"\" id=\"\" colspan=\"\">\n\t\t\t\t\t\t\t\t\t\t\t\t\t\t<span class=\"data-table-header-text\">Conceptualizaci\u00f3n ATIC<\/span><\/th>\n\t\t\t        \t\t\t\t        <\/tr>\n\t\t\t    <\/thead>\n\t\t\t  \t<tbody>\n\t\t\t\t\t\t\t\t\t\t\t<tr>\n\t\t\t\t\t\t\t\t\t\t\t\t\t\t\t\t   \t\t\t\t\t\t\t\t\t\t\t<td colspan=\"\" rowspan=\"\" class=\"\" id=\"\">\n\t\t\t\t\t\t\t\t\t\t\t\t<div class=\"td-content-wrapper\"><div class=\"td-content\"><p><strong>Valoraci\u00f3n inicial<\/strong><\/p><\/div><\/div>\n\t\t\t\t\t\t\t\t\t\t\t<\/td>\n\t\t\t\t\t\t\t\t\t\t\t\t\t\t\t\t\t\t\t\t\t\t\t\t\t\t\t\t\t   \t\t\t\t\t\t\t\t\t\t\t<td colspan=\"\" rowspan=\"\" class=\"\" id=\"\">\n\t\t\t\t\t\t\t\t\t\t\t\t<div class=\"td-content-wrapper\"><div class=\"td-content\"><p>Obtenci\u00f3n sistem\u00e1tica de datos objetivos y subjetivos\u00a0sobre la persona (familia, grupo, comunidad o poblaci\u00f3n), su contexto, historia, circunstancias y entorno as\u00ed como el motivo por el que busca, solicita o precisa atenci\u00f3n sanitaria\u00a0que conduce al juicio cl\u00ednico.<\/p><\/div><\/div>\n\t\t\t\t\t\t\t\t\t\t\t<\/td>\n\t\t\t\t\t\t\t\t\t\t\t\t\t\t\t\t\t\t\t\t\t\t\t\t\t\t<\/tr>\n\t\t\t        \t\t\t\t\t\t<tr>\n\t\t\t\t\t\t\t\t\t\t\t\t\t\t\t\t   \t\t\t\t\t\t\t\t\t\t\t<td colspan=\"\" rowspan=\"\" class=\"\" id=\"\">\n\t\t\t\t\t\t\t\t\t\t\t\t<div class=\"td-content-wrapper\"><div class=\"td-content\"><p><strong>Valoraci\u00f3n focalizada<\/strong><\/p><\/div><\/div>\n\t\t\t\t\t\t\t\t\t\t\t<\/td>\n\t\t\t\t\t\t\t\t\t\t\t\t\t\t\t\t\t\t\t\t\t\t\t\t\t\t\t\t\t   \t\t\t\t\t\t\t\t\t\t\t<td colspan=\"\" rowspan=\"\" class=\"\" id=\"\">\n\t\t\t\t\t\t\t\t\t\t\t\t<div class=\"td-content-wrapper\"><div class=\"td-content\"><p>Obtenci\u00f3n de un conjunto sistem\u00e1tico de datos sobre un aspecto concreto\u00a0del estado, la situaci\u00f3n, las circunstancias y\/o el entorno de la persona (familia, grupo, comunidad o poblaci\u00f3n) atendida.<\/p><\/div><\/div>\n\t\t\t\t\t\t\t\t\t\t\t<\/td>\n\t\t\t\t\t\t\t\t\t\t\t\t\t\t\t\t\t\t\t\t\t\t\t\t\t\t<\/tr>\n\t\t\t        \t\t\t\t\t\t<tr>\n\t\t\t\t\t\t\t\t\t\t\t\t\t\t\t\t   \t\t\t\t\t\t\t\t\t\t\t<td colspan=\"\" rowspan=\"\" class=\"\" id=\"\">\n\t\t\t\t\t\t\t\t\t\t\t\t<div class=\"td-content-wrapper\"><div class=\"td-content\"><p><strong>Valoraci\u00f3n continuada y Resultados<\/strong><\/p><\/div><\/div>\n\t\t\t\t\t\t\t\t\t\t\t<\/td>\n\t\t\t\t\t\t\t\t\t\t\t\t\t\t\t\t\t\t\t\t\t\t\t\t\t\t\t\t\t   \t\t\t\t\t\t\t\t\t\t\t<td colspan=\"\" rowspan=\"\" class=\"\" id=\"\">\n\t\t\t\t\t\t\t\t\t\t\t\t<div class=\"td-content-wrapper\"><div class=\"td-content\"><p>La identificaci\u00f3n de los resultados de salud es un producto del juicio diagn\u00f3stico.<\/p><p>Los resultados son juicios cl\u00ednicos sobre la evoluci\u00f3n del estado de salud del individuo (o de sus consecuencias) una vez realizadas las intervenciones enfermeras.<\/p><p>Los resultados en ATIC se clasifican en: evolutivos y finalistas.<\/p><p>A su vez pueden sub-clasificarse como: saludables y adversos.<\/p><p>Los resultados evolutivos o finalistas se expresan en ATIC mediante variables de valoraci\u00f3n continuada y\/o nuevos diagn\u00f3sticos.<\/p><p>En ATIC los elementos de valoraci\u00f3n inicial, focalizada y continuada se expresan con variables (elementos b\u00e1sicos) y par\u00e1metros (elementos moleculares y at\u00f3micos) del Eje Valoraci\u00f3n.<\/p><\/div><\/div>\n\t\t\t\t\t\t\t\t\t\t\t<\/td>\n\t\t\t\t\t\t\t\t\t\t\t\t\t\t\t\t\t\t\t\t\t\t\t\t\t\t<\/tr>\n\t\t\t        \t\t\t\t\t\t<tr>\n\t\t\t\t\t\t\t\t\t\t\t\t\t\t\t\t   \t\t\t\t\t\t\t\t\t\t\t<td colspan=\"\" rowspan=\"\" class=\"\" id=\"\">\n\t\t\t\t\t\t\t\t\t\t\t\t<div class=\"td-content-wrapper\"><div class=\"td-content\"><p><strong>Intervenciones<\/strong><\/p><\/div><\/div>\n\t\t\t\t\t\t\t\t\t\t\t<\/td>\n\t\t\t\t\t\t\t\t\t\t\t\t\t\t\t\t\t\t\t\t\t\t\t\t\t\t\t\t\t   \t\t\t\t\t\t\t\t\t\t\t<td colspan=\"\" rowspan=\"\" class=\"\" id=\"\">\n\t\t\t\t\t\t\t\t\t\t\t\t<div class=\"td-content-wrapper\"><div class=\"td-content\"><p>Prescripci\u00f3n de una o varias prestaciones enfermera (cuidados)\u00a0que deriva del diagnostico y refleja el abordaje para su prevenci\u00f3n, resoluci\u00f3n o paliaci\u00f3n, total o parcial.<\/p><p>Las intervenciones en ATIC no son descripciones detalladas de un procedimiento.<\/p><p>Son conceptos que engloban el objetivo y las actuaciones y acciones cuidadoras<\/p><p>Algunas prescripciones pueden ser indicadas por una enfermera, un m\u00e9dico\/a u otro profesional autorizado.<\/p><p>Su ejecuci\u00f3n puede ser llevada a cabo por el paciente y\/o sus cuidadores, la propia enfermera, la enfermera y el m\u00e9dico, con otros profesionales o bien ser delegada al personal auxiliar o t\u00e9cnico.<\/p><p>Las intervenciones en ATIC son elementos b\u00e1sicos del Eje Intervenci\u00f3n. <\/p><\/div><\/div>\n\t\t\t\t\t\t\t\t\t\t\t<\/td>\n\t\t\t\t\t\t\t\t\t\t\t\t\t\t\t\t\t\t\t\t\t\t\t\t\t\t<\/tr>\n\t\t\t        \t\t\t\t\t\t<tr>\n\t\t\t\t\t\t\t\t\t\t\t\t\t\t\t\t   \t\t\t\t\t\t\t\t\t\t\t<td colspan=\"\" rowspan=\"\" class=\"\" id=\"\">\n\t\t\t\t\t\t\t\t\t\t\t\t<div class=\"td-content-wrapper\"><div class=\"td-content\"><p><strong>Actividades<\/strong><\/p><\/div><\/div>\n\t\t\t\t\t\t\t\t\t\t\t<\/td>\n\t\t\t\t\t\t\t\t\t\t\t\t\t\t\t\t\t\t\t\t\t\t\t\t\t\t\t\t\t   \t\t\t\t\t\t\t\t\t\t\t<td colspan=\"\" rowspan=\"\" class=\"\" id=\"\">\n\t\t\t\t\t\t\t\t\t\t\t\t<div class=\"td-content-wrapper\"><div class=\"td-content\"><p>Las actividades en ATIC son elementos moleculares y at\u00f3micos del Eje Intervenci\u00f3n.<\/p><p>Son especificaciones que permiten un registro de los elementos esenciales que caracterizan una intervenci\u00f3n y que,\u00a0informan sobre un aspecto a destacar y que deben detallarse para garantizar la seguridad, la calidad, la continuidad de los cuidados o bien,\u00a0por motivos normativos, e\u0301tico-legales y\/o de coste-eficiencia.<\/p><\/div><\/div>\n\t\t\t\t\t\t\t\t\t\t\t<\/td>\n\t\t\t\t\t\t\t\t\t\t\t\t\t\t\t\t\t\t\t\t\t\t\t\t\t\t<\/tr>\n\t\t\t        \t\t\t\t\t\t<tr>\n\t\t\t\t\t\t\t\t\t\t\t\t\t\t\t\t   \t\t\t\t\t\t\t\t\t\t\t<td colspan=\"\" rowspan=\"\" class=\"\" id=\"\">\n\t\t\t\t\t\t\t\t\t\t\t\t<div class=\"td-content-wrapper\"><div class=\"td-content\"><p><strong>Diagn\u00f3stico<\/strong><\/p><\/div><\/div>\n\t\t\t\t\t\t\t\t\t\t\t<\/td>\n\t\t\t\t\t\t\t\t\t\t\t\t\t\t\t\t\t\t\t\t\t\t\t\t\t\t\t\t\t   \t\t\t\t\t\t\t\t\t\t\t<td colspan=\"\" rowspan=\"\" class=\"\" id=\"\">\n\t\t\t\t\t\t\t\t\t\t\t\t<div class=\"td-content-wrapper\"><div class=\"td-content\"><p>Juicio cl\u00ednico o la conclusi\u00f3n de varios juicios, resultante\/s del an\u00e1lisis y la priorizaci\u00f3n de los datos de la valoraci\u00f3n sobre el estado de salud de la persona (familia, grupo, comunidad o poblaci\u00f3n)\u00a0y las consecuencias y reacciones reales o de riesgo\u00a0en las distintas dimensiones del beneficiario de los cuidados y su integralidad,\u00a0en el contexto de su entorno y su experiencia particular y en el \u00e1mbito de la responsabilidad profesional enfermera que incluye tambi\u00e9n la corresponsabilidad con el beneficiario de los cuidados,\u00a0sus cuidadores informales y\/o con otros profesionales de la salud.<\/p><p>El objetivo del diagn\u00f3stico enfermero es<\/p><p>Identificar problemas o situaciones que requieren o pueden beneficiarse de intervenci\u00f3n enfermera,\u00a0en la salud, para su preservaci\u00f3n, en los estados de salud relativa, para prevenir la enfermedad y promover el restablecimiento del estado previo, en los estados de enfermedad, para prevenir discapacidades, complicaciones y su progresi\u00f3n, as\u00ed como para promover el restablecimiento o consecuci\u00f3n del mejor estado de salud posible, y en el final de la vida, para prevenir y paliar el sufrimiento.<\/p><p>Los diagn\u00f3sticos en ATIC son elementos b\u00e1sicos del Eje diagn\u00f3stico.<\/p><\/div><\/div>\n\t\t\t\t\t\t\t\t\t\t\t<\/td>\n\t\t\t\t\t\t\t\t\t\t\t\t\t\t\t\t\t\t\t\t\t\t\t\t\t\t<\/tr>\n\t\t\t        \t\t\t    <\/tbody>\n\t\t\t<\/table>\n\t\t<\/div>\n\t  \t\t\t<\/div>\n\t\t\t\t<\/div>\n\t\t\t\t\t<\/div>\n\t\t<\/div>\n\t\t\t\t\t<\/div>\n\t\t<\/section>\n\t\t\t\t<\/div>\n\t\t","protected":false},"excerpt":{"rendered":"<p>Definiciones La l\u00f3gica subyacente en la estructura y el contenido de ATIC deriva de la re-conceptualizaci\u00f3n del PROCESO de prestaci\u00f3n de cuidados o proceso de atenci\u00f3n de enfermer\u00eda, publicada por la Dra. Juv\u00e9-Udina en 2012. Una interpretaci\u00f3n que define el PROCESO de prestaci\u00f3n de cuidados como no-lineal e iterativo en el que: La VALORACI\u00d3N inicial<\/p>\n<footer class=\"entry-footer index-entry\">\n<div class=\"post-social pull-left\"><a href=\"https:\/\/www.facebook.com\/sharer\/sharer.php?u=http%3A%2F%2Fserver3.testwalking.com%2Ftest%2Fatic-wp%2Fdefiniciones%2F\" target=\"_blank\" class=\"social-icons\"><i class=\"fa fa-facebook\" aria-hidden=\"true\"><\/i><\/a><a href=\"https:\/\/twitter.com\/home?status=http%3A%2F%2Fserver3.testwalking.com%2Ftest%2Fatic-wp%2Fdefiniciones%2F\" target=\"_blank\" class=\"social-icons\"><i class=\"fa fa-twitter\" aria-hidden=\"true\"><\/i><\/a><a href=\"https:\/\/www.linkedin.com\/shareArticle?mini=true&#038;url=http%3A%2F%2Fserver3.testwalking.com%2Ftest%2Fatic-wp%2Fdefiniciones%2F&#038;title=Definiciones\" target=\"_blank\" class=\"social-icons\"><i class=\"fa fa-linkedin\" aria-hidden=\"true\"><\/i><\/a><\/div>\n<p class=\"link-more\"><a href=\"http:\/\/server3.testwalking.com\/test\/atic-wp\/definiciones\/\" class=\"more-link\">Continue reading <span class=\"meta-nav\">\u2192<\/span><\/a><\/p>\n<\/footer>\n","protected":false},"author":1,"featured_media":0,"parent":0,"menu_order":0,"comment_status":"closed","ping_status":"closed","template":"","meta":{"footnotes":""},"acf":[],"_links":{"self":[{"href":"http:\/\/server3.testwalking.com\/test\/atic-wp\/wp-json\/wp\/v2\/pages\/817"}],"collection":[{"href":"http:\/\/server3.testwalking.com\/test\/atic-wp\/wp-json\/wp\/v2\/pages"}],"about":[{"href":"http:\/\/server3.testwalking.com\/test\/atic-wp\/wp-json\/wp\/v2\/types\/page"}],"author":[{"embeddable":true,"href":"http:\/\/server3.testwalking.com\/test\/atic-wp\/wp-json\/wp\/v2\/users\/1"}],"replies":[{"embeddable":true,"href":"http:\/\/server3.testwalking.com\/test\/atic-wp\/wp-json\/wp\/v2\/comments?post=817"}],"version-history":[{"count":7,"href":"http:\/\/server3.testwalking.com\/test\/atic-wp\/wp-json\/wp\/v2\/pages\/817\/revisions"}],"predecessor-version":[{"id":834,"href":"http:\/\/server3.testwalking.com\/test\/atic-wp\/wp-json\/wp\/v2\/pages\/817\/revisions\/834"}],"wp:attachment":[{"href":"http:\/\/server3.testwalking.com\/test\/atic-wp\/wp-json\/wp\/v2\/media?parent=817"}],"curies":[{"name":"wp","href":"https:\/\/api.w.org\/{rel}","templated":true}]}}