{"id":795,"date":"2021-08-17T14:05:36","date_gmt":"2021-08-17T14:05:36","guid":{"rendered":"http:\/\/server3.testwalking.com\/test\/atic-wp\/?page_id=795"},"modified":"2021-08-17T14:13:55","modified_gmt":"2021-08-17T14:13:55","slug":"elements-estructurants","status":"publish","type":"page","link":"http:\/\/server3.testwalking.com\/test\/atic-wp\/elements-estructurants\/","title":{"rendered":"Elements estructurants"},"content":{"rendered":"\t\t<div data-elementor-type=\"wp-page\" data-elementor-id=\"795\" class=\"elementor elementor-795\">\n\t\t\t\t\t\t<section class=\"elementor-section elementor-top-section elementor-element elementor-element-5e01cf6 card-div elementor-section-boxed elementor-section-height-default elementor-section-height-default\" data-id=\"5e01cf6\" data-element_type=\"section\">\n\t\t\t\t\t\t<div class=\"elementor-container elementor-column-gap-default\">\n\t\t\t\t\t<div class=\"elementor-column elementor-col-100 elementor-top-column elementor-element elementor-element-3382134\" data-id=\"3382134\" data-element_type=\"column\">\n\t\t\t<div class=\"elementor-widget-wrap elementor-element-populated\">\n\t\t\t\t\t\t<div class=\"elementor-element elementor-element-fb05d72 elementor-widget elementor-widget-heading\" data-id=\"fb05d72\" data-element_type=\"widget\" data-widget_type=\"heading.default\">\n\t\t\t\t<div class=\"elementor-widget-container\">\n\t\t\t<h2 class=\"elementor-heading-title elementor-size-default\">Elements estructurants <\/h2>\t\t<\/div>\n\t\t\t\t<\/div>\n\t\t\t\t<div class=\"elementor-element elementor-element-06405b9 elementor-widget-divider--view-line elementor-widget elementor-widget-divider\" data-id=\"06405b9\" data-element_type=\"widget\" data-widget_type=\"divider.default\">\n\t\t\t\t<div class=\"elementor-widget-container\">\n\t\t\t\t\t<div class=\"elementor-divider\">\n\t\t\t<span class=\"elementor-divider-separator\">\n\t\t\t\t\t\t<\/span>\n\t\t<\/div>\n\t\t\t\t<\/div>\n\t\t\t\t<\/div>\n\t\t\t\t<div class=\"elementor-element elementor-element-10e57bd elementor-widget elementor-widget-text-editor\" data-id=\"10e57bd\" data-element_type=\"widget\" data-widget_type=\"text-editor.default\">\n\t\t\t\t<div class=\"elementor-widget-container\">\n\t\t\t\t\t\t\t<p>Els elements estructurants en ATIC deriven de la conceptualitzaci\u00f3 interpretativa dels constructes de l&#8217;metaparadigma infermer, definit per Jacqueline Fawcett en els anys 80 de l&#8217; s.XX : persona, salut, entorn i infermeria.<\/p><p>La conceptualitzaci\u00f3 interpretativa dels constructes de l&#8217;metaparadigma realitzada per la Dra. Juv\u00e9-Udina , i publicada en diversos articles cient\u00edfics en 2012, planteja una re-conceptualitzaci\u00f3 que il\u00b7lustra l&#8217;articulaci\u00f3 (estructura) de la terminologia i ontologies ATIC. A efectes pr\u00e0ctics, l&#8217;\u00fas dels elements estructurants de ATIC en els sistemes d&#8217;informaci\u00f3 assistencials, per a la representaci\u00f3 de l&#8217;proc\u00e9s de prestaci\u00f3 de cures i els seus resultats, permet l&#8217;agrupaci\u00f3 i facilita l&#8217;ordenaci\u00f3 i la localitzaci\u00f3 d&#8217;elements i les seves relacions.<\/p><p>Els elements estructurants de ATIC tenen diferents nivells d&#8217;abstracci\u00f3 i poden emprar-se de forma matricial i inclouen: Dimensions, Categories, Components, Metaconceptos i Altres agrupadors secundaris.<\/p>\t\t\t\t\t\t<\/div>\n\t\t\t\t<\/div>\n\t\t\t\t<div class=\"elementor-element elementor-element-b3442da eael-table-align-center eael-dt-th-align-left elementor-widget elementor-widget-eael-data-table\" data-id=\"b3442da\" data-element_type=\"widget\" data-widget_type=\"eael-data-table.default\">\n\t\t\t\t<div class=\"elementor-widget-container\">\n\t\t\t\t\t<div class=\"eael-data-table-wrap\" data-table_id=\"b3442da\" id=\"eael-data-table-wrapper-b3442da\" data-custom_responsive=\"false\">\n\t\t\t<table class=\"tablesorter eael-data-table center\" id=\"eael-data-table-b3442da\">\n\t\t\t    <thead>\n\t\t\t        <tr class=\"table-header\">\n\t\t\t\t\t\t\t\t\t            <th class=\"\" id=\"\" colspan=\"\">\n\t\t\t\t\t\t\t\t\t\t\t\t\t\t<span class=\"data-table-header-text\">Element estructurant<\/span><\/th>\n\t\t\t        \t\t\t\t            <th class=\"\" id=\"\" colspan=\"\">\n\t\t\t\t\t\t\t\t\t\t\t\t\t\t<span class=\"data-table-header-text\">Caracter\u00edstiques principals<\/span><\/th>\n\t\t\t        \t\t\t\t            <th class=\"\" id=\"\" colspan=\"\">\n\t\t\t\t\t\t\t\t\t\t\t\t\t\t<span class=\"data-table-header-text\">Denominaci\u00f3 ATIC<\/span><\/th>\n\t\t\t        \t\t\t\t        <\/tr>\n\t\t\t    <\/thead>\n\t\t\t  \t<tbody>\n\t\t\t\t\t\t\t\t\t\t\t<tr>\n\t\t\t\t\t\t\t\t\t\t\t\t\t\t\t\t   \t\t\t\t\t\t\t\t\t\t\t<td colspan=\"\" rowspan=\"\" class=\"\" id=\"\">\n\t\t\t\t\t\t\t\t\t\t\t\t<div class=\"td-content-wrapper\"><div class=\"td-content\"><p><span>Dimensi<\/span><span>ons<\/span><\/p><\/div><\/div>\n\t\t\t\t\t\t\t\t\t\t\t<\/td>\n\t\t\t\t\t\t\t\t\t\t\t\t\t\t\t\t\t\t\t\t\t\t\t\t\t\t\t\t\t   \t\t\t\t\t\t\t\t\t\t\t<td colspan=\"\" rowspan=\"\" class=\"\" id=\"\">\n\t\t\t\t\t\t\t\t\t\t\t\t<div class=\"td-content-wrapper\"><div class=\"td-content\"><p><strong><span class=\"\">Agrupador de <\/span><span class=\"\">alt <\/span><span class=\"\">nivell d'abstracci\u00f3.<\/span><\/strong><\/p><p><strong>Configura un domini (constructe) format per diverses entitats relacionades.<\/strong><\/p><p><strong>Les dimensions s\u00f3n comuns en l'eix valoraci\u00f3 i l'eix diagn\u00f2stic. <\/strong><\/p><p><strong>L'eix intervenci\u00f3 t\u00e9 les seves pr\u00f2pies dimensions.<\/strong><\/p><\/div><\/div>\n\t\t\t\t\t\t\t\t\t\t\t<\/td>\n\t\t\t\t\t\t\t\t\t\t\t\t\t\t\t\t\t\t\t\t\t\t\t\t\t\t\t\t\t   \t\t\t\t\t\t\t\t\t\t\t<td colspan=\"\" rowspan=\"\" class=\"\" id=\"\">\n\t\t\t\t\t\t\t\t\t\t\t\t<div class=\"td-content-wrapper\"><div class=\"td-content\"><p><span>Ser f\u00edsic<\/span><\/p><p><span>Ser conscient<\/span><\/p><p><span>Ser aut\u00f2nom<\/span><\/p><p><span>Interseccions<\/span><\/p><p><span>Integralitat<\/span><\/p><p><span>Entorn familiar<\/span><\/p><p><span>Entorn social<\/span><\/p><p><span>Entorn natural<\/span><\/p><\/div><\/div>\n\t\t\t\t\t\t\t\t\t\t\t<\/td>\n\t\t\t\t\t\t\t\t\t\t\t\t\t\t\t\t\t\t\t\t\t\t\t\t\t\t<\/tr>\n\t\t\t        \t\t\t\t\t\t<tr>\n\t\t\t\t\t\t\t\t\t\t\t\t\t\t\t\t   \t\t\t\t\t\t\t\t\t\t\t<td colspan=\"\" rowspan=\"\" class=\"\" id=\"\">\n\t\t\t\t\t\t\t\t\t\t\t\t<div class=\"td-content-wrapper\"><div class=\"td-content\"><p><span><span class=\"goog-text-highlight\">Categories<\/span><\/span><\/p><\/div><\/div>\n\t\t\t\t\t\t\t\t\t\t\t<\/td>\n\t\t\t\t\t\t\t\t\t\t\t\t\t\t\t\t\t\t\t\t\t\t\t\t\t\t\t\t\t   \t\t\t\t\t\t\t\t\t\t\t<td colspan=\"\" rowspan=\"\" class=\"\" id=\"\">\n\t\t\t\t\t\t\t\t\t\t\t\t<div class=\"td-content-wrapper\"><div class=\"td-content\"><p><strong>Agrupador d'alt nivell d'abstracci\u00f3.<\/strong><\/p><p><strong>Configura un conjunt de tipologies abstractes d'atributs, que permeten organitzar els conceptes b\u00e0sics.\u00a0<\/strong><\/p><p><strong>Cada eix t\u00e9 les seves categories.<\/strong><\/p><\/div><\/div>\n\t\t\t\t\t\t\t\t\t\t\t<\/td>\n\t\t\t\t\t\t\t\t\t\t\t\t\t\t\t\t\t\t\t\t\t\t\t\t\t\t\t\t\t   \t\t\t\t\t\t\t\t\t\t\t<td colspan=\"\" rowspan=\"\" class=\"\" id=\"\">\n\t\t\t\t\t\t\t\t\t\t\t\t<div class=\"td-content-wrapper\"><div class=\"td-content\"><p><span>Desequilibri de pressions, nivells o volums<\/span><\/p><p><span>Desorganitzaci\u00f3 de l'activitat, el ritme o la reactivitat<\/span><\/p><p><span>Distorsi\u00f3 perceptual o interpretativa<\/span><\/p><p><span>Emissi\u00f3, expulsi\u00f3, p\u00e8rdua o exterioritzaci\u00f3 disruptiva<\/span><\/p><p><span>Esfor\u00e7, inter\u00e8s o predisposici\u00f3<\/span><\/p><p><span>(...)<\/span><\/p><\/div><\/div>\n\t\t\t\t\t\t\t\t\t\t\t<\/td>\n\t\t\t\t\t\t\t\t\t\t\t\t\t\t\t\t\t\t\t\t\t\t\t\t\t\t<\/tr>\n\t\t\t        \t\t\t\t\t\t<tr>\n\t\t\t\t\t\t\t\t\t\t\t\t\t\t\t\t   \t\t\t\t\t\t\t\t\t\t\t<td colspan=\"\" rowspan=\"\" class=\"\" id=\"\">\n\t\t\t\t\t\t\t\t\t\t\t\t<div class=\"td-content-wrapper\"><div class=\"td-content\"><p><span>Components<\/span><\/p><\/div><\/div>\n\t\t\t\t\t\t\t\t\t\t\t<\/td>\n\t\t\t\t\t\t\t\t\t\t\t\t\t\t\t\t\t\t\t\t\t\t\t\t\t\t\t\t\t   \t\t\t\t\t\t\t\t\t\t\t<td colspan=\"\" rowspan=\"\" class=\"\" id=\"\">\n\t\t\t\t\t\t\t\t\t\t\t\t<div class=\"td-content-wrapper\"><div class=\"td-content\"><p><strong>Agrupador de nivell d'abstracci\u00f3 alt- intermedi.<\/strong><\/p><p><strong>Compartit en els tres eixos principals d'ATIC<\/strong><\/p><p><span><strong>Inclou entitats (parts) de les diferents dimensions.<\/strong> <\/span><\/p><\/div><\/div>\n\t\t\t\t\t\t\t\t\t\t\t<\/td>\n\t\t\t\t\t\t\t\t\t\t\t\t\t\t\t\t\t\t\t\t\t\t\t\t\t\t\t\t\t   \t\t\t\t\t\t\t\t\t\t\t<td colspan=\"\" rowspan=\"\" class=\"\" id=\"\">\n\t\t\t\t\t\t\t\t\t\t\t\t<div class=\"td-content-wrapper\"><div class=\"td-content\"><p><span>Adaptatiu emocional<\/span><\/p><p><span>Autocura<\/span><\/p><p><span>Autoconceptual<\/span><\/p><p><span>Autodeterminaci\u00f3<\/span><\/p><p><span>Cardiocirculatori<\/span><\/p><p><span>Desenvolupament<\/span><\/p><p><span>Digestiu<\/span><\/p><p><span>Dom\u00e8stic<\/span><\/p><p><span>Espiritual<\/span><\/p><p><span>Homeost\u00e0tic excretor<\/span><\/p><p><span>Inmunohematol\u00f3gico<\/span><\/p><p><span>Interaccional<\/span><\/p><p><span>Locomotor<\/span><\/p><p><span>Multicomponent<\/span><\/p><p><span>Multisist\u00e8mic<\/span><\/p><p><span>Neurocomportamental<\/span><\/p><p><span>Neurocognitiu<\/span><\/p><p><span>Neuromotor<\/span><\/p><p><span>Neurorregulador<\/span><\/p><p><span>Nutricional metab\u00f2lic<\/span><\/p><p><span>Reproductor<\/span><\/p><p><span>Respiratori<\/span><\/p><p><span>Sensoperceptual<\/span><\/p><p><span>Tegumentario<\/span><\/p><p><span>(...)<\/span><\/p><\/div><\/div>\n\t\t\t\t\t\t\t\t\t\t\t<\/td>\n\t\t\t\t\t\t\t\t\t\t\t\t\t\t\t\t\t\t\t\t\t\t\t\t\t\t<\/tr>\n\t\t\t        \t\t\t\t\t\t<tr>\n\t\t\t\t\t\t\t\t\t\t\t\t\t\t\t\t   \t\t\t\t\t\t\t\t\t\t\t<td colspan=\"\" rowspan=\"\" class=\"\" id=\"\">\n\t\t\t\t\t\t\t\t\t\t\t\t<div class=\"td-content-wrapper\"><div class=\"td-content\"><p>Metaconceptos<\/p><\/div><\/div>\n\t\t\t\t\t\t\t\t\t\t\t<\/td>\n\t\t\t\t\t\t\t\t\t\t\t\t\t\t\t\t\t\t\t\t\t\t\t\t\t\t\t\t\t   \t\t\t\t\t\t\t\t\t\t\t<td colspan=\"\" rowspan=\"\" class=\"\" id=\"\">\n\t\t\t\t\t\t\t\t\t\t\t\t<div class=\"td-content-wrapper\"><div class=\"td-content\"><p><strong>Constructos agrupadores de abstracci\u00f3n alta-intermedia.<\/strong><\/p><p><strong>Empleados para tipificar campos conceptuales o tem\u00e1ticas. <\/strong><\/p><p><strong>Pueden actuar como nodos de conocimiento enfermero y puntos de enlace entre distintos sistemas terminol\u00f3gicos o lenguajes estandarizados.<\/strong><\/p><p><strong>Pueden actuar como nodos de conocimiento interdisciplinar y puntos de enlace con clasificaciones o vocabularios de referencia de otras disciplinas.<\/strong><\/p><\/div><\/div>\n\t\t\t\t\t\t\t\t\t\t\t<\/td>\n\t\t\t\t\t\t\t\t\t\t\t\t\t\t\t\t\t\t\t\t\t\t\t\t\t\t\t\t\t   \t\t\t\t\t\t\t\t\t\t\t<td colspan=\"\" rowspan=\"\" class=\"\" id=\"\">\n\t\t\t\t\t\t\t\t\t\t\t\t<div class=\"td-content-wrapper\"><div class=\"td-content\"><p>Actividades de la vida diaria<\/p><p>Adaptaci\u00f3n a la vida extrauterina<\/p><p>Adherencia<\/p><p>Autoconcepto<\/p><p>Cinestesia<\/p><p>Comunicaci\u00f3n<\/p><p>Conductas lesivas<\/p><p>Conductas saludables<\/p><p>Dolor<\/p><p>Embarazo<\/p><p>Energ\u00eda vital<\/p><p>Equilibrio acidob\u00e1sico<\/p><p>Equilibrio hidroelectrol\u00edtico<\/p><p>Estado de \u00e1nimo<\/p><p>Estado general<\/p><p>Estado mental<\/p><p>Estr\u00e9s<\/p><p>(\u2026)<\/p><p>Tareas de afrontamiento<\/p><p>Tareas de desarrollo<\/p><p>Termorregulaci\u00f3n<\/p><p>Valores<\/p><p>Ventilaci\u00f3n<\/p><p>Voluntad<\/p><\/div><\/div>\n\t\t\t\t\t\t\t\t\t\t\t<\/td>\n\t\t\t\t\t\t\t\t\t\t\t\t\t\t\t\t\t\t\t\t\t\t\t\t\t\t<\/tr>\n\t\t\t        \t\t\t    <\/tbody>\n\t\t\t<\/table>\n\t\t<\/div>\n\t  \t\t\t<\/div>\n\t\t\t\t<\/div>\n\t\t\t\t\t<\/div>\n\t\t<\/div>\n\t\t\t\t\t<\/div>\n\t\t<\/section>\n\t\t\t\t<\/div>\n\t\t","protected":false},"excerpt":{"rendered":"<p>Elements estructurants Els elements estructurants en ATIC deriven de la conceptualitzaci\u00f3 interpretativa dels constructes de l&#8217;metaparadigma infermer, definit per Jacqueline Fawcett en els anys 80 de l&#8217; s.XX : persona, salut, entorn i infermeria. La conceptualitzaci\u00f3 interpretativa dels constructes de l&#8217;metaparadigma realitzada per la Dra. Juv\u00e9-Udina , i publicada en diversos articles cient\u00edfics en 2012,<\/p>\n<footer class=\"entry-footer index-entry\">\n<div class=\"post-social pull-left\"><a href=\"https:\/\/www.facebook.com\/sharer\/sharer.php?u=http%3A%2F%2Fserver3.testwalking.com%2Ftest%2Fatic-wp%2Felements-estructurants%2F\" target=\"_blank\" class=\"social-icons\"><i class=\"fa fa-facebook\" aria-hidden=\"true\"><\/i><\/a><a href=\"https:\/\/twitter.com\/home?status=http%3A%2F%2Fserver3.testwalking.com%2Ftest%2Fatic-wp%2Felements-estructurants%2F\" target=\"_blank\" class=\"social-icons\"><i class=\"fa fa-twitter\" aria-hidden=\"true\"><\/i><\/a><a href=\"https:\/\/www.linkedin.com\/shareArticle?mini=true&#038;url=http%3A%2F%2Fserver3.testwalking.com%2Ftest%2Fatic-wp%2Felements-estructurants%2F&#038;title=Elements+estructurants\" target=\"_blank\" class=\"social-icons\"><i class=\"fa fa-linkedin\" aria-hidden=\"true\"><\/i><\/a><\/div>\n<p class=\"link-more\"><a href=\"http:\/\/server3.testwalking.com\/test\/atic-wp\/elements-estructurants\/\" class=\"more-link\">Continue reading <span class=\"meta-nav\">\u2192<\/span><\/a><\/p>\n<\/footer>\n","protected":false},"author":1,"featured_media":0,"parent":0,"menu_order":0,"comment_status":"closed","ping_status":"closed","template":"","meta":{"footnotes":""},"acf":[],"_links":{"self":[{"href":"http:\/\/server3.testwalking.com\/test\/atic-wp\/wp-json\/wp\/v2\/pages\/795"}],"collection":[{"href":"http:\/\/server3.testwalking.com\/test\/atic-wp\/wp-json\/wp\/v2\/pages"}],"about":[{"href":"http:\/\/server3.testwalking.com\/test\/atic-wp\/wp-json\/wp\/v2\/types\/page"}],"author":[{"embeddable":true,"href":"http:\/\/server3.testwalking.com\/test\/atic-wp\/wp-json\/wp\/v2\/users\/1"}],"replies":[{"embeddable":true,"href":"http:\/\/server3.testwalking.com\/test\/atic-wp\/wp-json\/wp\/v2\/comments?post=795"}],"version-history":[{"count":7,"href":"http:\/\/server3.testwalking.com\/test\/atic-wp\/wp-json\/wp\/v2\/pages\/795\/revisions"}],"predecessor-version":[{"id":807,"href":"http:\/\/server3.testwalking.com\/test\/atic-wp\/wp-json\/wp\/v2\/pages\/795\/revisions\/807"}],"wp:attachment":[{"href":"http:\/\/server3.testwalking.com\/test\/atic-wp\/wp-json\/wp\/v2\/media?parent=795"}],"curies":[{"name":"wp","href":"https:\/\/api.w.org\/{rel}","templated":true}]}}