{"id":789,"date":"2021-08-17T13:49:23","date_gmt":"2021-08-17T13:49:23","guid":{"rendered":"http:\/\/server3.testwalking.com\/test\/atic-wp\/?page_id=789"},"modified":"2021-08-17T14:14:04","modified_gmt":"2021-08-17T14:14:04","slug":"elementos-estructurantes","status":"publish","type":"page","link":"http:\/\/server3.testwalking.com\/test\/atic-wp\/elementos-estructurantes\/","title":{"rendered":"Elementos estructurantes"},"content":{"rendered":"\t\t<div data-elementor-type=\"wp-page\" data-elementor-id=\"789\" class=\"elementor elementor-789\">\n\t\t\t\t\t\t<section class=\"elementor-section elementor-top-section elementor-element elementor-element-5e01cf6 card-div elementor-section-boxed elementor-section-height-default elementor-section-height-default\" data-id=\"5e01cf6\" data-element_type=\"section\">\n\t\t\t\t\t\t<div class=\"elementor-container elementor-column-gap-default\">\n\t\t\t\t\t<div class=\"elementor-column elementor-col-100 elementor-top-column elementor-element elementor-element-3382134\" data-id=\"3382134\" data-element_type=\"column\">\n\t\t\t<div class=\"elementor-widget-wrap elementor-element-populated\">\n\t\t\t\t\t\t<div class=\"elementor-element elementor-element-fb05d72 elementor-widget elementor-widget-heading\" data-id=\"fb05d72\" data-element_type=\"widget\" data-widget_type=\"heading.default\">\n\t\t\t\t<div class=\"elementor-widget-container\">\n\t\t\t<h2 class=\"elementor-heading-title elementor-size-default\">Elementos estructurantes<\/h2>\t\t<\/div>\n\t\t\t\t<\/div>\n\t\t\t\t<div class=\"elementor-element elementor-element-06405b9 elementor-widget-divider--view-line elementor-widget elementor-widget-divider\" data-id=\"06405b9\" data-element_type=\"widget\" data-widget_type=\"divider.default\">\n\t\t\t\t<div class=\"elementor-widget-container\">\n\t\t\t\t\t<div class=\"elementor-divider\">\n\t\t\t<span class=\"elementor-divider-separator\">\n\t\t\t\t\t\t<\/span>\n\t\t<\/div>\n\t\t\t\t<\/div>\n\t\t\t\t<\/div>\n\t\t\t\t<div class=\"elementor-element elementor-element-10e57bd elementor-widget elementor-widget-text-editor\" data-id=\"10e57bd\" data-element_type=\"widget\" data-widget_type=\"text-editor.default\">\n\t\t\t\t<div class=\"elementor-widget-container\">\n\t\t\t\t\t\t\t<p>Los elementos estructurantes en ATIC derivan de la conceptualizaci\u00f3n interpretativa de los constructos del metaparadigma enfermero, definido por Jacqueline Fawcett en los a\u00f1os 80 del s.XX: persona, salud, entorno y enfermer\u00eda.<\/p><p>La conceptualizaci\u00f3n interpretativa de los constructos del metaparadigma realizada por la Dra. Juv\u00e9-Udina, y publicada en diversos art\u00edculos cient\u00edficos en 2012, plantea una re-conceptualizaci\u00f3n que ilustra la articulaci\u00f3n (estructura) de la terminolog\u00eda y ontolog\u00edas ATIC. A efectos pr\u00e1cticos, el uso de los elementos estructurantes de ATIC en los sistemas de informaci\u00f3n asistenciales, para la representaci\u00f3n del proceso de prestaci\u00f3n de cuidados y sus resultados, permite la agrupaci\u00f3n y facilita la ordenaci\u00f3n y la localizaci\u00f3n de elementos y sus relaciones.<\/p><p>Los elementos estructurantes de ATIC tienen distintos niveles de abstracci\u00f3n y pueden emplearse de forma matricial e incluyen: Dimensiones, Categor\u00edas, Componentes, Metaconceptos y Otros agrupadores secundarios.<\/p>\t\t\t\t\t\t<\/div>\n\t\t\t\t<\/div>\n\t\t\t\t<div class=\"elementor-element elementor-element-b3442da eael-table-align-center eael-dt-th-align-left elementor-widget elementor-widget-eael-data-table\" data-id=\"b3442da\" data-element_type=\"widget\" data-widget_type=\"eael-data-table.default\">\n\t\t\t\t<div class=\"elementor-widget-container\">\n\t\t\t\t\t<div class=\"eael-data-table-wrap\" data-table_id=\"b3442da\" id=\"eael-data-table-wrapper-b3442da\" data-custom_responsive=\"false\">\n\t\t\t<table class=\"tablesorter eael-data-table center\" id=\"eael-data-table-b3442da\">\n\t\t\t    <thead>\n\t\t\t        <tr class=\"table-header\">\n\t\t\t\t\t\t\t\t\t            <th class=\"\" id=\"\" colspan=\"\">\n\t\t\t\t\t\t\t\t\t\t\t\t\t\t<span class=\"data-table-header-text\">Elemento estructurante<\/span><\/th>\n\t\t\t        \t\t\t\t            <th class=\"\" id=\"\" colspan=\"\">\n\t\t\t\t\t\t\t\t\t\t\t\t\t\t<span class=\"data-table-header-text\">Caracter\u00edsticas principales<\/span><\/th>\n\t\t\t        \t\t\t\t            <th class=\"\" id=\"\" colspan=\"\">\n\t\t\t\t\t\t\t\t\t\t\t\t\t\t<span class=\"data-table-header-text\">Denominaci\u00f3n ATIC<\/span><\/th>\n\t\t\t        \t\t\t\t        <\/tr>\n\t\t\t    <\/thead>\n\t\t\t  \t<tbody>\n\t\t\t\t\t\t\t\t\t\t\t<tr>\n\t\t\t\t\t\t\t\t\t\t\t\t\t\t\t\t   \t\t\t\t\t\t\t\t\t\t\t<td colspan=\"\" rowspan=\"\" class=\"\" id=\"\">\n\t\t\t\t\t\t\t\t\t\t\t\t<div class=\"td-content-wrapper\"><div class=\"td-content\"><p>Dimensiones<\/p><\/div><\/div>\n\t\t\t\t\t\t\t\t\t\t\t<\/td>\n\t\t\t\t\t\t\t\t\t\t\t\t\t\t\t\t\t\t\t\t\t\t\t\t\t\t\t\t\t   \t\t\t\t\t\t\t\t\t\t\t<td colspan=\"\" rowspan=\"\" class=\"\" id=\"\">\n\t\t\t\t\t\t\t\t\t\t\t\t<div class=\"td-content-wrapper\"><div class=\"td-content\"><p><strong>Agrupador de alto nivel de abstracci\u00f3n.<\/strong><\/p><p><strong>Configura un dominio (constructo) formado por diversas entidades relacionadas.<\/strong><\/p><p><strong>Las dimensiones son comunes en el eje valoraci\u00f3n y el eje diagn\u00f3stico. <\/strong><\/p><p><strong>El eje intervenci\u00f3n tiene sus propias dimensiones.<\/strong><\/p><\/div><\/div>\n\t\t\t\t\t\t\t\t\t\t\t<\/td>\n\t\t\t\t\t\t\t\t\t\t\t\t\t\t\t\t\t\t\t\t\t\t\t\t\t\t\t\t\t   \t\t\t\t\t\t\t\t\t\t\t<td colspan=\"\" rowspan=\"\" class=\"\" id=\"\">\n\t\t\t\t\t\t\t\t\t\t\t\t<div class=\"td-content-wrapper\"><div class=\"td-content\"><p>Ser f\u00edsico<\/p><p>Ser consciente<\/p><p>Ser aut\u00f3nomo<\/p><p>Intersecciones<\/p><p>Integralidad<\/p><p>Entorno familiar<\/p><p>Entorno social<\/p><p>Entorno natural<\/p><\/div><\/div>\n\t\t\t\t\t\t\t\t\t\t\t<\/td>\n\t\t\t\t\t\t\t\t\t\t\t\t\t\t\t\t\t\t\t\t\t\t\t\t\t\t<\/tr>\n\t\t\t        \t\t\t\t\t\t<tr>\n\t\t\t\t\t\t\t\t\t\t\t\t\t\t\t\t   \t\t\t\t\t\t\t\t\t\t\t<td colspan=\"\" rowspan=\"\" class=\"\" id=\"\">\n\t\t\t\t\t\t\t\t\t\t\t\t<div class=\"td-content-wrapper\"><div class=\"td-content\"><p>Categor\u00edas<\/p><\/div><\/div>\n\t\t\t\t\t\t\t\t\t\t\t<\/td>\n\t\t\t\t\t\t\t\t\t\t\t\t\t\t\t\t\t\t\t\t\t\t\t\t\t\t\t\t\t   \t\t\t\t\t\t\t\t\t\t\t<td colspan=\"\" rowspan=\"\" class=\"\" id=\"\">\n\t\t\t\t\t\t\t\t\t\t\t\t<div class=\"td-content-wrapper\"><div class=\"td-content\"><p><strong>Agrupador de alto nivel de abstracci\u00f3n. <\/strong><\/p><p><strong>Configura un conjunto de tipolog\u00edas abstractas de atributos, que permiten organizar los conceptos b\u00e1sicos.\u00a0 <\/strong><\/p><p><strong>Cada eje tiene sus categor\u00edas.<\/strong><\/p><\/div><\/div>\n\t\t\t\t\t\t\t\t\t\t\t<\/td>\n\t\t\t\t\t\t\t\t\t\t\t\t\t\t\t\t\t\t\t\t\t\t\t\t\t\t\t\t\t   \t\t\t\t\t\t\t\t\t\t\t<td colspan=\"\" rowspan=\"\" class=\"\" id=\"\">\n\t\t\t\t\t\t\t\t\t\t\t\t<div class=\"td-content-wrapper\"><div class=\"td-content\"><p>Desequilibrio de presiones, niveles o vol\u00famenes<\/p><p>Desorganizaci\u00f3n de la actividad, el ritmo o la reactividad<\/p><p>Distorsi\u00f3n perceptual o interpretativa<\/p><p>Emisi\u00f3n, expulsi\u00f3n, p\u00e9rdida o exteriorizaci\u00f3n disruptiva<\/p><p>Esfuerzo, inter\u00e9s o predisposici\u00f3n<\/p><p>(\u2026)<\/p><\/div><\/div>\n\t\t\t\t\t\t\t\t\t\t\t<\/td>\n\t\t\t\t\t\t\t\t\t\t\t\t\t\t\t\t\t\t\t\t\t\t\t\t\t\t<\/tr>\n\t\t\t        \t\t\t\t\t\t<tr>\n\t\t\t\t\t\t\t\t\t\t\t\t\t\t\t\t   \t\t\t\t\t\t\t\t\t\t\t<td colspan=\"\" rowspan=\"\" class=\"\" id=\"\">\n\t\t\t\t\t\t\t\t\t\t\t\t<div class=\"td-content-wrapper\"><div class=\"td-content\"><p>Componentes<\/p><\/div><\/div>\n\t\t\t\t\t\t\t\t\t\t\t<\/td>\n\t\t\t\t\t\t\t\t\t\t\t\t\t\t\t\t\t\t\t\t\t\t\t\t\t\t\t\t\t   \t\t\t\t\t\t\t\t\t\t\t<td colspan=\"\" rowspan=\"\" class=\"\" id=\"\">\n\t\t\t\t\t\t\t\t\t\t\t\t<div class=\"td-content-wrapper\"><div class=\"td-content\"><p><strong>Agrupador de nivel de abstracci\u00f3n alto-intermedio. <\/strong><\/p><p><strong>Compartido en los tres ejes principales de ATIC<\/strong><\/p><p><strong>Incluye entidades (partes) de las distintas dimensiones. <\/strong><\/p><\/div><\/div>\n\t\t\t\t\t\t\t\t\t\t\t<\/td>\n\t\t\t\t\t\t\t\t\t\t\t\t\t\t\t\t\t\t\t\t\t\t\t\t\t\t\t\t\t   \t\t\t\t\t\t\t\t\t\t\t<td colspan=\"\" rowspan=\"\" class=\"\" id=\"\">\n\t\t\t\t\t\t\t\t\t\t\t\t<div class=\"td-content-wrapper\"><div class=\"td-content\"><p>Adaptativo emocional<\/p><p>Autocuidado<\/p><p>Autoconceptual<\/p><p>Autodeterminaci\u00f3n<\/p><p>Cardiocirculatorio<\/p><p>Desarrollo<\/p><p>Digestivo<\/p><p>Dom\u00e9stico<\/p><p>Espiritual<\/p><p>Homeost\u00e1tico excretor<\/p><p>Inmunohematol\u00f3gico<\/p><p>Interaccional<\/p><p>Locomotor<\/p><p>Multicomponente<\/p><p>Multisist\u00e9mico<\/p><p>Neurocomportamental<\/p><p>Neurocognitivo<\/p><p>Neuromotor<\/p><p>Neurorregulador<\/p><p>Nutricional metab\u00f3lico<\/p><p>Reproductor<\/p><p>Respiratorio<\/p><p>Sensoperceptual<\/p><p>Tegumentario<\/p><p>(\u2026)<\/p><\/div><\/div>\n\t\t\t\t\t\t\t\t\t\t\t<\/td>\n\t\t\t\t\t\t\t\t\t\t\t\t\t\t\t\t\t\t\t\t\t\t\t\t\t\t<\/tr>\n\t\t\t        \t\t\t\t\t\t<tr>\n\t\t\t\t\t\t\t\t\t\t\t\t\t\t\t\t   \t\t\t\t\t\t\t\t\t\t\t<td colspan=\"\" rowspan=\"\" class=\"\" id=\"\">\n\t\t\t\t\t\t\t\t\t\t\t\t<div class=\"td-content-wrapper\"><div class=\"td-content\"><p>Metaconceptos<\/p><\/div><\/div>\n\t\t\t\t\t\t\t\t\t\t\t<\/td>\n\t\t\t\t\t\t\t\t\t\t\t\t\t\t\t\t\t\t\t\t\t\t\t\t\t\t\t\t\t   \t\t\t\t\t\t\t\t\t\t\t<td colspan=\"\" rowspan=\"\" class=\"\" id=\"\">\n\t\t\t\t\t\t\t\t\t\t\t\t<div class=\"td-content-wrapper\"><div class=\"td-content\"><p><strong>Constructos agrupadores de abstracci\u00f3n alta-intermedia.<\/strong><\/p><p><strong>Empleados para tipificar campos conceptuales o tem\u00e1ticas. <\/strong><\/p><p><strong>Pueden actuar como nodos de conocimiento enfermero y puntos de enlace entre distintos sistemas terminol\u00f3gicos o lenguajes estandarizados.<\/strong><\/p><p><strong>Pueden actuar como nodos de conocimiento interdisciplinar y puntos de enlace con clasificaciones o vocabularios de referencia de otras disciplinas.<\/strong><\/p><\/div><\/div>\n\t\t\t\t\t\t\t\t\t\t\t<\/td>\n\t\t\t\t\t\t\t\t\t\t\t\t\t\t\t\t\t\t\t\t\t\t\t\t\t\t\t\t\t   \t\t\t\t\t\t\t\t\t\t\t<td colspan=\"\" rowspan=\"\" class=\"\" id=\"\">\n\t\t\t\t\t\t\t\t\t\t\t\t<div class=\"td-content-wrapper\"><div class=\"td-content\"><p>Actividades de la vida diaria<\/p><p>Adaptaci\u00f3n a la vida extrauterina<\/p><p>Adherencia<\/p><p>Autoconcepto<\/p><p>Cinestesia<\/p><p>Comunicaci\u00f3n<\/p><p>Conductas lesivas<\/p><p>Conductas saludables<\/p><p>Dolor<\/p><p>Embarazo<\/p><p>Energ\u00eda vital<\/p><p>Equilibrio acidob\u00e1sico<\/p><p>Equilibrio hidroelectrol\u00edtico<\/p><p>Estado de \u00e1nimo<\/p><p>Estado general<\/p><p>Estado mental<\/p><p>Estr\u00e9s<\/p><p>(\u2026)<\/p><p>Tareas de afrontamiento<\/p><p>Tareas de desarrollo<\/p><p>Termorregulaci\u00f3n<\/p><p>Valores<\/p><p>Ventilaci\u00f3n<\/p><p>Voluntad<\/p><\/div><\/div>\n\t\t\t\t\t\t\t\t\t\t\t<\/td>\n\t\t\t\t\t\t\t\t\t\t\t\t\t\t\t\t\t\t\t\t\t\t\t\t\t\t<\/tr>\n\t\t\t        \t\t\t    <\/tbody>\n\t\t\t<\/table>\n\t\t<\/div>\n\t  \t\t\t<\/div>\n\t\t\t\t<\/div>\n\t\t\t\t\t<\/div>\n\t\t<\/div>\n\t\t\t\t\t<\/div>\n\t\t<\/section>\n\t\t\t\t<\/div>\n\t\t","protected":false},"excerpt":{"rendered":"<p>Elementos estructurantes Los elementos estructurantes en ATIC derivan de la conceptualizaci\u00f3n interpretativa de los constructos del metaparadigma enfermero, definido por Jacqueline Fawcett en los a\u00f1os 80 del s.XX: persona, salud, entorno y enfermer\u00eda. La conceptualizaci\u00f3n interpretativa de los constructos del metaparadigma realizada por la Dra. Juv\u00e9-Udina, y publicada en diversos art\u00edculos cient\u00edficos en 2012, plantea<\/p>\n<footer class=\"entry-footer index-entry\">\n<div class=\"post-social pull-left\"><a href=\"https:\/\/www.facebook.com\/sharer\/sharer.php?u=http%3A%2F%2Fserver3.testwalking.com%2Ftest%2Fatic-wp%2Felementos-estructurantes%2F\" target=\"_blank\" class=\"social-icons\"><i class=\"fa fa-facebook\" aria-hidden=\"true\"><\/i><\/a><a href=\"https:\/\/twitter.com\/home?status=http%3A%2F%2Fserver3.testwalking.com%2Ftest%2Fatic-wp%2Felementos-estructurantes%2F\" target=\"_blank\" class=\"social-icons\"><i class=\"fa fa-twitter\" aria-hidden=\"true\"><\/i><\/a><a href=\"https:\/\/www.linkedin.com\/shareArticle?mini=true&#038;url=http%3A%2F%2Fserver3.testwalking.com%2Ftest%2Fatic-wp%2Felementos-estructurantes%2F&#038;title=Elementos+estructurantes\" target=\"_blank\" class=\"social-icons\"><i class=\"fa fa-linkedin\" aria-hidden=\"true\"><\/i><\/a><\/div>\n<p class=\"link-more\"><a href=\"http:\/\/server3.testwalking.com\/test\/atic-wp\/elementos-estructurantes\/\" class=\"more-link\">Continue reading <span class=\"meta-nav\">\u2192<\/span><\/a><\/p>\n<\/footer>\n","protected":false},"author":1,"featured_media":0,"parent":0,"menu_order":0,"comment_status":"closed","ping_status":"closed","template":"","meta":{"footnotes":""},"acf":[],"_links":{"self":[{"href":"http:\/\/server3.testwalking.com\/test\/atic-wp\/wp-json\/wp\/v2\/pages\/789"}],"collection":[{"href":"http:\/\/server3.testwalking.com\/test\/atic-wp\/wp-json\/wp\/v2\/pages"}],"about":[{"href":"http:\/\/server3.testwalking.com\/test\/atic-wp\/wp-json\/wp\/v2\/types\/page"}],"author":[{"embeddable":true,"href":"http:\/\/server3.testwalking.com\/test\/atic-wp\/wp-json\/wp\/v2\/users\/1"}],"replies":[{"embeddable":true,"href":"http:\/\/server3.testwalking.com\/test\/atic-wp\/wp-json\/wp\/v2\/comments?post=789"}],"version-history":[{"count":7,"href":"http:\/\/server3.testwalking.com\/test\/atic-wp\/wp-json\/wp\/v2\/pages\/789\/revisions"}],"predecessor-version":[{"id":810,"href":"http:\/\/server3.testwalking.com\/test\/atic-wp\/wp-json\/wp\/v2\/pages\/789\/revisions\/810"}],"wp:attachment":[{"href":"http:\/\/server3.testwalking.com\/test\/atic-wp\/wp-json\/wp\/v2\/media?parent=789"}],"curies":[{"name":"wp","href":"https:\/\/api.w.org\/{rel}","templated":true}]}}