{"id":455,"date":"2021-08-11T19:23:36","date_gmt":"2021-08-11T19:23:36","guid":{"rendered":"http:\/\/server3.testwalking.com\/test\/atic-wp\/?page_id=455"},"modified":"2024-04-05T16:27:58","modified_gmt":"2024-04-05T16:27:58","slug":"avis-legal","status":"publish","type":"page","link":"http:\/\/server3.testwalking.com\/test\/atic-wp\/avis-legal\/","title":{"rendered":"Av\u00eds legal"},"content":{"rendered":"\t\t<div data-elementor-type=\"wp-page\" data-elementor-id=\"455\" class=\"elementor elementor-455\">\n\t\t\t\t\t\t<section class=\"elementor-section elementor-top-section elementor-element elementor-element-846b787 card-div elementor-section-boxed elementor-section-height-default elementor-section-height-default\" data-id=\"846b787\" data-element_type=\"section\">\n\t\t\t\t\t\t<div class=\"elementor-container elementor-column-gap-default\">\n\t\t\t\t\t<div class=\"elementor-column elementor-col-100 elementor-top-column elementor-element elementor-element-2175e7c\" data-id=\"2175e7c\" data-element_type=\"column\">\n\t\t\t<div class=\"elementor-widget-wrap elementor-element-populated\">\n\t\t\t\t\t\t<div class=\"elementor-element elementor-element-503219e elementor-widget elementor-widget-heading\" data-id=\"503219e\" data-element_type=\"widget\" data-widget_type=\"heading.default\">\n\t\t\t\t<div class=\"elementor-widget-container\">\n\t\t\t<h2 class=\"elementor-heading-title elementor-size-default\">Av\u00eds legal<\/h2>\t\t<\/div>\n\t\t\t\t<\/div>\n\t\t\t\t<div class=\"elementor-element elementor-element-693a5aa elementor-widget-divider--view-line elementor-widget elementor-widget-divider\" data-id=\"693a5aa\" data-element_type=\"widget\" data-widget_type=\"divider.default\">\n\t\t\t\t<div class=\"elementor-widget-container\">\n\t\t\t\t\t<div class=\"elementor-divider\">\n\t\t\t<span class=\"elementor-divider-separator\">\n\t\t\t\t\t\t<\/span>\n\t\t<\/div>\n\t\t\t\t<\/div>\n\t\t\t\t<\/div>\n\t\t\t\t<div class=\"elementor-element elementor-element-3a335af elementor-widget elementor-widget-text-editor\" data-id=\"3a335af\" data-element_type=\"widget\" data-widget_type=\"text-editor.default\">\n\t\t\t\t<div class=\"elementor-widget-container\">\n\t\t\t\t\t\t\t<p>Aquest apartat de consideracions legals (d&#8217;ara endavant, l'&#8221;Av\u00eds Legal&#8221;) regula l&#8217;\u00fas del servei del portal d&#8217;Internet \u201c<a class=\"external-link\" href=\"http:\/\/server3.testwalking.com\/test\/atic-wp\/\" rel=\"nofollow\">http:\/\/server3.testwalking.com\/test\/atic-wp\/<\/a>\u201d expressa que els usuaris acceptin els termes i condicions referits en aquest av\u00eds legal.<\/p><p>L&#8217;autora i Peoplewalking es reserven el dret de canviar els termes i condicions en qualsevol moment, i l&#8217;usuari es obliga a consultar la versi\u00f3 m\u00e9s actual d&#8217;aquest av\u00eds legal (i no una versi\u00f3 antiga en cach\u00e9) cada vegada que consulti aquest lloc web.<\/p><p>No utilitzeu aquestes p\u00e0gines si no esteu d&#8217;acord amb els seg\u00fcents termes i condicions.<\/p><p>Segons el disposat en la Llei de Propietat Intel\u00b7lectual (RD Legislatiu 1\/1996, de 12 d&#8217;abril) ATIC queda inscrit en el Registre els drets de propietat intel\u00b7lectual amb n\u00famero d&#8217;assentament registral 02\/2014\/2885, com a obra cient\u00edfica. ATIC est\u00e0 legalment protegit pels drets de propietat intel\u00b7lectual. Qualsevol \u00fas fora dels l\u00edmits establerts per la legislaci\u00f3 vigent, sense el consentiment de l&#8217;autora \u00e9s il\u00b7legal.<\/p><p>No es requereix perm\u00eds expl\u00edcit d&#8217;\u00fas de la terminologia ATIC per a la doc\u00e8ncia o la recerca infermera o multidisciplin\u00e0ria, SENSE fins comercials o lucratiu. Aquells autors que tinguin inter\u00e8s a incloure parts d&#8217;ATIC en els seus llibres de text, manuals, materials audiovisuals o altres obres o publicacions hauran de comunicar-ho a l&#8217;autora i a Peoplewalking per a la seva autoritzaci\u00f3.<\/p><p>L&#8217;\u00fas d&#8217;ATIC en plataformes, aplicacions o sistemes d&#8217;informaci\u00f3 assistencials, de gesti\u00f3 assistencial, docents etc, requereix l&#8217;establiment d&#8217;un conveni o la contractaci\u00f3 de llic\u00e8ncies, segons correspongui, dirigint la seva sol\u00b7licitud a Peoplewalking.<\/p><p>La informaci\u00f3 continguda en aquest web \u00e9s propietat i ha estat elaborada per l&#8217;autora. El seu objecte \u00e9s proporcionar informaci\u00f3 d&#8217;ATIC, productes i serveis relacionats amb aquest camp, aix\u00ed com acc\u00e9s a fonts d&#8217;informaci\u00f3, de manera que no pot substituir, ni total ni parcialment, la valoraci\u00f3 de cada persona atesa ni el judici cl\u00ednic derivat que realitzi cada infermer\/a, aix\u00ed com les cures que estiguin indicades.<\/p><p>Si vost\u00e8 no \u00e9s un professional de la salut, recomanem que es posi en contacte amb un infermer\/a o un altre professional, si creu que pot necessitar ajuda per millorar o mantenir el seu estat de salut.<\/p><p>L&#8217;autora i Peoplewalking han realitzat un esfor\u00e7 considerable per publicar informaci\u00f3 precisa, fiable i actualitzada; no obstant aix\u00f2, no garanteixen ni es responsabilitzen dels possibles errors de transcripci\u00f3, lectura i interpretaci\u00f3 del contingut d&#8217;aquest lloc web ni assumeixen responsabilitat alguna pel \u00fas o aplicaci\u00f3 respecte de la informaci\u00f3 publicada en aquest lloc web, aix\u00ed com per errors, omissions o discrep\u00e0ncies amb altres publicacions.<\/p><p>Els llocs web enlla\u00e7ats des del lloc web <a class=\"external-link\" href=\"http:\/\/server3.testwalking.com\/test\/atic-wp\/\" rel=\"nofollow\">http:\/\/server3.testwalking.com\/test\/atic-wp\/<\/a> s\u00f3n, \u00f2bviament, propietat d&#8217;altres entitats, i no estan sota el control o la supervisi\u00f3 de l&#8217;autora ni de Peoplewalking per conseg\u00fcent, aquests no s\u00f3n responsables de la informaci\u00f3, les opinions o la qualitat dels productes i serveis continguts o anunciats en aquests llocs enlla\u00e7ats.<\/p><p>El simple \u00fas o obertura d&#8217;aquest lloc web, s&#8217;entendr\u00e0 com el seu acord, acceptaci\u00f3 i reconeixement als termes que aqu\u00ed s&#8217;estableixen. Vost\u00e8 expressament allibera de totes i qualssevol responsabilitats derivades de l&#8217;\u00fas d&#8217;aquest lloc web i de la informaci\u00f3 continguda en el mateix. No utilitzi aquest lloc web si no est\u00e0 d&#8217;acord amb aquests termes.<\/p><p><b>Av\u00eds sobre Responsabilitats<\/b><\/p><p>La Infermeria \u00e9s una disciplina cient\u00edfica amb aplicaci\u00f3 pr\u00e0ctica en l&#8217;\u00e0mbit sanitari i social, que es nodreix dels aven\u00e7os de la recerca, la innovaci\u00f3 i la pr\u00e0ctica disciplin\u00e0ria i multidisciplin\u00e0ria.<\/p><p>\u00c9s responsabilitat de cada infermer\/a (o un altre professional que desitgi con\u00e8ixer o emprar ATIC), el correcte \u00fas i interpretaci\u00f3 del contingut d&#8217;aquesta web per garantir la seguretat del proc\u00e9s de prestaci\u00f3 de cures a les persones que atenen. L&#8217;autora i Peoplewalking no es fan responsables de les decisions, actes o conseq\u00fc\u00e8ncies generades per l&#8217;\u00fas o la interpretaci\u00f3 que cada professional realitzi d&#8217;aquests continguts.<\/p><p>Recomanem a tots els professionals mantenir-se al dia sobre les normatives legals, regulacions professionals i est\u00e0ndards de la pr\u00e0ctica establerts en cada pa\u00eds, Estat i\/o regi\u00f3.<\/p><p>L&#8217;exercici professional ha de ser per definici\u00f3 aut\u00f2nom, responsable i informat. El coneixement, el sentit com\u00fa, l&#8217;evid\u00e8ncia cient\u00edfica, les prefer\u00e8ncies de les persones ateses, els codis d&#8217;\u00e8tica professional i les bones pr\u00e0ctiques han d&#8217;orientar les decisions cl\u00edniques i la prestaci\u00f3 de serveis als beneficiaris dels serveis sanitaris i sociosanitaris.<\/p><p><b>Av\u00eds sobre Sensibilitats, Protecci\u00f3 de menors i persones fr\u00e0gils<\/b><\/p><p>Aquest lloc web cont\u00e9 informaci\u00f3 dirigida a professionals de les ci\u00e8ncies de la salut, principalment infermers i infermeres. Cont\u00e9 informaci\u00f3 i imatges que poden ferir la sensibilitat de persones no formades en aquestes \u00e0rees de coneixement.<\/p><p>Si vost\u00e8 no \u00e9s professional de la salut, i t\u00e9 dubtes sobre el seu estat, proc\u00e9s de salut o malaltia, consulti a un infermer\/a, metge\/a o un altre professional sanitari.<\/p><p>No mostri imatges o continguts a menors d&#8217;edat ni a persones en situacions de fragilitat o especialment vulnerables. \u00c9s responsabilitat de l&#8217;usuari d&#8217;aquesta p\u00e0gina web l&#8217;\u00fas correcte i apropiat dels seus continguts, incloses les imatges.<\/p><p><b>Declaraci\u00f3 d&#8217;abs\u00e8ncia de conflicte d&#8217;interessos<\/b><\/p><p>Aquest lloc web pot contenir marques, noms, dissenys, signes distintius. Les marques i noms comercials es citen a mode d&#8217;exemple, principalment en els continguts de l&#8217;eix &#8220;Productes, medicaments, aliments i subst\u00e0ncies&#8221;. Aquesta informaci\u00f3 s&#8217;afegeix \u00fanicament per facilitar als professionals que consulten aquesta web, exemples de possibles equival\u00e8ncies entre gen\u00e8rics i productes o medicaments amb marca registrada. No existeix conflicte d&#8217;interessos per part de Peoplewalking ni per part de l&#8217;autora d&#8217;ATIC en aquest sentit. Aquesta informaci\u00f3 s&#8217;afegeix amb objecte de facilitaci\u00f3 i clarificaci\u00f3 addicional i no t\u00e9 ni pret\u00e9n cap altre inter\u00e8s.<\/p><p>En refer\u00e8ncia a les equival\u00e8ncies dels conceptes diagn\u00f2stics d&#8217;ATIC amb la Classificaci\u00f3 Internacional de Malalties de l&#8217;Organitzaci\u00f3 Mundial de la Salut, s&#8217;afegeix a efectes acad\u00e8mics i informatius per facilitar als prove\u00efdors de salut les equival\u00e8ncies conceptuals proposades des d&#8217;ATIC a aquest sistema de Classificaci\u00f3. \u00c9s un mapeig unidireccional d&#8217;ATIC a CIE-10.<\/p><p>L&#8217;\u00fas d&#8217;aquesta classificaci\u00f3 internacional requereix l&#8217;autoritzaci\u00f3 dels propietaris del copyright i est\u00e0 subjecte als acords de l&#8217;Organitzaci\u00f3 Mundial de la Salut a nivell governamental en cada pa\u00eds, Estat o Regi\u00f3.<\/p><p><b>Acc\u00e9s a l&#8217;\u00e0rea privada<\/b><\/p><p>L&#8217;acc\u00e9s a l&#8217;\u00e0rea privada d&#8217;aquest lloc web requereix disposar de l&#8217;usuari i contrasenya proporcionat per Peoplewalking. Els usuaris amb acc\u00e9s privat es comprometen a fer un bon \u00fas del mateix, segons l&#8217;estipulat en el contracte de llic\u00e8ncia.<\/p><p>POL\u00cdTICA DE PRIVACITAT Qui \u00e9s el responsable del tractament de les seves dades personals?<\/p><p>El responsable del tractament de les dades ser\u00e0 el titular del domini de la web atic.peoplewalking.com, correspon a Peoplewalking, S.L. , Carrer Val\u00e8ncia 245, \u00c0tic 1a, 08007 Barcelona (Barcelona), (d&#8217;ara endavant \u00abPEOPLEWALKING\u00bb o \u00abl&#8217;Entitat\u00bb). Per a l&#8217;adequada gesti\u00f3 en el tractament de les seves dades personals, PEOPLEWALKING t\u00e9 designat un Delegat de Protecci\u00f3 de dades davant el qual podr\u00e0 acudir per resoldre qualsevol q\u00fcesti\u00f3 que precis, podent contactar a trav\u00e9s del correu electr\u00f2nic info@peoplewalking.com<\/p><p>Amb quines finalitats es tracten les seves dades personals?<\/p><p>A PEOPLEWALKING podem tractar les dades personals recaptades per a la seg\u00fcent finalitat:<\/p><p>1.Contacte: gestionar les dades dels usuaris que contacten amb PEOPLEWALKING a trav\u00e9s del formulari de contacte que l&#8217;Entitat posa a disposici\u00f3 de l&#8217;usuari. Aix\u00ed mateix, les seves dades seran tractades amb la finalitat de gestionar les consultes que vost\u00e8 ens faci arribar a trav\u00e9s dels canals habilitats per a tal efecte en la nostra p\u00e0gina web.<\/p><p>Les dades tractades provenen de:<\/p><p>Dades facilitades per vost\u00e8, a trav\u00e9s de la complimentaci\u00f3 dels formularis per a tal efecte habilitats. Dades derivades de la prestaci\u00f3 del servei: de forma indirecta, al derivar de la pr\u00f2pia prestaci\u00f3 del servei i del manteniment d&#8217;aquesta activitat. Dins d&#8217;aquesta categoria s&#8217;inclouen les dades de navegaci\u00f3 a trav\u00e9s de la p\u00e0gina web. Dades obtingudes d&#8217;estudis de m\u00e0rqueting.<\/p><p>En funci\u00f3 del servei, les dades tractades abasten la seg\u00fcent tipologia:<\/p><p>Dades identificatives (p. ex., nom, cognoms, document d&#8217;identitat, adre\u00e7a postal correu electr\u00f2nic, n\u00famero de tel\u00e8fon). Dades d&#8217;informaci\u00f3 comercial (p. ex. interessos en determinades seccions de la nostra web).<\/p><p>Quina \u00e9s la legitimaci\u00f3 legal per al tractament de les seves dades?<\/p><p>Fem \u00fas de les seves dades per:<\/p><p>Donar resposta a les seves sol\u00b7licituds .<\/p><p>A qui es comuniquen les seves dades?<\/p><p>Les dades personals tractades per PEOPLEWALKING per assolir les finalitats detallades anteriorment podran ser comunicades als seg\u00fcents destinataris en funci\u00f3 de la base legitimadora de la comunicaci\u00f3. En virtut de l&#8217;anterior, les seg\u00fcents comunicacions de dades persegueixen garantir el correcte desenvolupament de la relaci\u00f3 contractual i\/o comercial i donar compliment a obligacions legals de PEOPLEWALKING.<\/p><p>Per quant de temps conservarem les seves dades?<\/p><p>Les dades personals seran conservades el temps necessari per a la prestaci\u00f3 del servei o mentre no retiri el seu consentiment. Posteriorment, les dades seran suprimides conforme al que disposa la normativa de protecci\u00f3 de dades la qual implica el seu bloqueig, estant disponibles tan sols a sol\u00b7licitud de Jutges i tribunals, el Ministeri Fiscal o les Administracions P\u00fabliques competents durant el termini de prescripci\u00f3 de les accions que poguessin derivar i, transcorregut aquest, la seva completa eliminaci\u00f3.<\/p><p>Quins s\u00f3n els seus drets?<\/p><p>Qualsevol interessat t\u00e9 dret a obtenir confirmaci\u00f3 sobre si a PEOPLEWALKING estem tractant dades personals que els concerneixen, o no. Del mateix mode, tal com queda previst en el Reglament General de Protecci\u00f3 de Dades, vost\u00e8 t\u00e9 els seg\u00fcents drets:<\/p><p>Accedir a les seves dades: t\u00e9 dret a accedir a les seves dades per con\u00e8ixer quines dades personals estem tractant que li concerneixen. Sol\u00b7licitar la rectificaci\u00f3 o supressi\u00f3 de les seves dades: en determinades circumst\u00e0ncies, vost\u00e8 t\u00e9 dret a rectificar aquelles dades personals que consideri inexactes i que li concerneixen, i que siguin objecte de tractament per part de PEOPLEWALKING o fins i tot, a sol\u00b7licitar la seva supressi\u00f3 quan, entre altres motius, les dades ja no fossin necess\u00e0ries per als fins que van ser recollits. Sol\u00b7licitar la limitaci\u00f3 del tractament de les seves dades: en determinades circumst\u00e0ncies, vost\u00e8 tindr\u00e0 dret a sol\u00b7licitar-nos la limitaci\u00f3 del tractament de les seves dades, en aquest cas li informem que \u00fanicament els conservarem per a l&#8217;exercici o defensa de reclamacions tal com queda previst en el Reglament General de Protecci\u00f3 de Dades. A la portabilitat de les seves dades: en determinades circumst\u00e0ncies, vost\u00e8 tindr\u00e0 dret a rebre les dades personals que li incumbin, i que ens hagi facilitat, en un format estructurat d&#8217;\u00fas com\u00fa i lectura mec\u00e0nica, i a transmetre&#8217;ls a un altre responsable del tractament. Oposar-se al tractament de les seves dades: en determinades circumst\u00e0ncies i per motius relacionats amb la seva situaci\u00f3 particular, vost\u00e8 tindr\u00e0 dret a oposar-se al tractament de les seves dades en aquest cas, deixar\u00edem de tractar-les llevat que, per motius leg\u00edtims imperiosos, o l&#8217;exercici o la defensa de possibles reclamacions.<\/p><p>Vost\u00e8 t\u00e9 dret, en qualsevol moment, a retirar qualsevol dels seus consentiments, sense que aix\u00f2 afecti a la licitud del tractament basat en el consentiment previ a la seva retirada. Podr\u00e0 exercir els drets anteriorment descrits, mitjan\u00e7ant correu a l&#8217;adre\u00e7a info@peoplewalking.com. Finalment, li indiquem que pot presentar una reclamaci\u00f3 davant l&#8217;Ag\u00e8ncia Espanyola de Protecci\u00f3 de Dades, especialment quan no hagi obtingut satisfacci\u00f3 en l&#8217;exercici dels seus drets. Pot posar-se en contacte a trav\u00e9s de la seva p\u00e0gina web: <a class=\"external-link\" href=\"http:\/\/www.agpd.es\/\" rel=\"nofollow\">www.agpd.es<\/a>.<\/p>\t\t\t\t\t\t<\/div>\n\t\t\t\t<\/div>\n\t\t\t\t\t<\/div>\n\t\t<\/div>\n\t\t\t\t\t<\/div>\n\t\t<\/section>\n\t\t\t\t<\/div>\n\t\t","protected":false},"excerpt":{"rendered":"<p>Av\u00eds legal Aquest apartat de consideracions legals (d&#8217;ara endavant, l&#8217;&#8221;Av\u00eds Legal&#8221;) regula l&#8217;\u00fas del servei del portal d&#8217;Internet \u201chttp:\/\/server3.testwalking.com\/test\/atic-wp\/\u201d expressa que els usuaris acceptin els termes i condicions referits en aquest av\u00eds legal. L&#8217;autora i Peoplewalking es reserven el dret de canviar els termes i condicions en qualsevol moment, i l&#8217;usuari es obliga a consultar<\/p>\n<footer class=\"entry-footer index-entry\">\n<div class=\"post-social pull-left\"><a href=\"https:\/\/www.facebook.com\/sharer\/sharer.php?u=http%3A%2F%2Fserver3.testwalking.com%2Ftest%2Fatic-wp%2Favis-legal%2F\" target=\"_blank\" class=\"social-icons\"><i class=\"fa fa-facebook\" aria-hidden=\"true\"><\/i><\/a><a href=\"https:\/\/twitter.com\/home?status=http%3A%2F%2Fserver3.testwalking.com%2Ftest%2Fatic-wp%2Favis-legal%2F\" target=\"_blank\" class=\"social-icons\"><i class=\"fa fa-twitter\" aria-hidden=\"true\"><\/i><\/a><a href=\"https:\/\/www.linkedin.com\/shareArticle?mini=true&#038;url=http%3A%2F%2Fserver3.testwalking.com%2Ftest%2Fatic-wp%2Favis-legal%2F&#038;title=Av%C3%ADs+legal\" target=\"_blank\" class=\"social-icons\"><i class=\"fa fa-linkedin\" aria-hidden=\"true\"><\/i><\/a><\/div>\n<p class=\"link-more\"><a href=\"http:\/\/server3.testwalking.com\/test\/atic-wp\/avis-legal\/\" class=\"more-link\">Continue reading <span class=\"meta-nav\">\u2192<\/span><\/a><\/p>\n<\/footer>\n","protected":false},"author":1,"featured_media":0,"parent":0,"menu_order":0,"comment_status":"closed","ping_status":"closed","template":"","meta":{"footnotes":""},"acf":[],"_links":{"self":[{"href":"http:\/\/server3.testwalking.com\/test\/atic-wp\/wp-json\/wp\/v2\/pages\/455"}],"collection":[{"href":"http:\/\/server3.testwalking.com\/test\/atic-wp\/wp-json\/wp\/v2\/pages"}],"about":[{"href":"http:\/\/server3.testwalking.com\/test\/atic-wp\/wp-json\/wp\/v2\/types\/page"}],"author":[{"embeddable":true,"href":"http:\/\/server3.testwalking.com\/test\/atic-wp\/wp-json\/wp\/v2\/users\/1"}],"replies":[{"embeddable":true,"href":"http:\/\/server3.testwalking.com\/test\/atic-wp\/wp-json\/wp\/v2\/comments?post=455"}],"version-history":[{"count":10,"href":"http:\/\/server3.testwalking.com\/test\/atic-wp\/wp-json\/wp\/v2\/pages\/455\/revisions"}],"predecessor-version":[{"id":1553,"href":"http:\/\/server3.testwalking.com\/test\/atic-wp\/wp-json\/wp\/v2\/pages\/455\/revisions\/1553"}],"wp:attachment":[{"href":"http:\/\/server3.testwalking.com\/test\/atic-wp\/wp-json\/wp\/v2\/media?parent=455"}],"curies":[{"name":"wp","href":"https:\/\/api.w.org\/{rel}","templated":true}]}}