{"id":447,"date":"2021-08-11T19:17:58","date_gmt":"2021-08-11T19:17:58","guid":{"rendered":"http:\/\/server3.testwalking.com\/test\/atic-wp\/?page_id=447"},"modified":"2022-10-21T15:15:33","modified_gmt":"2022-10-21T15:15:33","slug":"aviso-legal","status":"publish","type":"page","link":"http:\/\/server3.testwalking.com\/test\/atic-wp\/aviso-legal\/","title":{"rendered":"Aviso legal"},"content":{"rendered":"\t\t<div data-elementor-type=\"wp-page\" data-elementor-id=\"447\" class=\"elementor elementor-447\">\n\t\t\t\t\t\t<section class=\"elementor-section elementor-top-section elementor-element elementor-element-846b787 card-div elementor-section-boxed elementor-section-height-default elementor-section-height-default\" data-id=\"846b787\" data-element_type=\"section\">\n\t\t\t\t\t\t<div class=\"elementor-container elementor-column-gap-default\">\n\t\t\t\t\t<div class=\"elementor-column elementor-col-100 elementor-top-column elementor-element elementor-element-2175e7c\" data-id=\"2175e7c\" data-element_type=\"column\">\n\t\t\t<div class=\"elementor-widget-wrap elementor-element-populated\">\n\t\t\t\t\t\t<div class=\"elementor-element elementor-element-503219e elementor-widget elementor-widget-heading\" data-id=\"503219e\" data-element_type=\"widget\" data-widget_type=\"heading.default\">\n\t\t\t\t<div class=\"elementor-widget-container\">\n\t\t\t<h2 class=\"elementor-heading-title elementor-size-default\">Aviso legal <\/h2>\t\t<\/div>\n\t\t\t\t<\/div>\n\t\t\t\t<div class=\"elementor-element elementor-element-693a5aa elementor-widget-divider--view-line elementor-widget elementor-widget-divider\" data-id=\"693a5aa\" data-element_type=\"widget\" data-widget_type=\"divider.default\">\n\t\t\t\t<div class=\"elementor-widget-container\">\n\t\t\t\t\t<div class=\"elementor-divider\">\n\t\t\t<span class=\"elementor-divider-separator\">\n\t\t\t\t\t\t<\/span>\n\t\t<\/div>\n\t\t\t\t<\/div>\n\t\t\t\t<\/div>\n\t\t\t\t<div class=\"elementor-element elementor-element-3a335af elementor-widget elementor-widget-text-editor\" data-id=\"3a335af\" data-element_type=\"widget\" data-widget_type=\"text-editor.default\">\n\t\t\t\t<div class=\"elementor-widget-container\">\n\t\t\t\t\t\t\t<p>El presente apartado de consideraciones legales (en adelante, el &#8220;<strong>Aviso Legal<\/strong>&#8220;) regula el uso del servicio del portal de Internet &#8220;http:\/\/server3.testwalking.com\/test\/atic-wp\/<strong>\u00a0&#8220;<\/strong>\u00a0expresa de que los usuarios acepten los t\u00e9rminos y condiciones referidas en este aviso legal.<\/p><p>La autora y Peoplewalking se reservan el derecho de cambiar los t\u00e9rminos y condiciones en cualquier momento, y el usuario se obliga a consultar la versi\u00f3n m\u00e1s actual de este aviso legal (y no una versi\u00f3n antigua en cach\u00e9) cada vez que consulte este sitio web.<\/p><p>No use estas p\u00e1ginas si no est\u00e1 de acuerdo con los siguientes t\u00e9rminos y condiciones.<\/p><p>Seg\u00fan lo dispuesto en la Ley de Propiedad Intelectual (RD Legislativo 1\/1996, de 12 de abril) ATIC queda inscrito en el Registro los derechos de propiedad intelectual con\u00a0n\u00famero de asiento registral 02\/2014\/2885, como obra cient\u00edfica.\u00a0ATIC est\u00e1n legalmente protegido por los derechos de propiedad intelectual. Cualquier uso fuera de los l\u00edmites establecidos por la legislaci\u00f3n vigente, sin el consentimiento de la autora es ilegal.<\/p><p>No se requiere permiso expl\u00edcito de uso de la terminolog\u00eda ATIC para la docencia o la investigaci\u00f3n enfermera o multidisciplinar, SIN fines comerciales o lucrativo. Aquellos autores que tengan inter\u00e9s en incluir partes de ATIC en sus libros de texto, manuales, materiales audiovisuales u otras obras o publicaciones deber\u00e1n comunicarlo a la autora y a Peoplewalking para su autorizaci\u00f3n.<\/p><p>El uso de ATIC en plataformas, aplicaciones o sistemas de informaci\u00f3n asistenciales, de gesti\u00f3n asistencial, docentes etc, requiere el establecimiento de un convenio o la contrataci\u00f3n de licencias, seg\u00fan proceda, dirigiendo su solicitud a Peoplewalking.<\/p><p>La informaci\u00f3n contenida en esta web es propiedad y ha sido elaborada por la autora. Su objeto es proporcionar informaci\u00f3n de ATIC, productos y servicios relacionados con dicho campo, as\u00ed como acceso a fuentes de informaci\u00f3n, por lo que no puede sustituir, ni total ni parcialmente, la valoraci\u00f3n de cada persona atendida ni el juicio cl\u00ednico derivado que realice cada enfermero\/a, as\u00ed como los cuidados que est\u00e9n indicados.<\/p><p>Si usted no es un profesional de la salud, recomendamos que se ponga en contacto con un enfermero\/a u otro profesional, si cree que puede necesita ayuda para mejorar o mantener su estado de salud.<\/p><p>La autora y Peoplewalking han realizado un esfuerzo considerable para publicar informaci\u00f3n precisa, confiable y actualizada sin embargo, no garantiza ni se responsabiliza de los posibles errores de transcripci\u00f3n, lectura e interpretaci\u00f3n del contenido de este sitio web ni asumen responsabilidad alguna por el uso o aplicaci\u00f3n respecto de la informaci\u00f3n publicada en este sitio web, as\u00ed como por errores, omisiones o discrepancias con otras publicaciones.<\/p><p>Los sitios web enlazados desde el sitio web <strong>http:\/\/server3.testwalking.com\/test\/atic-wp\/<\/strong>\u00a0son, obviamente, propiedad de otras entidades, y no est\u00e1n bajo el control o la supervisi\u00f3n de la autora ni de Peoplewalking por consiguiente, \u00e9stos no son responsable de la informaci\u00f3n, las opiniones o la calidad de los productos y servicios contenidos o anunciados en estos sitios enlazados.<\/p><p>El simple uso o apertura de este sitio web, se entender\u00e1 como su acuerdo, aceptaci\u00f3n y reconocimiento a los t\u00e9rminos que aqu\u00ed se establecen. Usted expresamente libera de todas y cualesquiera responsabilidades derivadas del uso de este sitio web y de la informaci\u00f3n contenida en el mismo. No use este sitio web si no est\u00e1 de acuerdo con estos t\u00e9rminos.<\/p><p><strong>\u00a0<\/strong><\/p><p><strong>Aviso sobre Responsabilidades<\/strong><\/p><p>La Enfermer\u00eda es una disciplina cient\u00edfica con aplicaci\u00f3n pr\u00e1ctica en el \u00e1mbito sanitario y social, que se nutre de los avances de la investigaci\u00f3n, la innovaci\u00f3n y la pr\u00e1ctica disciplinaria y multidisciplinar.<\/p><p>Es responsabilidad de cada enfermero\/a (u otro profesional que desee conocer o emplear ATIC), el correcto uso e interpretaci\u00f3n del contenido de esta web para garantizar la seguridad del proceso de prestaci\u00f3n de cuidados a las personas que atienden. La autora y Peoplewalking no se hacen responsables de las decisiones, actos o consecuencias generadas por el uso o la interpretaci\u00f3n que cada profesional realice de estos contenidos.<\/p><p>Recomendamos a todos los profesionales mantenerse al d\u00eda sobre las normativas legales, regulaciones profesionales y est\u00e1ndares de la pr\u00e1ctica establecidos en cada pa\u00eds, Estado y\/o regi\u00f3n.<\/p><p>El ejercicio profesional debe ser por definici\u00f3n aut\u00f3nomo, responsable e informado. El conocimiento, el sentido com\u00fan, la evidencia cient\u00edfica, las preferencias de las personas atendidas, los c\u00f3digos de \u00e9tica profesional y las buenas pr\u00e1cticas deben orientar las decisiones cl\u00ednicas y la prestaci\u00f3n de servicios a los beneficiarios de los servicios sanitarios y sociosanitarios.<\/p><p><strong>\u00a0<\/strong><\/p><p><strong>Aviso sobre Sensibilidades, Protecci\u00f3n de menores y personas fr\u00e1giles<\/strong><\/p><p>Este sitio web contiene informaci\u00f3n dirigida a profesionales de las ciencias de la salud, principalmente enfermeros y enfermeras. Conteniene informaci\u00f3n e im\u00e1genes que pueden herir la sensibilidad de personas no formadas en estas \u00e1reas de conocimiento.<\/p><p>Si usted no es profesional de la salud, y tienen dudas sobre su estado, proceso de salud o enfermedad, consulte a un enfermero\/a, m\u00e9dico\/a u otro profesional sanitario.<\/p><p>NO muestre im\u00e1genes o contenidos a menores de edad ni a personas en situaciones de fragilidad o especialmente vulnerables. Es responsabilidad del usuario de esta p\u00e1gina web el uso correcto y apropiado de sus contenidos, incluidas las im\u00e1genes.<\/p><p><strong>\u00a0<\/strong><\/p><p><strong>Declaraci\u00f3n de ausencia de conflicto de intereses<\/strong><\/p><p>Este sitio web puede contener marcas, nombres, dise\u00f1os, signos distintivos. Las marcas y nombres comerciales se citan a modo de ejemplo, principalmente en los contenidos del eje \u201cProductos, medicamentos, alimentos y substancias\u201d. Esta informaci\u00f3n se a\u00f1ade \u00fanicamente para facilitar a los profesionales que consultan esta web, ejemplos de posibles equivalencias entre gen\u00e9ricos y productos o medicamentos con marca registrada. No existe conflicto de intereses por parte de Peoplewalking ni por parte de la autora de ATIC al respecto. Esta informaci\u00f3n se a\u00f1ade con objeto de facilitaci\u00f3n y clarificaci\u00f3n adicional y no tiene ni pretende ning\u00fan otro inter\u00e9s.<\/p><p>En referencia a las equivalencias de los conceptos diagn\u00f3sticos de ATIC con la Clasificaci\u00f3n Internacional de Enfermedades de la Organizaci\u00f3n Mundial de la Salud, se a\u00f1ade a efectos acad\u00e9micos e informativos para facilitar a los proveedores de salud las equivalencias conceptuales propuestas desde ATIC a este sistema de Clasificaci\u00f3n. Es un mapeo unidireccional de ATIC a CIE-10.<\/p><p>El uso de esta clasificaci\u00f3n internacional requiere la autorizaci\u00f3n de los propietarios del copyright y est\u00e1 sujeto a los acuerdos de la Organizaci\u00f3n Mundial de la Salud a nivel gubernamental en cada pa\u00eds, Estado o Regi\u00f3n.<\/p><p><strong>\u00a0<\/strong><\/p><p><strong>Acceso al \u00e1rea privada<\/strong><\/p><p>El acceso al \u00e1rea privada de este sitio web requiere disponer del usuario y password proporcionado por Peoplewalking. Los usuarios con acceso privado se comprometen a hacer un buen uso del mismo, seg\u00fan lo estipulado en el contrato de licencia.<\/p>\t\t\t\t\t\t<\/div>\n\t\t\t\t<\/div>\n\t\t\t\t<div class=\"elementor-element elementor-element-3c7034f elementor-widget elementor-widget-heading\" data-id=\"3c7034f\" data-element_type=\"widget\" data-widget_type=\"heading.default\">\n\t\t\t\t<div class=\"elementor-widget-container\">\n\t\t\t<h2 class=\"elementor-heading-title elementor-size-default\">pol\u00edtica de privacidad<\/h2>\t\t<\/div>\n\t\t\t\t<\/div>\n\t\t\t\t<div class=\"elementor-element elementor-element-d9904c9 elementor-widget-divider--view-line elementor-widget elementor-widget-divider\" data-id=\"d9904c9\" data-element_type=\"widget\" data-widget_type=\"divider.default\">\n\t\t\t\t<div class=\"elementor-widget-container\">\n\t\t\t\t\t<div class=\"elementor-divider\">\n\t\t\t<span class=\"elementor-divider-separator\">\n\t\t\t\t\t\t<\/span>\n\t\t<\/div>\n\t\t\t\t<\/div>\n\t\t\t\t<\/div>\n\t\t\t\t<div class=\"elementor-element elementor-element-6a08300 elementor-widget elementor-widget-text-editor\" data-id=\"6a08300\" data-element_type=\"widget\" data-widget_type=\"text-editor.default\">\n\t\t\t\t<div class=\"elementor-widget-container\">\n\t\t\t\t\t\t\t<p><strong> \u00bfQui\u00e9n es el responsable del tratamiento de sus datos personales?<\/strong><\/p><p>El responsable del tratamiento de los datos ser\u00e1 el titular del dominio de la web <a href=\"http:\/\/www.trifoc.com\/\">atic.peoplewalking.com<\/a>, corresponde a Peoplewalking, S.L. , Calle Valencia 245, \u00c1tico 1\u00aa, 08007 Barcelona (Barcelona), (en adelante \u00abPEOPLEWALKING\u00bb o \u00abla Entidad\u00bb). Para la adecuada gesti\u00f3n en el tratamiento de sus datos personales, PEOPLEWALKING tiene designado un Delegado de Protecci\u00f3n de datos ante el que podr\u00e1 acudir para resolver cualquier cuesti\u00f3n que precise, pudiendo contactar a trav\u00e9s del email\u00a0info@peoplewalking.com<\/p><p><strong>\u00bfCon qu\u00e9 finalidades se tratan sus datos personales?<\/strong><\/p><p>En PEOPLEWALKING podemos tratar los datos personales recabados para la siguiente finalidad:<\/p><p>1.Contacto: gestionar los datos de los usuarios que contactan con PEOPLEWALKING a trav\u00e9s del ormulario de contacto que la Entidad pone a disposici\u00f3n del usuario. Asimismo, sus datos ser\u00e1n tratados con el fin de gestionar las consultas que usted nos haga llegar a trav\u00e9s de los canales habilitados a tal efecto en nuestra p\u00e1gina web.<\/p><p>Los datos tratados provienen de:<\/p><ul><li>Datos facilitados por usted, a trav\u00e9s de la cumplimentaci\u00f3n de los formularios a tal efecto habilitados.<\/li><li>Datos derivados de la prestaci\u00f3n del servicio: de forma indirecta, al derivar de la propia prestaci\u00f3n del servicio y del mantenimiento de esta actividad. Dentro de esta categor\u00eda se incluyen los datos de navegaci\u00f3n a trav\u00e9s de la p\u00e1gina web.<\/li><li>Datos obtenidos de estudios de marketing.<\/li><\/ul><p>\u00a0<\/p><p>En funci\u00f3n del servicio, los datos tratados abarcan la siguiente tipolog\u00eda:<\/p><ul><li>Datos identificativos (p.ej., nombre, apellidos, documento de identidad, direcci\u00f3n postal correo electr\u00f3nico, n\u00famero de tel\u00e9fono).<\/li><li>Datos de informaci\u00f3n comercial (p.ej. intereses en determinadas secciones de nuestra web).<\/li><\/ul><p>\u00a0<\/p><p><strong>\u00bfCu\u00e1l es la legitimaci\u00f3n legal para el tratamiento de sus datos?<\/strong><\/p><p>Hacemos uso de sus datos para:<\/p><ul><li>Dar respuesta a sus solicitudes<\/li><\/ul><p>.<\/p><p><strong>\u00bfA qui\u00e9n se comunican tus datos?<\/strong><\/p><p>Los datos personales tratados por PEOPLEWALKING para alcanzar las finalidades detalladas anteriormente podr\u00e1n ser comunicados a los siguientes destinatarios en funci\u00f3n de la base legitimadora de la comunicaci\u00f3n. En virtud de lo anterior, las siguientes comunicaciones de datos persiguen garantizar el correcto desarrollo de la relaci\u00f3n contractual y\/o comercial y dar cumplimiento a obligaciones legales de PEOPLEWALKING.<\/p><p><strong>\u00bfPor cu\u00e1nto tiempo conservaremos sus datos?<\/strong><\/p><p>Los datos personales ser\u00e1n conservados el tiempo necesario para la prestaci\u00f3n del servicio o mientras no retire su consentimiento. Posteriormente, los datos ser\u00e1n suprimidos conforme a lo dispuesto en la normativa de protecci\u00f3n de datos lo que implica su bloqueo, estando disponibles tan solo a solicitud de Jueces y tribunales, el Ministerio Fiscal o las Administraciones P\u00fablicas competentes durante el plazo de prescripci\u00f3n de las acciones que pudieran derivar y, transcurrido \u00e9ste, su completa eliminaci\u00f3n.<\/p><p><strong>\u00bfCu\u00e1les son sus derechos?<\/strong><\/p><p>Cualquier interesado tiene derecho a obtener confirmaci\u00f3n sobre si en PEOPLEWALKING estamos tratando datos personales que les conciernen, o no. Del mismo modo, tal y como queda previsto en el Reglamento General de Protecci\u00f3n de Datos, usted tiene los siguientes derechos:<\/p><ul><li>Acceder a sus datos: tiene derecho a acceder a sus datos para conocer qu\u00e9 datos personales estamos tratando que le conciernen.<\/li><li>Solicitar la rectificaci\u00f3n o supresi\u00f3n de sus datos: en determinadas circunstancias, usted tiene derecho a rectificar aquellos datos personales que considere inexactos y que le conciernan, y que sean objeto de tratamiento por parte de PEOPLEWALKING o incluso, a solicitar su supresi\u00f3n cuando, entre otros motivos, los datos ya no fueran necesarios para los fines que fueron recogidos.<\/li><li>Solicitar la limitaci\u00f3n del tratamiento de sus datos: en determinadas circunstancias, usted tendr\u00e1 derecho a solicitarnos la limitaci\u00f3n del tratamiento de sus datos, en cuyo caso le informamos que \u00fanicamente los conservaremos para el ejercicio o defensa de reclamaciones tal y como queda previsto en el Reglamento General de Protecci\u00f3n de Datos.<\/li><li>A la portabilidad de sus datos: en determinadas circunstancias, usted tendr\u00e1 derecho a recibir los datos personales que le incumban, y que nos haya facilitado, en un formato estructurado de uso com\u00fan y lectura mec\u00e1nica, y a transmitirlos a otro responsable del tratamiento.<\/li><li>Oponerse al tratamiento de sus datos: en determinadas circunstancias y por motivos relacionados con su situaci\u00f3n particular, usted tendr\u00e1 derecho a oponerse al tratamiento de sus datos en cuyo caso, dejar\u00edamos de tratarlos salvo que, por motivos leg\u00edtimos imperiosos, o el ejercicio o la defensa de posibles reclamaciones.<\/li><\/ul><p>\u00a0<\/p><p>Tiene derecho, en cualquier momento, a retirar cualquiera de sus consentimientos, sin que ello afecte a la licitud del tratamiento basado en el consentimiento previo a su retirada. Podr\u00e1 ejercer los derechos anteriormente descritos, mediante mail a la direcci\u00f3n\u00a0<a href=\"mailto:info@peoplewalking.com\">info@peoplewalking.com<\/a>. Finalmente, le indicamos que puede presentar una reclamaci\u00f3n ante la Agencia Espa\u00f1ola de Protecci\u00f3n de Datos, especialmente cuando no haya obtenido satisfacci\u00f3n en el ejercicio de sus derechos. Puede ponerse en contacto a trav\u00e9s de su p\u00e1gina web: <a href=\"http:\/\/www.agpd.es\">www.agpd.es<\/a>.<\/p>\t\t\t\t\t\t<\/div>\n\t\t\t\t<\/div>\n\t\t\t\t\t<\/div>\n\t\t<\/div>\n\t\t\t\t\t<\/div>\n\t\t<\/section>\n\t\t\t\t<\/div>\n\t\t","protected":false},"excerpt":{"rendered":"<p>Aviso legal El presente apartado de consideraciones legales (en adelante, el &#8220;Aviso Legal&#8220;) regula el uso del servicio del portal de Internet &#8220;\u00a0&#8220;\u00a0expresa de que los usuarios acepten los t\u00e9rminos y condiciones referidas en este aviso legal. La autora y Peoplewalking se reservan el derecho de cambiar los t\u00e9rminos y condiciones en cualquier momento, y<\/p>\n<footer class=\"entry-footer index-entry\">\n<div class=\"post-social pull-left\"><a href=\"https:\/\/www.facebook.com\/sharer\/sharer.php?u=http%3A%2F%2Fserver3.testwalking.com%2Ftest%2Fatic-wp%2Faviso-legal%2F\" target=\"_blank\" class=\"social-icons\"><i class=\"fa fa-facebook\" aria-hidden=\"true\"><\/i><\/a><a href=\"https:\/\/twitter.com\/home?status=http%3A%2F%2Fserver3.testwalking.com%2Ftest%2Fatic-wp%2Faviso-legal%2F\" target=\"_blank\" class=\"social-icons\"><i class=\"fa fa-twitter\" aria-hidden=\"true\"><\/i><\/a><a href=\"https:\/\/www.linkedin.com\/shareArticle?mini=true&#038;url=http%3A%2F%2Fserver3.testwalking.com%2Ftest%2Fatic-wp%2Faviso-legal%2F&#038;title=Aviso+legal\" target=\"_blank\" class=\"social-icons\"><i class=\"fa fa-linkedin\" aria-hidden=\"true\"><\/i><\/a><\/div>\n<p class=\"link-more\"><a href=\"http:\/\/server3.testwalking.com\/test\/atic-wp\/aviso-legal\/\" class=\"more-link\">Continue reading <span class=\"meta-nav\">\u2192<\/span><\/a><\/p>\n<\/footer>\n","protected":false},"author":1,"featured_media":0,"parent":0,"menu_order":0,"comment_status":"closed","ping_status":"closed","template":"","meta":{"footnotes":""},"acf":[],"_links":{"self":[{"href":"http:\/\/server3.testwalking.com\/test\/atic-wp\/wp-json\/wp\/v2\/pages\/447"}],"collection":[{"href":"http:\/\/server3.testwalking.com\/test\/atic-wp\/wp-json\/wp\/v2\/pages"}],"about":[{"href":"http:\/\/server3.testwalking.com\/test\/atic-wp\/wp-json\/wp\/v2\/types\/page"}],"author":[{"embeddable":true,"href":"http:\/\/server3.testwalking.com\/test\/atic-wp\/wp-json\/wp\/v2\/users\/1"}],"replies":[{"embeddable":true,"href":"http:\/\/server3.testwalking.com\/test\/atic-wp\/wp-json\/wp\/v2\/comments?post=447"}],"version-history":[{"count":61,"href":"http:\/\/server3.testwalking.com\/test\/atic-wp\/wp-json\/wp\/v2\/pages\/447\/revisions"}],"predecessor-version":[{"id":1284,"href":"http:\/\/server3.testwalking.com\/test\/atic-wp\/wp-json\/wp\/v2\/pages\/447\/revisions\/1284"}],"wp:attachment":[{"href":"http:\/\/server3.testwalking.com\/test\/atic-wp\/wp-json\/wp\/v2\/media?parent=447"}],"curies":[{"name":"wp","href":"https:\/\/api.w.org\/{rel}","templated":true}]}}