{"id":437,"date":"2021-08-11T19:13:50","date_gmt":"2021-08-11T19:13:50","guid":{"rendered":"http:\/\/server3.testwalking.com\/test\/atic-wp\/?page_id=437"},"modified":"2024-04-05T16:16:10","modified_gmt":"2024-04-05T16:16:10","slug":"author","status":"publish","type":"page","link":"http:\/\/server3.testwalking.com\/test\/atic-wp\/author\/","title":{"rendered":"Author"},"content":{"rendered":"\t\t<div data-elementor-type=\"wp-page\" data-elementor-id=\"437\" class=\"elementor elementor-437\">\n\t\t\t\t\t\t<section class=\"elementor-section elementor-top-section elementor-element elementor-element-bbf935e card-div elementor-section-boxed elementor-section-height-default elementor-section-height-default\" data-id=\"bbf935e\" data-element_type=\"section\">\n\t\t\t\t\t\t<div class=\"elementor-container elementor-column-gap-default\">\n\t\t\t\t\t<div class=\"elementor-column elementor-col-100 elementor-top-column elementor-element elementor-element-ff04b1a\" data-id=\"ff04b1a\" data-element_type=\"column\">\n\t\t\t<div class=\"elementor-widget-wrap elementor-element-populated\">\n\t\t\t\t\t\t<div class=\"elementor-element elementor-element-21ad860 elementor-widget elementor-widget-heading\" data-id=\"21ad860\" data-element_type=\"widget\" data-widget_type=\"heading.default\">\n\t\t\t\t<div class=\"elementor-widget-container\">\n\t\t\t<h2 class=\"elementor-heading-title elementor-size-default\">Author<\/h2>\t\t<\/div>\n\t\t\t\t<\/div>\n\t\t\t\t<div class=\"elementor-element elementor-element-54a9387 elementor-widget-divider--view-line elementor-widget elementor-widget-divider\" data-id=\"54a9387\" data-element_type=\"widget\" data-widget_type=\"divider.default\">\n\t\t\t\t<div class=\"elementor-widget-container\">\n\t\t\t\t\t<div class=\"elementor-divider\">\n\t\t\t<span class=\"elementor-divider-separator\">\n\t\t\t\t\t\t<\/span>\n\t\t<\/div>\n\t\t\t\t<\/div>\n\t\t\t\t<\/div>\n\t\t\t\t<div class=\"elementor-element elementor-element-89ab6ca elementor-widget elementor-widget-image\" data-id=\"89ab6ca\" data-element_type=\"widget\" data-widget_type=\"image.default\">\n\t\t\t\t<div class=\"elementor-widget-container\">\n\t\t\t\t\t\t\t\t\t\t\t\t\t<img fetchpriority=\"high\" decoding=\"async\" width=\"300\" height=\"300\" src=\"http:\/\/server3.testwalking.com\/test\/atic-wp\/wp-content\/uploads\/2021\/08\/Lala-300x300.jpeg\" class=\"attachment-medium size-medium wp-image-555\" alt=\"\" srcset=\"http:\/\/server3.testwalking.com\/test\/atic-wp\/wp-content\/uploads\/2021\/08\/Lala-300x300.jpeg 300w, http:\/\/server3.testwalking.com\/test\/atic-wp\/wp-content\/uploads\/2021\/08\/Lala-150x150.jpeg 150w, http:\/\/server3.testwalking.com\/test\/atic-wp\/wp-content\/uploads\/2021\/08\/Lala.jpeg 554w\" sizes=\"(max-width: 300px) 100vw, 300px\" \/>\t\t\t\t\t\t\t\t\t\t\t\t\t<\/div>\n\t\t\t\t<\/div>\n\t\t\t\t<div class=\"elementor-element elementor-element-d57fda5 elementor-widget elementor-widget-heading\" data-id=\"d57fda5\" data-element_type=\"widget\" data-widget_type=\"heading.default\">\n\t\t\t\t<div class=\"elementor-widget-container\">\n\t\t\t<h2 class=\"elementor-heading-title elementor-size-default\">Maria Eul\u00e0lia Juv\u00e9 Udina<\/h2>\t\t<\/div>\n\t\t\t\t<\/div>\n\t\t\t\t<div class=\"elementor-element elementor-element-cffca71 elementor-widget elementor-widget-text-editor\" data-id=\"cffca71\" data-element_type=\"widget\" data-widget_type=\"text-editor.default\">\n\t\t\t\t<div class=\"elementor-widget-container\">\n\t\t\t\t\t\t\t<p><strong>EDUCATION<\/strong><\/p><p>Maria Eul\u00e0lia Juv\u00e9 Udina is a nurse. Trained in patient care for transplants by the National Health Service-National Cancer Institute (UK)<\/p><p>Master in Medical-Surgical Nursing (Universitat de Barcelona)<\/p><p>Postgraduate in Qualitative Research in Health Sciences (Universidad Aut\u00f3noma de Barcelona) Trained in the Global Health Leadership Forum program on healthcare management and economics (Berkeley University)<\/p><p>Master in leadership and management of nursing services (Universitat de Barcelona)<\/p><p>Doctor in nursing sciences from the Universidad de Barcelona.<\/p><p><strong>CARE<\/strong><\/p><p>Nursing care in various medical-surgical units at the Hospital Universitario de Bellvitge (Barcelona, 1990 \u2013 1992) such as internal medicine and infectious diseases, digestive system, clinical hematology or post-surgical resuscitation, among others.<\/p><p>Nursing care in oncohematology at the Duran i Reynals Oncological Hospital (Barcelona, 1992 \u2013 1995).<\/p><p>Oncological clinical nurse at the Duran i Reynals Oncological Hospital (1995-1997).<\/p><p>MANAGEMENT Nursing support in the development of care plans, quality improvement, continuing education, and finally, knowledge and research management at the Hospital Universitario de Bellvitge (Barcelona, 1997- 2004).<\/p><p>Nurse attached to the Management for the 8 hospitals of the Institut Catal\u00e0 de la Salut (ICS, Barcelona 2005 -).<\/p><p>Among others, she has led the COM_VA project for the definition and evaluation of nursing clinical expertise and the ARES program for the harmonization of care standards in the hospital and social health field, the VIDA project for Surveillance and Early Identification of acute deterioration (Vigilancia e Identificaci\u00f3n precoz del deterioro agudo), the SIRENA project for the simplification of records and navigation in nursing workstations, and has been responsible for the implementation of the electronic medical record system of the ICS hospitals and other partner centers. She has also co-led the implementation of the ARES program in primary care (ICS 2005<\/p><p><strong>TEACHING<\/strong><\/p><p>She has been a collaborating teacher in multiple university training programs at different universities in Spain and since 2009, associate professor and collaborator in the master&#8217;s and doctoral programs at the Faculty of Medicine and Health Sciences of the Universidad de Barcelona<\/p><p><strong>RESEARCH<\/strong><\/p><p>Head of the Nursing Research Group (GRIN) at the Instituto de Investigaci\u00f3n Biom\u00e9dica de Bellvitge (IDIBELL, Barcelona 2013 \u2013 ).<\/p><p>She has participated in multiple research projects. She has published several books and more than 60 scientific articles. Maria Eul\u00e0lia Juv\u00e9 is the author of ATIC.<\/p>\t\t\t\t\t\t<\/div>\n\t\t\t\t<\/div>\n\t\t\t\t\t<\/div>\n\t\t<\/div>\n\t\t\t\t\t<\/div>\n\t\t<\/section>\n\t\t\t\t<\/div>\n\t\t","protected":false},"excerpt":{"rendered":"<p>Author Maria Eul\u00e0lia Juv\u00e9 Udina EDUCATION Maria Eul\u00e0lia Juv\u00e9 Udina is a nurse. Trained in patient care for transplants by the National Health Service-National Cancer Institute (UK) Master in Medical-Surgical Nursing (Universitat de Barcelona) Postgraduate in Qualitative Research in Health Sciences (Universidad Aut\u00f3noma de Barcelona) Trained in the Global Health Leadership Forum program on healthcare<\/p>\n<footer class=\"entry-footer index-entry\">\n<div class=\"post-social pull-left\"><a href=\"https:\/\/www.facebook.com\/sharer\/sharer.php?u=http%3A%2F%2Fserver3.testwalking.com%2Ftest%2Fatic-wp%2Fauthor%2F\" target=\"_blank\" class=\"social-icons\"><i class=\"fa fa-facebook\" aria-hidden=\"true\"><\/i><\/a><a href=\"https:\/\/twitter.com\/home?status=http%3A%2F%2Fserver3.testwalking.com%2Ftest%2Fatic-wp%2Fauthor%2F\" target=\"_blank\" class=\"social-icons\"><i class=\"fa fa-twitter\" aria-hidden=\"true\"><\/i><\/a><a href=\"https:\/\/www.linkedin.com\/shareArticle?mini=true&#038;url=http%3A%2F%2Fserver3.testwalking.com%2Ftest%2Fatic-wp%2Fauthor%2F&#038;title=Author\" target=\"_blank\" class=\"social-icons\"><i class=\"fa fa-linkedin\" aria-hidden=\"true\"><\/i><\/a><\/div>\n<p class=\"link-more\"><a href=\"http:\/\/server3.testwalking.com\/test\/atic-wp\/author\/\" class=\"more-link\">Continue reading <span class=\"meta-nav\">\u2192<\/span><\/a><\/p>\n<\/footer>\n","protected":false},"author":1,"featured_media":0,"parent":0,"menu_order":0,"comment_status":"closed","ping_status":"closed","template":"","meta":{"footnotes":""},"acf":[],"_links":{"self":[{"href":"http:\/\/server3.testwalking.com\/test\/atic-wp\/wp-json\/wp\/v2\/pages\/437"}],"collection":[{"href":"http:\/\/server3.testwalking.com\/test\/atic-wp\/wp-json\/wp\/v2\/pages"}],"about":[{"href":"http:\/\/server3.testwalking.com\/test\/atic-wp\/wp-json\/wp\/v2\/types\/page"}],"author":[{"embeddable":true,"href":"http:\/\/server3.testwalking.com\/test\/atic-wp\/wp-json\/wp\/v2\/users\/1"}],"replies":[{"embeddable":true,"href":"http:\/\/server3.testwalking.com\/test\/atic-wp\/wp-json\/wp\/v2\/comments?post=437"}],"version-history":[{"count":25,"href":"http:\/\/server3.testwalking.com\/test\/atic-wp\/wp-json\/wp\/v2\/pages\/437\/revisions"}],"predecessor-version":[{"id":1547,"href":"http:\/\/server3.testwalking.com\/test\/atic-wp\/wp-json\/wp\/v2\/pages\/437\/revisions\/1547"}],"wp:attachment":[{"href":"http:\/\/server3.testwalking.com\/test\/atic-wp\/wp-json\/wp\/v2\/media?parent=437"}],"curies":[{"name":"wp","href":"https:\/\/api.w.org\/{rel}","templated":true}]}}