{"id":424,"date":"2021-08-11T19:08:08","date_gmt":"2021-08-11T19:08:08","guid":{"rendered":"http:\/\/server3.testwalking.com\/test\/atic-wp\/?page_id=424"},"modified":"2024-03-18T16:34:23","modified_gmt":"2024-03-18T16:34:23","slug":"autora","status":"publish","type":"page","link":"http:\/\/server3.testwalking.com\/test\/atic-wp\/autora\/","title":{"rendered":"Autora"},"content":{"rendered":"\t\t<div data-elementor-type=\"wp-page\" data-elementor-id=\"424\" class=\"elementor elementor-424\">\n\t\t\t\t\t\t<section class=\"elementor-section elementor-top-section elementor-element elementor-element-bbf935e card-div elementor-section-boxed elementor-section-height-default elementor-section-height-default\" data-id=\"bbf935e\" data-element_type=\"section\">\n\t\t\t\t\t\t<div class=\"elementor-container elementor-column-gap-default\">\n\t\t\t\t\t<div class=\"elementor-column elementor-col-100 elementor-top-column elementor-element elementor-element-ff04b1a\" data-id=\"ff04b1a\" data-element_type=\"column\">\n\t\t\t<div class=\"elementor-widget-wrap elementor-element-populated\">\n\t\t\t\t\t\t<div class=\"elementor-element elementor-element-21ad860 elementor-widget elementor-widget-heading\" data-id=\"21ad860\" data-element_type=\"widget\" data-widget_type=\"heading.default\">\n\t\t\t\t<div class=\"elementor-widget-container\">\n\t\t\t<h2 class=\"elementor-heading-title elementor-size-default\">Autora<\/h2>\t\t<\/div>\n\t\t\t\t<\/div>\n\t\t\t\t<div class=\"elementor-element elementor-element-54a9387 elementor-widget-divider--view-line elementor-widget elementor-widget-divider\" data-id=\"54a9387\" data-element_type=\"widget\" data-widget_type=\"divider.default\">\n\t\t\t\t<div class=\"elementor-widget-container\">\n\t\t\t\t\t<div class=\"elementor-divider\">\n\t\t\t<span class=\"elementor-divider-separator\">\n\t\t\t\t\t\t<\/span>\n\t\t<\/div>\n\t\t\t\t<\/div>\n\t\t\t\t<\/div>\n\t\t\t\t<div class=\"elementor-element elementor-element-a582078 elementor-widget elementor-widget-image\" data-id=\"a582078\" data-element_type=\"widget\" data-widget_type=\"image.default\">\n\t\t\t\t<div class=\"elementor-widget-container\">\n\t\t\t\t\t\t\t\t\t\t\t\t\t<img fetchpriority=\"high\" decoding=\"async\" width=\"300\" height=\"300\" src=\"http:\/\/server3.testwalking.com\/test\/atic-wp\/wp-content\/uploads\/2021\/08\/Lala-300x300.jpeg\" class=\"attachment-medium size-medium wp-image-555\" alt=\"\" srcset=\"http:\/\/server3.testwalking.com\/test\/atic-wp\/wp-content\/uploads\/2021\/08\/Lala-300x300.jpeg 300w, http:\/\/server3.testwalking.com\/test\/atic-wp\/wp-content\/uploads\/2021\/08\/Lala-150x150.jpeg 150w, http:\/\/server3.testwalking.com\/test\/atic-wp\/wp-content\/uploads\/2021\/08\/Lala.jpeg 554w\" sizes=\"(max-width: 300px) 100vw, 300px\" \/>\t\t\t\t\t\t\t\t\t\t\t\t\t<\/div>\n\t\t\t\t<\/div>\n\t\t\t\t<div class=\"elementor-element elementor-element-1ea51d5 elementor-widget elementor-widget-heading\" data-id=\"1ea51d5\" data-element_type=\"widget\" data-widget_type=\"heading.default\">\n\t\t\t\t<div class=\"elementor-widget-container\">\n\t\t\t<h2 class=\"elementor-heading-title elementor-size-default\">Maria Eul\u00e0lia Juv\u00e9 Udina<\/h2>\t\t<\/div>\n\t\t\t\t<\/div>\n\t\t\t\t<div class=\"elementor-element elementor-element-cffca71 elementor-widget elementor-widget-text-editor\" data-id=\"cffca71\" data-element_type=\"widget\" data-widget_type=\"text-editor.default\">\n\t\t\t\t<div class=\"elementor-widget-container\">\n\t\t\t\t\t\t\t<p><strong>FORMACI\u00d3N<\/strong><\/p><p>Maria Eul\u00e0lia Juv\u00e9 Udina es enfermera. Formada en el cuidado a pacientes en trasplante por el\u00a0National Health Service-National Cancer Institute\u00a0(UK)<\/p><p>M\u00e1ster en Enfermer\u00eda Medico-Quir\u00fargica (Universidad de Barcelona)<\/p><p>Posgraduada en Investigaci\u00f3n Cualitativa en Ciencias de la Salud (Universidad Aut\u00f3noma de Barcelona) Formada en el programa\u00a0Global Health Leadership Forum\u00a0de gesti\u00f3n y economia sanitaria (Berkeley University)<\/p><p>M\u00e1ster en liderazgo y gesti\u00f3n de los servicios de enfermer\u00eda (Universitat de Barcelona)<\/p><p>Doctora en ciencias enfermeras por la Universidad de Barcelona.\u00a0<\/p><p><strong>ASISTENCIA<\/strong><\/p><p>Enfermera asistencial en diferentes unidades medico-quir\u00fargicas en el Hospital Universitario de Bellvitge (Barcelona, 1990 &#8211; 1992) tales como medicina interna y enfermedades infecciosas, aparato digestivo, hematolog\u00eda cl\u00ednica o reanimaci\u00f3n posquir\u00fargica, entre otras.<\/p><p>Enfermera asistencial en oncohematolog\u00eda en el Hospital Oncol\u00f3gico\u00a0Duran i Reynals (Barcelona, 1992 \u2013 1995).<\/p><p>Enfermera cl\u00ednica oncol\u00f3gica en el Hospital Oncol\u00f3gico\u00a0Duran i Reynals (1995-1997).<\/p><p><strong>GESTI\u00d3N<\/strong><br \/>Enfermera de soporte a la gesti\u00f3n en el desarrollo de planes de cuidados, mejora de la calidad, formaci\u00f3n continuada y finalmente, gesti\u00f3n del conocimiento y de la investigaci\u00f3n en el Hospital Universitario de Bellvitge (Barcelona, 1997- 2004).<\/p><p>Enfermera adjunta a la Direcci\u00f3n para los 8 hospitales del Institut Catal\u00e0 de la Salut (ICS, Barcelona 2005 -).\u00a0<\/p><p>Entre otros, ha dirigido el proyecto COM_VA \u00a0de definici\u00f3n y evaluaci\u00f3n de pericia cl\u00ednica enfermera y el programa ARES de armonizaci\u00f3n de est\u00e1ndares de cuidados en el \u00e1mbito hospitalario y sociosanitario, el proyecto VIDA de Vigilancia e Identificaci\u00f3n precoz del deterioro agudo, el proyecto SIRENA de simplificaci\u00f3n de los registros y la navegaci\u00f3n en las estaciones de trabajo enfermeras y ha sido la responsable enfermera en la implementaci\u00f3n del sistema de historia cl\u00ednica electr\u00f3nica de los hospitales del ICS y otros centros\u00a0partners. \u00a0Tambi\u00e9n ha co-liderado la implantaci\u00f3n del programa ARES en atenci\u00f3n primaria (ICS 2005<\/p><p><strong>DOCENCIA<\/strong><\/p><p>Ha sido docente colaboradora en m\u00faltiples programas de formaci\u00f3n universitaria en distintas universidades de Espa\u00f1a y desde 2009, profesora asociada y colaboradora en los programas de m\u00e1ster y doctorado en la Facultad de Medicina y Ciencias de la Salud de la Universidad de Barcelona<\/p><p><strong>INVESTIGACI\u00d3N<\/strong><\/p><p>Jefe del Grupo de Investigaci\u00f3n Enfermera (GRIN) del Instituto de Investigaci\u00f3n Biom\u00e9dica de Bellvitge (IDIBELL, Barcelona 2013 &#8211; ).<\/p><p>Ha participado en m\u00faltiples proyectos de investigaci\u00f3n. Ha publicado varios libros y m\u00e1s de 60 art\u00edculos cient\u00edficos. Maria Eul\u00e0lia Juv\u00e9 es la autora de ATIC.\u00a0<\/p>\t\t\t\t\t\t<\/div>\n\t\t\t\t<\/div>\n\t\t\t\t\t<\/div>\n\t\t<\/div>\n\t\t\t\t\t<\/div>\n\t\t<\/section>\n\t\t\t\t<\/div>\n\t\t","protected":false},"excerpt":{"rendered":"<p>Autora Maria Eul\u00e0lia Juv\u00e9 Udina FORMACI\u00d3N Maria Eul\u00e0lia Juv\u00e9 Udina es enfermera. Formada en el cuidado a pacientes en trasplante por el\u00a0National Health Service-National Cancer Institute\u00a0(UK) M\u00e1ster en Enfermer\u00eda Medico-Quir\u00fargica (Universidad de Barcelona) Posgraduada en Investigaci\u00f3n Cualitativa en Ciencias de la Salud (Universidad Aut\u00f3noma de Barcelona) Formada en el programa\u00a0Global Health Leadership Forum\u00a0de gesti\u00f3n y<\/p>\n<footer class=\"entry-footer index-entry\">\n<div class=\"post-social pull-left\"><a href=\"https:\/\/www.facebook.com\/sharer\/sharer.php?u=http%3A%2F%2Fserver3.testwalking.com%2Ftest%2Fatic-wp%2Fautora%2F\" target=\"_blank\" class=\"social-icons\"><i class=\"fa fa-facebook\" aria-hidden=\"true\"><\/i><\/a><a href=\"https:\/\/twitter.com\/home?status=http%3A%2F%2Fserver3.testwalking.com%2Ftest%2Fatic-wp%2Fautora%2F\" target=\"_blank\" class=\"social-icons\"><i class=\"fa fa-twitter\" aria-hidden=\"true\"><\/i><\/a><a href=\"https:\/\/www.linkedin.com\/shareArticle?mini=true&#038;url=http%3A%2F%2Fserver3.testwalking.com%2Ftest%2Fatic-wp%2Fautora%2F&#038;title=Autora\" target=\"_blank\" class=\"social-icons\"><i class=\"fa fa-linkedin\" aria-hidden=\"true\"><\/i><\/a><\/div>\n<p class=\"link-more\"><a href=\"http:\/\/server3.testwalking.com\/test\/atic-wp\/autora\/\" class=\"more-link\">Continue reading <span class=\"meta-nav\">\u2192<\/span><\/a><\/p>\n<\/footer>\n","protected":false},"author":1,"featured_media":0,"parent":0,"menu_order":0,"comment_status":"closed","ping_status":"closed","template":"","meta":{"footnotes":""},"acf":[],"_links":{"self":[{"href":"http:\/\/server3.testwalking.com\/test\/atic-wp\/wp-json\/wp\/v2\/pages\/424"}],"collection":[{"href":"http:\/\/server3.testwalking.com\/test\/atic-wp\/wp-json\/wp\/v2\/pages"}],"about":[{"href":"http:\/\/server3.testwalking.com\/test\/atic-wp\/wp-json\/wp\/v2\/types\/page"}],"author":[{"embeddable":true,"href":"http:\/\/server3.testwalking.com\/test\/atic-wp\/wp-json\/wp\/v2\/users\/1"}],"replies":[{"embeddable":true,"href":"http:\/\/server3.testwalking.com\/test\/atic-wp\/wp-json\/wp\/v2\/comments?post=424"}],"version-history":[{"count":30,"href":"http:\/\/server3.testwalking.com\/test\/atic-wp\/wp-json\/wp\/v2\/pages\/424\/revisions"}],"predecessor-version":[{"id":1514,"href":"http:\/\/server3.testwalking.com\/test\/atic-wp\/wp-json\/wp\/v2\/pages\/424\/revisions\/1514"}],"wp:attachment":[{"href":"http:\/\/server3.testwalking.com\/test\/atic-wp\/wp-json\/wp\/v2\/media?parent=424"}],"curies":[{"name":"wp","href":"https:\/\/api.w.org\/{rel}","templated":true}]}}