{"id":379,"date":"2021-08-11T18:39:19","date_gmt":"2021-08-11T18:39:19","guid":{"rendered":"http:\/\/server3.testwalking.com\/test\/atic-wp\/?page_id=379"},"modified":"2024-03-18T14:52:46","modified_gmt":"2024-03-18T14:52:46","slug":"reconeixements","status":"publish","type":"page","link":"http:\/\/server3.testwalking.com\/test\/atic-wp\/reconeixements\/","title":{"rendered":"Reconeixements"},"content":{"rendered":"\t\t<div data-elementor-type=\"wp-page\" data-elementor-id=\"379\" class=\"elementor elementor-379\">\n\t\t\t\t\t\t<section class=\"elementor-section elementor-top-section elementor-element elementor-element-a587212 card-div elementor-section-boxed elementor-section-height-default elementor-section-height-default\" data-id=\"a587212\" data-element_type=\"section\">\n\t\t\t\t\t\t<div class=\"elementor-container elementor-column-gap-default\">\n\t\t\t\t\t<div class=\"elementor-column elementor-col-100 elementor-top-column elementor-element elementor-element-5a3a048\" data-id=\"5a3a048\" data-element_type=\"column\">\n\t\t\t<div class=\"elementor-widget-wrap elementor-element-populated\">\n\t\t\t\t\t\t<div class=\"elementor-element elementor-element-566ac1d elementor-widget elementor-widget-heading\" data-id=\"566ac1d\" data-element_type=\"widget\" data-widget_type=\"heading.default\">\n\t\t\t\t<div class=\"elementor-widget-container\">\n\t\t\t<h2 class=\"elementor-heading-title elementor-size-default\">Reconeixements<\/h2>\t\t<\/div>\n\t\t\t\t<\/div>\n\t\t\t\t<div class=\"elementor-element elementor-element-253ea89 elementor-widget-divider--view-line elementor-widget elementor-widget-divider\" data-id=\"253ea89\" data-element_type=\"widget\" data-widget_type=\"divider.default\">\n\t\t\t\t<div class=\"elementor-widget-container\">\n\t\t\t\t\t<div class=\"elementor-divider\">\n\t\t\t<span class=\"elementor-divider-separator\">\n\t\t\t\t\t\t<\/span>\n\t\t<\/div>\n\t\t\t\t<\/div>\n\t\t\t\t<\/div>\n\t\t\t\t<div class=\"elementor-element elementor-element-56a6ed5 elementor-widget elementor-widget-text-editor\" data-id=\"56a6ed5\" data-element_type=\"widget\" data-widget_type=\"text-editor.default\">\n\t\t\t\t<div class=\"elementor-widget-container\">\n\t\t\t\t\t\t\t<p style=\"text-align: justify;\">La Terminologia ATIC ha estat avaluada i ha rebut el reconeixement de l&#8217; Consell General d&#8217;Infermeria d&#8217;Espanya com a llenguatge preferent que d\u00f3na suport al desenvolupament i la pr\u00e0ctica infermera en el seu rol aut\u00f2nom i multidisciplinar .<\/p><p style=\"text-align: justify;\">La terminologia ATIC ha estat inclosa com un dels llenguatges infermers estandarditzats per al registre de la prestaci\u00f3 de cures en la gesti\u00f3 infermera de la demanda a Catalunya, segons \u00fa n l&#8217;article 6 de l&#8217;acord de l&#8217; Consell de Col\u00b7legis d&#8217;Infermeria de Catalunya , publicat al Diari Oficial de la Generalitat de Catalunya de 15 de juny de 2016 , que regula el desenvolupament de les directrius per a l&#8217;exercici de les actuacions infermeres en aquest \u00e0mbit (<a href=\"http:\/\/www.consellinfermeres.cat\/wp-content\/uploads\/2016\/11\/2016-DOGC-1.7.16-Acord-Consell-Plenari-regulaci%C3%B3-GID.pdf\">http:\/\/www.consellinfermeres.cat\/wp- content \/ uploads \/ 2016\/11\/2016-DOGC-1.7.16-Acord-Consell-Plenari-regulaci% C3% B3-GID.pdf<\/a> )<\/p><p style=\"text-align: justify;\">La Terminologia ATIC ha estat avaluada i ha rebut el reconeixement de la <span style=\"text-decoration: underline;\">Uni\u00f3 Espanyola de Societats Cient\u00edfiques d&#8217;Infermeria<\/span> ( <a href=\"https:\/\/uesce.com\/\">UESCE<\/a> ) que agrupa m\u00e9s de 40 associacions cient\u00edfiques d&#8217;Infermeria, com a llenguatge normalitzat que d\u00f3na suport a la pr\u00e0ctica assistencial infermera i multidisciplinar.<\/p>\t\t\t\t\t\t<\/div>\n\t\t\t\t<\/div>\n\t\t\t\t\t<\/div>\n\t\t<\/div>\n\t\t\t\t\t<\/div>\n\t\t<\/section>\n\t\t\t\t<\/div>\n\t\t","protected":false},"excerpt":{"rendered":"<p>Reconeixements La Terminologia ATIC ha estat avaluada i ha rebut el reconeixement de l&#8217; Consell General d&#8217;Infermeria d&#8217;Espanya com a llenguatge preferent que d\u00f3na suport al desenvolupament i la pr\u00e0ctica infermera en el seu rol aut\u00f2nom i multidisciplinar . La terminologia ATIC ha estat inclosa com un dels llenguatges infermers estandarditzats per al registre de<\/p>\n<footer class=\"entry-footer index-entry\">\n<div class=\"post-social pull-left\"><a href=\"https:\/\/www.facebook.com\/sharer\/sharer.php?u=http%3A%2F%2Fserver3.testwalking.com%2Ftest%2Fatic-wp%2Freconeixements%2F\" target=\"_blank\" class=\"social-icons\"><i class=\"fa fa-facebook\" aria-hidden=\"true\"><\/i><\/a><a href=\"https:\/\/twitter.com\/home?status=http%3A%2F%2Fserver3.testwalking.com%2Ftest%2Fatic-wp%2Freconeixements%2F\" target=\"_blank\" class=\"social-icons\"><i class=\"fa fa-twitter\" aria-hidden=\"true\"><\/i><\/a><a href=\"https:\/\/www.linkedin.com\/shareArticle?mini=true&#038;url=http%3A%2F%2Fserver3.testwalking.com%2Ftest%2Fatic-wp%2Freconeixements%2F&#038;title=Reconeixements\" target=\"_blank\" class=\"social-icons\"><i class=\"fa fa-linkedin\" aria-hidden=\"true\"><\/i><\/a><\/div>\n<p class=\"link-more\"><a href=\"http:\/\/server3.testwalking.com\/test\/atic-wp\/reconeixements\/\" class=\"more-link\">Continue reading <span class=\"meta-nav\">\u2192<\/span><\/a><\/p>\n<\/footer>\n","protected":false},"author":1,"featured_media":0,"parent":0,"menu_order":0,"comment_status":"closed","ping_status":"closed","template":"","meta":{"footnotes":""},"acf":[],"_links":{"self":[{"href":"http:\/\/server3.testwalking.com\/test\/atic-wp\/wp-json\/wp\/v2\/pages\/379"}],"collection":[{"href":"http:\/\/server3.testwalking.com\/test\/atic-wp\/wp-json\/wp\/v2\/pages"}],"about":[{"href":"http:\/\/server3.testwalking.com\/test\/atic-wp\/wp-json\/wp\/v2\/types\/page"}],"author":[{"embeddable":true,"href":"http:\/\/server3.testwalking.com\/test\/atic-wp\/wp-json\/wp\/v2\/users\/1"}],"replies":[{"embeddable":true,"href":"http:\/\/server3.testwalking.com\/test\/atic-wp\/wp-json\/wp\/v2\/comments?post=379"}],"version-history":[{"count":26,"href":"http:\/\/server3.testwalking.com\/test\/atic-wp\/wp-json\/wp\/v2\/pages\/379\/revisions"}],"predecessor-version":[{"id":1471,"href":"http:\/\/server3.testwalking.com\/test\/atic-wp\/wp-json\/wp\/v2\/pages\/379\/revisions\/1471"}],"wp:attachment":[{"href":"http:\/\/server3.testwalking.com\/test\/atic-wp\/wp-json\/wp\/v2\/media?parent=379"}],"curies":[{"name":"wp","href":"https:\/\/api.w.org\/{rel}","templated":true}]}}