{"id":374,"date":"2021-08-11T18:35:55","date_gmt":"2021-08-11T18:35:55","guid":{"rendered":"http:\/\/server3.testwalking.com\/test\/atic-wp\/?page_id=374"},"modified":"2024-03-18T14:54:41","modified_gmt":"2024-03-18T14:54:41","slug":"reconocimientos","status":"publish","type":"page","link":"http:\/\/server3.testwalking.com\/test\/atic-wp\/reconocimientos\/","title":{"rendered":"Reconocimientos"},"content":{"rendered":"\t\t<div data-elementor-type=\"wp-page\" data-elementor-id=\"374\" class=\"elementor elementor-374\">\n\t\t\t\t\t\t<section class=\"elementor-section elementor-top-section elementor-element elementor-element-a587212 card-div elementor-section-boxed elementor-section-height-default elementor-section-height-default\" data-id=\"a587212\" data-element_type=\"section\">\n\t\t\t\t\t\t<div class=\"elementor-container elementor-column-gap-default\">\n\t\t\t\t\t<div class=\"elementor-column elementor-col-100 elementor-top-column elementor-element elementor-element-5a3a048\" data-id=\"5a3a048\" data-element_type=\"column\">\n\t\t\t<div class=\"elementor-widget-wrap elementor-element-populated\">\n\t\t\t\t\t\t<div class=\"elementor-element elementor-element-566ac1d elementor-widget elementor-widget-heading\" data-id=\"566ac1d\" data-element_type=\"widget\" data-widget_type=\"heading.default\">\n\t\t\t\t<div class=\"elementor-widget-container\">\n\t\t\t<h2 class=\"elementor-heading-title elementor-size-default\">Reconocimientos<\/h2>\t\t<\/div>\n\t\t\t\t<\/div>\n\t\t\t\t<div class=\"elementor-element elementor-element-253ea89 elementor-widget-divider--view-line elementor-widget elementor-widget-divider\" data-id=\"253ea89\" data-element_type=\"widget\" data-widget_type=\"divider.default\">\n\t\t\t\t<div class=\"elementor-widget-container\">\n\t\t\t\t\t<div class=\"elementor-divider\">\n\t\t\t<span class=\"elementor-divider-separator\">\n\t\t\t\t\t\t<\/span>\n\t\t<\/div>\n\t\t\t\t<\/div>\n\t\t\t\t<\/div>\n\t\t\t\t<div class=\"elementor-element elementor-element-56a6ed5 elementor-widget elementor-widget-text-editor\" data-id=\"56a6ed5\" data-element_type=\"widget\" data-widget_type=\"text-editor.default\">\n\t\t\t\t<div class=\"elementor-widget-container\">\n\t\t\t\t\t\t\t<p>La Terminolog\u00eda ATIC ha sido evaluada y ha recibido el reconocimiento del\u00a0Consejo General de Enfermer\u00eda de Espa\u00f1a\u00a0como lenguaje preferente que apoya el desarrollo y la pr\u00e1ctica enfermera en su rol aut\u00f3nomo y multidisciplinar.\u00a0<\/p><p>La Terminolog\u00eda ATIC ha sido incluida como uno de los lenguajes enfermeros estandarizados para el registro de la prestaci\u00f3n de cuidados en la gesti\u00f3n enfermera de la demanda en Catalu\u00f1a, seg\u00fan el art\u00edculo 6 del acuerdo del Consell de Col\u00b7legis d&#8217; Infermeria de Catalunya, publicado en el Diari Oficial de la Generalitat de Catalunya de 15 de junio de 2016, que regula el desarrollo de las directrices para el ejercicio de las actuaciones enfermeras en este \u00e1mbito\u00a0 (<a href=\"http:\/\/www.consellinfermeres.cat\/wp-content\/uploads\/2016\/11\/2016-DOGC-1.7.16-Acord-Consell-Plenari-regulaci%C3%B3-GID.pdf\">http:\/\/www.consellinfermeres.cat\/wp-content\/uploads\/2016\/11\/2016-DOGC-1.7.16-Acord-Consell-Plenari-regulaci%C3%B3-GID.pdf<\/a> )<\/p><p>La Terminolog\u00eda ATIC ha sido evaluada y ha recibido el reconocimiento de la <span style=\"text-decoration: underline;\">Uni\u00f3n Espa\u00f1ola de Sociedades Cient\u00edficas de Enfermer\u00eda<\/span> (<a href=\"https:\/\/uesce.com\/\">UESCE<\/a>) que agrupa m\u00e1s de 40 asociaciones cient\u00edficas de Enfermer\u00eda, como lenguaje normalizado que apoya la pr\u00e1ctica asistencial enfermera y multidisciplinar.\u00a0<\/p>\t\t\t\t\t\t<\/div>\n\t\t\t\t<\/div>\n\t\t\t\t\t<\/div>\n\t\t<\/div>\n\t\t\t\t\t<\/div>\n\t\t<\/section>\n\t\t\t\t<\/div>\n\t\t","protected":false},"excerpt":{"rendered":"<p>Reconocimientos La Terminolog\u00eda ATIC ha sido evaluada y ha recibido el reconocimiento del\u00a0Consejo General de Enfermer\u00eda de Espa\u00f1a\u00a0como lenguaje preferente que apoya el desarrollo y la pr\u00e1ctica enfermera en su rol aut\u00f3nomo y multidisciplinar.\u00a0 La Terminolog\u00eda ATIC ha sido incluida como uno de los lenguajes enfermeros estandarizados para el registro de la prestaci\u00f3n de cuidados<\/p>\n<footer class=\"entry-footer index-entry\">\n<div class=\"post-social pull-left\"><a href=\"https:\/\/www.facebook.com\/sharer\/sharer.php?u=http%3A%2F%2Fserver3.testwalking.com%2Ftest%2Fatic-wp%2Freconocimientos%2F\" target=\"_blank\" class=\"social-icons\"><i class=\"fa fa-facebook\" aria-hidden=\"true\"><\/i><\/a><a href=\"https:\/\/twitter.com\/home?status=http%3A%2F%2Fserver3.testwalking.com%2Ftest%2Fatic-wp%2Freconocimientos%2F\" target=\"_blank\" class=\"social-icons\"><i class=\"fa fa-twitter\" aria-hidden=\"true\"><\/i><\/a><a href=\"https:\/\/www.linkedin.com\/shareArticle?mini=true&#038;url=http%3A%2F%2Fserver3.testwalking.com%2Ftest%2Fatic-wp%2Freconocimientos%2F&#038;title=Reconocimientos\" target=\"_blank\" class=\"social-icons\"><i class=\"fa fa-linkedin\" aria-hidden=\"true\"><\/i><\/a><\/div>\n<p class=\"link-more\"><a href=\"http:\/\/server3.testwalking.com\/test\/atic-wp\/reconocimientos\/\" class=\"more-link\">Continue reading <span class=\"meta-nav\">\u2192<\/span><\/a><\/p>\n<\/footer>\n","protected":false},"author":1,"featured_media":0,"parent":0,"menu_order":0,"comment_status":"closed","ping_status":"closed","template":"","meta":{"footnotes":""},"acf":[],"_links":{"self":[{"href":"http:\/\/server3.testwalking.com\/test\/atic-wp\/wp-json\/wp\/v2\/pages\/374"}],"collection":[{"href":"http:\/\/server3.testwalking.com\/test\/atic-wp\/wp-json\/wp\/v2\/pages"}],"about":[{"href":"http:\/\/server3.testwalking.com\/test\/atic-wp\/wp-json\/wp\/v2\/types\/page"}],"author":[{"embeddable":true,"href":"http:\/\/server3.testwalking.com\/test\/atic-wp\/wp-json\/wp\/v2\/users\/1"}],"replies":[{"embeddable":true,"href":"http:\/\/server3.testwalking.com\/test\/atic-wp\/wp-json\/wp\/v2\/comments?post=374"}],"version-history":[{"count":7,"href":"http:\/\/server3.testwalking.com\/test\/atic-wp\/wp-json\/wp\/v2\/pages\/374\/revisions"}],"predecessor-version":[{"id":1474,"href":"http:\/\/server3.testwalking.com\/test\/atic-wp\/wp-json\/wp\/v2\/pages\/374\/revisions\/1474"}],"wp:attachment":[{"href":"http:\/\/server3.testwalking.com\/test\/atic-wp\/wp-json\/wp\/v2\/media?parent=374"}],"curies":[{"name":"wp","href":"https:\/\/api.w.org\/{rel}","templated":true}]}}