{"id":185,"date":"2021-08-10T20:29:44","date_gmt":"2021-08-10T20:29:44","guid":{"rendered":"http:\/\/server3.testwalking.com\/test\/atic-wp\/?page_id=185"},"modified":"2021-08-12T19:03:38","modified_gmt":"2021-08-12T19:03:38","slug":"caracteristicas","status":"publish","type":"page","link":"http:\/\/server3.testwalking.com\/test\/atic-wp\/caracteristicas\/","title":{"rendered":"Caracter\u00edsticas"},"content":{"rendered":"\t\t<div data-elementor-type=\"wp-page\" data-elementor-id=\"185\" class=\"elementor elementor-185\">\n\t\t\t\t\t\t<section class=\"elementor-section elementor-top-section elementor-element elementor-element-05bf457 card-div elementor-section-boxed elementor-section-height-default elementor-section-height-default\" data-id=\"05bf457\" data-element_type=\"section\">\n\t\t\t\t\t\t<div class=\"elementor-container elementor-column-gap-default\">\n\t\t\t\t\t<div class=\"elementor-column elementor-col-100 elementor-top-column elementor-element elementor-element-1fefd04\" data-id=\"1fefd04\" data-element_type=\"column\">\n\t\t\t<div class=\"elementor-widget-wrap elementor-element-populated\">\n\t\t\t\t\t\t<div class=\"elementor-element elementor-element-3481b05 elementor-widget elementor-widget-heading\" data-id=\"3481b05\" data-element_type=\"widget\" data-widget_type=\"heading.default\">\n\t\t\t\t<div class=\"elementor-widget-container\">\n\t\t\t<h2 class=\"elementor-heading-title elementor-size-default\">Caracter\u00edsticas de la terminolog\u00eda ATIC<\/h2>\t\t<\/div>\n\t\t\t\t<\/div>\n\t\t\t\t<div class=\"elementor-element elementor-element-26d2d97 elementor-widget-divider--view-line elementor-widget elementor-widget-divider\" data-id=\"26d2d97\" data-element_type=\"widget\" data-widget_type=\"divider.default\">\n\t\t\t\t<div class=\"elementor-widget-container\">\n\t\t\t\t\t<div class=\"elementor-divider\">\n\t\t\t<span class=\"elementor-divider-separator\">\n\t\t\t\t\t\t<\/span>\n\t\t<\/div>\n\t\t\t\t<\/div>\n\t\t\t\t<\/div>\n\t\t\t\t<div class=\"elementor-element elementor-element-4a8c935 eael-table-align-center eael-dt-th-align-left elementor-widget elementor-widget-eael-data-table\" data-id=\"4a8c935\" data-element_type=\"widget\" data-widget_type=\"eael-data-table.default\">\n\t\t\t\t<div class=\"elementor-widget-container\">\n\t\t\t\t\t<div class=\"eael-data-table-wrap\" data-table_id=\"4a8c935\" id=\"eael-data-table-wrapper-4a8c935\" data-custom_responsive=\"false\">\n\t\t\t<table class=\"tablesorter eael-data-table center\" id=\"eael-data-table-4a8c935\">\n\t\t\t    <thead>\n\t\t\t        <tr class=\"table-header\">\n\t\t\t\t\t\t\t\t\t            <th class=\"hidden\" id=\"\" colspan=\"\">\n\t\t\t\t\t\t\t\t\t\t\t\t\t\t<span class=\"data-table-header-text\"><\/span><\/th>\n\t\t\t        \t\t\t\t        <\/tr>\n\t\t\t    <\/thead>\n\t\t\t  \t<tbody>\n\t\t\t\t\t\t\t\t\t\t\t<tr>\n\t\t\t\t\t\t\t\t\t\t\t\t\t\t\t\t   \t\t\t\t\t\t\t\t\t\t\t<td colspan=\"\" rowspan=\"\" class=\"\" id=\"\">\n\t\t\t\t\t\t\t\t\t\t\t\t<div class=\"td-content-wrapper\"><div class=\"td-content\">Vocabulario estandarizado orientado a conceptos<\/div><\/div>\n\t\t\t\t\t\t\t\t\t\t\t<\/td>\n\t\t\t\t\t\t\t\t\t\t\t\t\t\t\t\t\t\t\t\t\t\t\t\t\t\t\t\t\t   \t\t\t\t\t\t\t\t\t\t\t<td colspan=\"\" rowspan=\"\" class=\"\" id=\"\">\n\t\t\t\t\t\t\t\t\t\t\t\t<div class=\"td-content-wrapper\"><div class=\"td-content\"><p><span style=\"color: #333333;\"><strong>Incluye c\u00f3digos, t\u00e9rminos, significados y conocimiento asercional para representar el proceso de prestaci\u00f3n de cuidados enfermero y sus resultados, siendo de utilidad para la pr\u00e1ctica asistencial, la armonizaci\u00f3n sem\u00e1ntica y el procesamiento de datos en los sistemas de informaci\u00f3n de historia cl\u00ednica electr\u00f3nica.<\/strong><\/span><\/p><\/div><\/div>\n\t\t\t\t\t\t\t\t\t\t\t<\/td>\n\t\t\t\t\t\t\t\t\t\t\t\t\t\t\t\t\t\t\t\t\t\t\t\t\t\t<\/tr>\n\t\t\t        \t\t\t\t\t\t<tr>\n\t\t\t\t\t\t\t\t\t\t\t\t\t\t\t\t   \t\t\t\t\t\t\t\t\t\t\t<td colspan=\"\" rowspan=\"\" class=\"\" id=\"\">\n\t\t\t\t\t\t\t\t\t\t\t\t<div class=\"td-content-wrapper\"><div class=\"td-content\"><p>De interfase\u00a0<\/p><\/div><\/div>\n\t\t\t\t\t\t\t\t\t\t\t<\/td>\n\t\t\t\t\t\t\t\t\t\t\t\t\t\t\t\t\t\t\t\t\t\t\t\t\t\t\t\t\t   \t\t\t\t\t\t\t\t\t\t\t<td colspan=\"\" rowspan=\"\" class=\"\" id=\"\">\n\t\t\t\t\t\t\t\t\t\t\t\t<div class=\"td-content-wrapper\"><div class=\"td-content\"><p><span style=\"color: #333333;\"><strong>Sistema de conceptos basado en el lenguaje natural, revisado para su refinamiento te\u00f3rico y su fundamentaci\u00f3n cient\u00edfica.<\/strong><\/span><\/p><p><span style=\"color: #333333;\"><strong>Representado con un lenguaje llano, que emplea expresiones cl\u00ednicas habituales de la pr\u00e1ctica asistencial, y optimizado para su uso en los sistemas de informaci\u00f3n.<\/strong><\/span><\/p><p><span style=\"color: #333333;\"><strong>Act\u00faa de puente entre el lenguaje natural y la necesidad de c\u00f3digo de los sistemas de informaci\u00f3n.<\/strong><\/span><\/p><\/div><\/div>\n\t\t\t\t\t\t\t\t\t\t\t<\/td>\n\t\t\t\t\t\t\t\t\t\t\t\t\t\t\t\t\t\t\t\t\t\t\t\t\t\t<\/tr>\n\t\t\t        \t\t\t\t\t\t<tr>\n\t\t\t\t\t\t\t\t\t\t\t\t\t\t\t\t   \t\t\t\t\t\t\t\t\t\t\t<td colspan=\"\" rowspan=\"\" class=\"\" id=\"\">\n\t\t\t\t\t\t\t\t\t\t\t\t<div class=\"td-content-wrapper\"><div class=\"td-content\">Multi-axial<\/div><\/div>\n\t\t\t\t\t\t\t\t\t\t\t<\/td>\n\t\t\t\t\t\t\t\t\t\t\t\t\t\t\t\t\t\t\t\t\t\t\t\t\t\t\t\t\t   \t\t\t\t\t\t\t\t\t\t\t<td colspan=\"\" rowspan=\"\" class=\"\" id=\"\">\n\t\t\t\t\t\t\t\t\t\t\t\t<div class=\"td-content-wrapper\"><div class=\"td-content\"><p><span style=\"color: #333333;\"><strong>Se estructura en 3 ejes principales y 10 ejes secundarios.<\/strong><\/span><\/p><p><span style=\"color: #333333;\"><strong>Ejes principales:<\/strong><\/span><\/p><ul><li><span style=\"color: #333333;\"><strong>Valoraci\u00f3n<\/strong><\/span><\/li><li><span style=\"color: #333333;\"><strong>Diagn\u00f3stico<\/strong><\/span><\/li><li><span style=\"color: #333333;\"><strong>Intervenci\u00f3n<\/strong><\/span><\/li><\/ul><p>\u00a0<\/p><p><span style=\"color: #333333;\"><strong>Ejes secundarios:<\/strong><\/span><\/p><ul><li><span style=\"color: #333333;\"><strong>Acciones y condiciones<\/strong><\/span><\/li><li><span style=\"color: #333333;\"><strong>Atributos<\/strong><\/span><\/li><li><span style=\"color: #333333;\"><strong>Beneficiarios<\/strong><\/span><\/li><li><span style=\"color: #333333;\"><strong>Escalas y unidades de medida<\/strong><\/span><\/li><li><span style=\"color: #333333;\"><strong>Espacio, localizaci\u00f3n y posici\u00f3n<\/strong><\/span><\/li><li><span style=\"color: #333333;\"><strong>Foco<\/strong><\/span><\/li><li><span style=\"color: #333333;\"><strong>Juicio<\/strong><\/span><\/li><li><span style=\"color: #333333;\"><strong>Productos, medicamentos, alimentos y sustancias<\/strong><\/span><\/li><li><span style=\"color: #333333;\"><strong>Recursos, medios y contexto<\/strong><\/span><\/li><li><span style=\"color: #333333;\"><strong>Temporalidad<\/strong><\/span><\/li><\/ul><\/div><\/div>\n\t\t\t\t\t\t\t\t\t\t\t<\/td>\n\t\t\t\t\t\t\t\t\t\t\t\t\t\t\t\t\t\t\t\t\t\t\t\t\t\t<\/tr>\n\t\t\t        \t\t\t\t\t\t<tr>\n\t\t\t\t\t\t\t\t\t\t\t\t\t\t\t\t   \t\t\t\t\t\t\t\t\t\t\t<td colspan=\"\" rowspan=\"\" class=\"\" id=\"\">\n\t\t\t\t\t\t\t\t\t\t\t\t<div class=\"td-content-wrapper\"><div class=\"td-content\">De alta especificidad<\/div><\/div>\n\t\t\t\t\t\t\t\t\t\t\t<\/td>\n\t\t\t\t\t\t\t\t\t\t\t\t\t\t\t\t\t\t\t\t\t\t\t\t\t\t\t\t\t   \t\t\t\t\t\t\t\t\t\t\t<td colspan=\"\" rowspan=\"\" class=\"\" id=\"\">\n\t\t\t\t\t\t\t\t\t\t\t\t<div class=\"td-content-wrapper\"><div class=\"td-content\"><span style=\"color: #333333;\"><strong>Los ejes se estructuras de forma matricial en tres niveles de abstracci\u00f3n:<\/strong><\/span>\n\n<span style=\"color: #333333;\"><strong>1r nivel_Elementos estructurantes (agrupadores)<\/strong><\/span>\n\n<span style=\"color: #333333;\"><strong>2\u00ba nivel_Elementos b\u00e1sicos (ejes principales)<\/strong><\/span>\n\n<span style=\"color: #333333;\"><strong>3r nivel_Elementos moleculares y at\u00f3micos<\/strong><\/span>\n\n<span style=\"color: #333333;\"><strong>En la pr\u00e1ctica, los elementos moleculares y at\u00f3micos de los ejes secundarios se emplean para incrementar el nivel de especificidad de los elementos b\u00e1sicos.<\/strong><\/span>\n\n<span style=\"color: #333333;\"><strong>En la construcci\u00f3n y actualizaci\u00f3n del sistema termin\u00f3logico, los elementos moleculares y at\u00f3micos se utilizan para la disecci\u00f3n conceptual, en cumplimiento de la recomendaci\u00f3n de la <a href=\"https:\/\/www.iso.org\/obp\/ui\/#iso:std:iso:18104:ed-2:v1:en\">norma ISO 18104:2014<\/a>)<\/strong><\/div><\/div>\n\t\t\t\t\t\t\t\t\t\t\t<\/td>\n\t\t\t\t\t\t\t\t\t\t\t\t\t\t\t\t\t\t\t\t\t\t\t\t\t\t<\/tr>\n\t\t\t        \t\t\t\t\t\t<tr>\n\t\t\t\t\t\t\t\t\t\t\t\t\t\t\t\t   \t\t\t\t\t\t\t\t\t\t\t<td colspan=\"\" rowspan=\"\" class=\"\" id=\"\">\n\t\t\t\t\t\t\t\t\t\t\t\t<div class=\"td-content-wrapper\"><div class=\"td-content\">Validado<\/div><\/div>\n\t\t\t\t\t\t\t\t\t\t\t<\/td>\n\t\t\t\t\t\t\t\t\t\t\t\t\t\t\t\t\t\t\t\t\t\t\t\t\t\t\t\t\t   \t\t\t\t\t\t\t\t\t\t\t<td colspan=\"\" rowspan=\"\" class=\"\" id=\"\">\n\t\t\t\t\t\t\t\t\t\t\t\t<div class=\"td-content-wrapper\"><div class=\"td-content\"><span style=\"color: #000000;\"><strong>Sometido a un proceso formal de validaci\u00f3n de sus propiedades, empleando metodolog\u00eda de la investigaci\u00f3n cualitativa y cl\u00ednico-epidemiol\u00f3gica (m\u00e9trica):<\/strong><\/span>\n\n<span style=\"color: #000000;\"><strong>Fundamentaci\u00f3n filos\u00f3fica y te\u00f3rica<\/strong><\/span>\n<ul>\n \t<li style=\"list-style-type: none;\">\n<ul>\n \t<li><span style=\"color: #000000;\"><strong>Estructura<\/strong><\/span><\/li>\n \t<li><span style=\"color: #000000;\"><strong>Validez l\u00f3gica<\/strong><\/span><\/li>\n \t<li><span style=\"color: #000000;\"><strong>Validez de contenido<\/strong><\/span><\/li>\n \t<li><span style=\"color: #000000;\"><strong>Validez de criterio<\/strong><\/span><\/li>\n \t<li><span style=\"color: #000000;\"><strong>Fiabilidad (usabilidad)<\/strong><\/span><\/li>\n<\/ul>\n<\/li>\n<\/ul>\n<span style=\"color: #000000;\"><strong>Los resultados de estos estudios pueden consultarse en el apartado <u><a href=\"http:\/\/server3.testwalking.com\/test\/atic-wp\/publicaciones-cientificas\/\">Publicaciones<\/a><\/u>.<\/strong><\/span><\/div><\/div>\n\t\t\t\t\t\t\t\t\t\t\t<\/td>\n\t\t\t\t\t\t\t\t\t\t\t\t\t\t\t\t\t\t\t\t\t\t\t\t\t\t<\/tr>\n\t\t\t        \t\t\t\t\t\t<tr>\n\t\t\t\t\t\t\t\t\t\t\t\t\t\t\t\t   \t\t\t\t\t\t\t\t\t\t\t<td colspan=\"\" rowspan=\"\" class=\"\" id=\"\">\n\t\t\t\t\t\t\t\t\t\t\t\t<div class=\"td-content-wrapper\"><div class=\"td-content\">Multi-\u00e1mbito<\/div><\/div>\n\t\t\t\t\t\t\t\t\t\t\t<\/td>\n\t\t\t\t\t\t\t\t\t\t\t\t\t\t\t\t\t\t\t\t\t\t\t\t\t\t\t\t\t   \t\t\t\t\t\t\t\t\t\t\t<td colspan=\"\" rowspan=\"\" class=\"\" id=\"\">\n\t\t\t\t\t\t\t\t\t\t\t\t<div class=\"td-content-wrapper\"><div class=\"td-content\"><p><span style=\"color: #000000;\"><strong>ATIC se emplea en la pr\u00e1ctica asistencial en centros sanitarios de m\u00faltiples proveedores de servicios de salud, p\u00fablicos, concertados y privados:<\/strong><\/span><\/p><p><span style=\"color: #000000;\"><strong>Centros<\/strong>:<\/span><\/p><p><span style=\"color: #000000;\">Centros y dispositivos de atenci\u00f3n primaria<\/span><\/p><p><span style=\"color: #000000;\">Hospitales Universitarios terciarios de referencia<\/span><\/p><p><span style=\"color: #000000;\">Hospitales Universitarios<\/span><\/p><p><span style=\"color: #000000;\">Hospitales comarcales y rurales<\/span><\/p><p><span style=\"color: #000000;\">Centros socio-sanitarios<\/span><\/p><p>\u00a0<\/p><p><span style=\"color: #000000;\"><strong>\u00c1mbitos<\/strong>:<\/span><\/p><p><span style=\"color: #000000;\">Cuidados de salud familiar y comunitaria<\/span><\/p><p><span style=\"color: #000000;\">Cuidados medico-quir\u00fargicos, cr\u00edticos y urgentes<\/span><\/p><p><span style=\"color: #000000;\">Cuidados materno-infantiles y pedi\u00e1tricos<\/span><\/p><p><span style=\"color: #000000;\">Cuidados de salud mental<\/span><\/p><p><span style=\"color: #000000;\">Cuidados geri\u00e1tricos, socio-sanitarios y paliativos<\/span><\/p><p>\u00a0<\/p><p><span style=\"color: #000000;\"><strong>\u00c1reas<\/strong>:<\/span><\/p><p><span style=\"color: #000000;\">Equipos de atenci\u00f3n primaria<\/span><\/p><p><span style=\"color: #000000;\">Consultorios rurales<\/span><\/p><p><span style=\"color: #000000;\">Gesti\u00f3n de casos<\/span><\/p><p><span style=\"color: #000000;\">Atenci\u00f3n domiciliaria<\/span><\/p><p><span style=\"color: #000000;\">Centros de urgencias de atenci\u00f3n primaria<\/span><\/p><p><span style=\"color: #000000;\">Equipos de cuidados paliativos comunitarios<\/span><\/p><p><span style=\"color: #000000;\">Equipos de atenci\u00f3n residencial<\/span><\/p><p><span style=\"color: #000000;\">Unidades especializadas de atenci\u00f3n primaria<\/span><\/p><p><span style=\"color: #000000;\">Unidades de hospitalizaci\u00f3n de alta complejidad<\/span><\/p><p><span style=\"color: #000000;\">Unidades de hospitalizaci\u00f3n de corta estancia<\/span><\/p><p><span style=\"color: #000000;\">Unidades de atenci\u00f3n materno-infantil<\/span><\/p><p><span style=\"color: #000000;\">Unidades de semi-cr\u00edticos y cuidados intermedios<\/span><\/p><p><span style=\"color: #000000;\">Unidades de cuidados intensivos<\/span><\/p><p><span style=\"color: #000000;\">\u00c1reas quir\u00fargicas<\/span><\/p><p><span style=\"color: #000000;\">\u00c1reas de intervencionismo<\/span><\/p><p><span style=\"color: #000000;\">Unidades de hospitalizaci\u00f3n a domicilio<\/span><\/p><p><span style=\"color: #000000;\">Unidades de urgencias hospitalarias<\/span><\/p><p><span style=\"color: #000000;\">Hospitales de d\u00eda generalistas y especializados<\/span><\/p><p><span style=\"color: #000000;\">Unidades de psiquiatr\u00eda de agudos<\/span><\/p><p><span style=\"color: #000000;\">Unidades de convalecencia<\/span><\/p><p><span style=\"color: #000000;\">Unidades socio-sanitarias de larga estancia<\/span><\/p><p><span style=\"color: #000000;\">Unidades de rehabilitaci\u00f3n<\/span><\/p><p><span style=\"color: #000000;\">Unidades de cuidados paliativos<\/span><\/p><p><span style=\"color: #000000;\">Unidades de salud mental<\/span><\/p><p><span style=\"color: #000000;\">Hospitales de d\u00eda socio-sanitarios<\/span><\/p><\/div><\/div>\n\t\t\t\t\t\t\t\t\t\t\t<\/td>\n\t\t\t\t\t\t\t\t\t\t\t\t\t\t\t\t\t\t\t\t\t\t\t\t\t\t<\/tr>\n\t\t\t        \t\t\t    <\/tbody>\n\t\t\t<\/table>\n\t\t<\/div>\n\t  \t\t\t<\/div>\n\t\t\t\t<\/div>\n\t\t\t\t\t<\/div>\n\t\t<\/div>\n\t\t\t\t\t<\/div>\n\t\t<\/section>\n\t\t\t\t<\/div>\n\t\t","protected":false},"excerpt":{"rendered":"<p>Caracter\u00edsticas de la terminolog\u00eda ATIC Vocabulario estandarizado orientado a conceptos Incluye c\u00f3digos, t\u00e9rminos, significados y conocimiento asercional para representar el proceso de prestaci\u00f3n de cuidados enfermero y sus resultados, siendo de utilidad para la pr\u00e1ctica asistencial, la armonizaci\u00f3n sem\u00e1ntica y el procesamiento de datos en los sistemas de informaci\u00f3n de historia cl\u00ednica electr\u00f3nica. De interfase\u00a0<\/p>\n<footer class=\"entry-footer index-entry\">\n<div class=\"post-social pull-left\"><a href=\"https:\/\/www.facebook.com\/sharer\/sharer.php?u=http%3A%2F%2Fserver3.testwalking.com%2Ftest%2Fatic-wp%2Fcaracteristicas%2F\" target=\"_blank\" class=\"social-icons\"><i class=\"fa fa-facebook\" aria-hidden=\"true\"><\/i><\/a><a href=\"https:\/\/twitter.com\/home?status=http%3A%2F%2Fserver3.testwalking.com%2Ftest%2Fatic-wp%2Fcaracteristicas%2F\" target=\"_blank\" class=\"social-icons\"><i class=\"fa fa-twitter\" aria-hidden=\"true\"><\/i><\/a><a href=\"https:\/\/www.linkedin.com\/shareArticle?mini=true&#038;url=http%3A%2F%2Fserver3.testwalking.com%2Ftest%2Fatic-wp%2Fcaracteristicas%2F&#038;title=Caracter%C3%ADsticas\" target=\"_blank\" class=\"social-icons\"><i class=\"fa fa-linkedin\" aria-hidden=\"true\"><\/i><\/a><\/div>\n<p class=\"link-more\"><a href=\"http:\/\/server3.testwalking.com\/test\/atic-wp\/caracteristicas\/\" class=\"more-link\">Continue reading <span class=\"meta-nav\">\u2192<\/span><\/a><\/p>\n<\/footer>\n","protected":false},"author":1,"featured_media":0,"parent":0,"menu_order":0,"comment_status":"closed","ping_status":"closed","template":"","meta":{"footnotes":""},"acf":[],"_links":{"self":[{"href":"http:\/\/server3.testwalking.com\/test\/atic-wp\/wp-json\/wp\/v2\/pages\/185"}],"collection":[{"href":"http:\/\/server3.testwalking.com\/test\/atic-wp\/wp-json\/wp\/v2\/pages"}],"about":[{"href":"http:\/\/server3.testwalking.com\/test\/atic-wp\/wp-json\/wp\/v2\/types\/page"}],"author":[{"embeddable":true,"href":"http:\/\/server3.testwalking.com\/test\/atic-wp\/wp-json\/wp\/v2\/users\/1"}],"replies":[{"embeddable":true,"href":"http:\/\/server3.testwalking.com\/test\/atic-wp\/wp-json\/wp\/v2\/comments?post=185"}],"version-history":[{"count":37,"href":"http:\/\/server3.testwalking.com\/test\/atic-wp\/wp-json\/wp\/v2\/pages\/185\/revisions"}],"predecessor-version":[{"id":508,"href":"http:\/\/server3.testwalking.com\/test\/atic-wp\/wp-json\/wp\/v2\/pages\/185\/revisions\/508"}],"wp:attachment":[{"href":"http:\/\/server3.testwalking.com\/test\/atic-wp\/wp-json\/wp\/v2\/media?parent=185"}],"curies":[{"name":"wp","href":"https:\/\/api.w.org\/{rel}","templated":true}]}}