{"id":169,"date":"2021-08-10T19:58:34","date_gmt":"2021-08-10T19:58:34","guid":{"rendered":"http:\/\/server3.testwalking.com\/test\/atic-wp\/?page_id=169"},"modified":"2021-08-11T14:53:46","modified_gmt":"2021-08-11T14:53:46","slug":"inici","status":"publish","type":"page","link":"http:\/\/server3.testwalking.com\/test\/atic-wp\/inici\/","title":{"rendered":"Inici"},"content":{"rendered":"\t\t<div data-elementor-type=\"wp-page\" data-elementor-id=\"169\" class=\"elementor elementor-169\">\n\t\t\t\t\t\t<section class=\"elementor-section elementor-top-section elementor-element elementor-element-d170d6b card-div elementor-section-boxed elementor-section-height-default elementor-section-height-default\" data-id=\"d170d6b\" data-element_type=\"section\">\n\t\t\t\t\t\t<div class=\"elementor-container elementor-column-gap-default\">\n\t\t\t\t\t<div class=\"elementor-column elementor-col-100 elementor-top-column elementor-element elementor-element-51bc740\" data-id=\"51bc740\" data-element_type=\"column\">\n\t\t\t<div class=\"elementor-widget-wrap elementor-element-populated\">\n\t\t\t\t\t\t<div class=\"elementor-element elementor-element-71d821e elementor-widget elementor-widget-text-editor\" data-id=\"71d821e\" data-element_type=\"widget\" data-widget_type=\"text-editor.default\">\n\t\t\t\t<div class=\"elementor-widget-container\">\n\t\t\t\t\t\t\t<p><strong><span style=\"color: #333333;\">ATIC compr\u00e8n un conjunt d&#8217;eines de coneixement per a la generaci\u00f3 de dades i informaci\u00f3 vera\u00e7 sobre el proc\u00e9s de prestaci\u00f3 de cures infermeres i els seus resultats en la salut a nivell individual, grupal, comunitari i poblacional, desenvolupat des de 1992, per facilitar la representaci\u00f3 \u00edntegra de l&#8217;proc\u00e9s de prestaci\u00f3 de cures &#8211; les observacions, els judicis cl\u00ednics -diagn\u00f3sticos i resultats- i les intervencions infermeres, en els sistemes de <\/span><span style=\"color: #333333;\">informaci\u00f3 assistencials, aix\u00ed com la seva explotaci\u00f3 anal\u00edtica per a la seguretat cl\u00ednica, els processos de millora, la investigaci\u00f3 i la innovaci\u00f3 en cures de salut.<\/span><\/strong><\/p><p><strong><span style=\"color: #333333;\">Eines:<\/span><\/strong><\/p><ul><li><strong><span style=\"color: #333333;\">Terminologia<\/span><\/strong><\/li><li><strong><span style=\"color: #333333;\">Ontologies<\/span><\/strong><\/li><li><strong><span style=\"color: #333333;\">Indicadors<\/span><\/strong><\/li><li><strong><span style=\"color: #333333;\">Sistema de Classificaci\u00f3 de pacients<\/span><\/strong><\/li><\/ul>\t\t\t\t\t\t<\/div>\n\t\t\t\t<\/div>\n\t\t\t\t\t<\/div>\n\t\t<\/div>\n\t\t\t\t\t<\/div>\n\t\t<\/section>\n\t\t\t\t<\/div>\n\t\t","protected":false},"excerpt":{"rendered":"<p>ATIC compr\u00e8n un conjunt d&#8217;eines de coneixement per a la generaci\u00f3 de dades i informaci\u00f3 vera\u00e7 sobre el proc\u00e9s de prestaci\u00f3 de cures infermeres i els seus resultats en la salut a nivell individual, grupal, comunitari i poblacional, desenvolupat des de 1992, per facilitar la representaci\u00f3 \u00edntegra de l&#8217;proc\u00e9s de prestaci\u00f3 de cures &#8211; les<\/p>\n<footer class=\"entry-footer index-entry\">\n<div class=\"post-social pull-left\"><a href=\"https:\/\/www.facebook.com\/sharer\/sharer.php?u=http%3A%2F%2Fserver3.testwalking.com%2Ftest%2Fatic-wp%2Finici%2F\" target=\"_blank\" class=\"social-icons\"><i class=\"fa fa-facebook\" aria-hidden=\"true\"><\/i><\/a><a href=\"https:\/\/twitter.com\/home?status=http%3A%2F%2Fserver3.testwalking.com%2Ftest%2Fatic-wp%2Finici%2F\" target=\"_blank\" class=\"social-icons\"><i class=\"fa fa-twitter\" aria-hidden=\"true\"><\/i><\/a><a href=\"https:\/\/www.linkedin.com\/shareArticle?mini=true&#038;url=http%3A%2F%2Fserver3.testwalking.com%2Ftest%2Fatic-wp%2Finici%2F&#038;title=Inici\" target=\"_blank\" class=\"social-icons\"><i class=\"fa fa-linkedin\" aria-hidden=\"true\"><\/i><\/a><\/div>\n<p class=\"link-more\"><a href=\"http:\/\/server3.testwalking.com\/test\/atic-wp\/inici\/\" class=\"more-link\">Continue reading <span class=\"meta-nav\">\u2192<\/span><\/a><\/p>\n<\/footer>\n","protected":false},"author":1,"featured_media":0,"parent":0,"menu_order":0,"comment_status":"closed","ping_status":"closed","template":"","meta":{"footnotes":""},"acf":[],"_links":{"self":[{"href":"http:\/\/server3.testwalking.com\/test\/atic-wp\/wp-json\/wp\/v2\/pages\/169"}],"collection":[{"href":"http:\/\/server3.testwalking.com\/test\/atic-wp\/wp-json\/wp\/v2\/pages"}],"about":[{"href":"http:\/\/server3.testwalking.com\/test\/atic-wp\/wp-json\/wp\/v2\/types\/page"}],"author":[{"embeddable":true,"href":"http:\/\/server3.testwalking.com\/test\/atic-wp\/wp-json\/wp\/v2\/users\/1"}],"replies":[{"embeddable":true,"href":"http:\/\/server3.testwalking.com\/test\/atic-wp\/wp-json\/wp\/v2\/comments?post=169"}],"version-history":[{"count":16,"href":"http:\/\/server3.testwalking.com\/test\/atic-wp\/wp-json\/wp\/v2\/pages\/169\/revisions"}],"predecessor-version":[{"id":303,"href":"http:\/\/server3.testwalking.com\/test\/atic-wp\/wp-json\/wp\/v2\/pages\/169\/revisions\/303"}],"wp:attachment":[{"href":"http:\/\/server3.testwalking.com\/test\/atic-wp\/wp-json\/wp\/v2\/media?parent=169"}],"curies":[{"name":"wp","href":"https:\/\/api.w.org\/{rel}","templated":true}]}}