{"id":158,"date":"2021-08-10T19:50:44","date_gmt":"2021-08-10T19:50:44","guid":{"rendered":"http:\/\/server3.testwalking.com\/test\/atic-wp\/?page_id=158"},"modified":"2023-03-14T15:08:44","modified_gmt":"2023-03-14T15:08:44","slug":"inicio","status":"publish","type":"page","link":"http:\/\/server3.testwalking.com\/test\/atic-wp\/","title":{"rendered":"Inicio"},"content":{"rendered":"\t\t<div data-elementor-type=\"wp-page\" data-elementor-id=\"158\" class=\"elementor elementor-158\">\n\t\t\t\t\t\t<section class=\"elementor-section elementor-top-section elementor-element elementor-element-d170d6b card-div elementor-section-boxed elementor-section-height-default elementor-section-height-default\" data-id=\"d170d6b\" data-element_type=\"section\" data-settings=\"{&quot;background_background&quot;:&quot;classic&quot;}\">\n\t\t\t\t\t\t<div class=\"elementor-container elementor-column-gap-default\">\n\t\t\t\t\t<div class=\"elementor-column elementor-col-100 elementor-top-column elementor-element elementor-element-51bc740\" data-id=\"51bc740\" data-element_type=\"column\">\n\t\t\t<div class=\"elementor-widget-wrap elementor-element-populated\">\n\t\t\t\t\t\t<div class=\"elementor-element elementor-element-528d783 elementor-widget elementor-widget-text-editor\" data-id=\"528d783\" data-element_type=\"widget\" data-widget_type=\"text-editor.default\">\n\t\t\t\t<div class=\"elementor-widget-container\">\n\t\t\t\t\t\t\t<p>ATIC comprende un conjunto de herramientas de conocimiento para la generaci\u00f3n de datos e informaci\u00f3n veraz sobre el proceso de prestaci\u00f3n de cuidados enfermeros y sus resultados en la salud a nivel individual, grupal, comunitario y poblacional, desarrollado desde 1992, para facilitar la representaci\u00f3n \u00edntegra del proceso de prestaci\u00f3n de cuidados \u2013 las observaciones, los juicios cl\u00ednicos -diagn\u00f3sticos y resultados- y las intervenciones enfermeras, en los sistemas de informaci\u00f3n asistenciales, as\u00ed como su explotaci\u00f3n anal\u00edtica para la seguridad cl\u00ednica, los procesos de mejora, la investigaci\u00f3n y la innovaci\u00f3n en cuidados de salud.<\/p><p><strong>Herramientas:<\/strong><\/p><ul><li>Terminolog\u00eda<\/li><li>Ontolog\u00edas<\/li><li>Indicadores<\/li><li>Sistema de Clasificaci\u00f3n de pacientes.<\/li><\/ul>\t\t\t\t\t\t<\/div>\n\t\t\t\t<\/div>\n\t\t\t\t\t<\/div>\n\t\t<\/div>\n\t\t\t\t\t<\/div>\n\t\t<\/section>\n\t\t\t\t<\/div>\n\t\t","protected":false},"excerpt":{"rendered":"<p>ATIC comprende un conjunto de herramientas de conocimiento para la generaci\u00f3n de datos e informaci\u00f3n veraz sobre el proceso de prestaci\u00f3n de cuidados enfermeros y sus resultados en la salud a nivel individual, grupal, comunitario y poblacional, desarrollado desde 1992, para facilitar la representaci\u00f3n \u00edntegra del proceso de prestaci\u00f3n de cuidados \u2013 las observaciones, los<\/p>\n<footer class=\"entry-footer index-entry\">\n<div class=\"post-social pull-left\"><a href=\"https:\/\/www.facebook.com\/sharer\/sharer.php?u=http%3A%2F%2Fserver3.testwalking.com%2Ftest%2Fatic-wp%2F\" target=\"_blank\" class=\"social-icons\"><i class=\"fa fa-facebook\" aria-hidden=\"true\"><\/i><\/a><a href=\"https:\/\/twitter.com\/home?status=http%3A%2F%2Fserver3.testwalking.com%2Ftest%2Fatic-wp%2F\" target=\"_blank\" class=\"social-icons\"><i class=\"fa fa-twitter\" aria-hidden=\"true\"><\/i><\/a><a href=\"https:\/\/www.linkedin.com\/shareArticle?mini=true&#038;url=http%3A%2F%2Fserver3.testwalking.com%2Ftest%2Fatic-wp%2F&#038;title=Inicio\" target=\"_blank\" class=\"social-icons\"><i class=\"fa fa-linkedin\" aria-hidden=\"true\"><\/i><\/a><\/div>\n<p class=\"link-more\"><a href=\"http:\/\/server3.testwalking.com\/test\/atic-wp\/\" class=\"more-link\">Continue reading <span class=\"meta-nav\">\u2192<\/span><\/a><\/p>\n<\/footer>\n","protected":false},"author":1,"featured_media":0,"parent":0,"menu_order":0,"comment_status":"closed","ping_status":"closed","template":"","meta":{"footnotes":""},"acf":[],"_links":{"self":[{"href":"http:\/\/server3.testwalking.com\/test\/atic-wp\/wp-json\/wp\/v2\/pages\/158"}],"collection":[{"href":"http:\/\/server3.testwalking.com\/test\/atic-wp\/wp-json\/wp\/v2\/pages"}],"about":[{"href":"http:\/\/server3.testwalking.com\/test\/atic-wp\/wp-json\/wp\/v2\/types\/page"}],"author":[{"embeddable":true,"href":"http:\/\/server3.testwalking.com\/test\/atic-wp\/wp-json\/wp\/v2\/users\/1"}],"replies":[{"embeddable":true,"href":"http:\/\/server3.testwalking.com\/test\/atic-wp\/wp-json\/wp\/v2\/comments?post=158"}],"version-history":[{"count":45,"href":"http:\/\/server3.testwalking.com\/test\/atic-wp\/wp-json\/wp\/v2\/pages\/158\/revisions"}],"predecessor-version":[{"id":1420,"href":"http:\/\/server3.testwalking.com\/test\/atic-wp\/wp-json\/wp\/v2\/pages\/158\/revisions\/1420"}],"wp:attachment":[{"href":"http:\/\/server3.testwalking.com\/test\/atic-wp\/wp-json\/wp\/v2\/media?parent=158"}],"curies":[{"name":"wp","href":"https:\/\/api.w.org\/{rel}","templated":true}]}}