{"id":1138,"date":"2021-11-03T15:01:46","date_gmt":"2021-11-03T15:01:46","guid":{"rendered":"http:\/\/server3.testwalking.com\/test\/atic-wp\/?page_id=1138"},"modified":"2021-11-03T15:03:14","modified_gmt":"2021-11-03T15:03:14","slug":"peoplewalking-cat","status":"publish","type":"page","link":"http:\/\/server3.testwalking.com\/test\/atic-wp\/peoplewalking-cat\/","title":{"rendered":"Peoplewalking-cat"},"content":{"rendered":"\t\t<div data-elementor-type=\"wp-page\" data-elementor-id=\"1138\" class=\"elementor elementor-1138\">\n\t\t\t\t\t\t<section class=\"elementor-section elementor-top-section elementor-element elementor-element-bbf935e card-div elementor-section-boxed elementor-section-height-default elementor-section-height-default\" data-id=\"bbf935e\" data-element_type=\"section\">\n\t\t\t\t\t\t<div class=\"elementor-container elementor-column-gap-default\">\n\t\t\t\t\t<div class=\"elementor-column elementor-col-100 elementor-top-column elementor-element elementor-element-ff04b1a\" data-id=\"ff04b1a\" data-element_type=\"column\">\n\t\t\t<div class=\"elementor-widget-wrap elementor-element-populated\">\n\t\t\t\t\t\t<div class=\"elementor-element elementor-element-21ad860 elementor-widget elementor-widget-heading\" data-id=\"21ad860\" data-element_type=\"widget\" data-widget_type=\"heading.default\">\n\t\t\t\t<div class=\"elementor-widget-container\">\n\t\t\t<h2 class=\"elementor-heading-title elementor-size-default\">Peoplewalking, S.L<\/h2>\t\t<\/div>\n\t\t\t\t<\/div>\n\t\t\t\t<div class=\"elementor-element elementor-element-54a9387 elementor-widget-divider--view-line elementor-widget elementor-widget-divider\" data-id=\"54a9387\" data-element_type=\"widget\" data-widget_type=\"divider.default\">\n\t\t\t\t<div class=\"elementor-widget-container\">\n\t\t\t\t\t<div class=\"elementor-divider\">\n\t\t\t<span class=\"elementor-divider-separator\">\n\t\t\t\t\t\t<\/span>\n\t\t<\/div>\n\t\t\t\t<\/div>\n\t\t\t\t<\/div>\n\t\t\t\t<div class=\"elementor-element elementor-element-cffca71 elementor-widget elementor-widget-text-editor\" data-id=\"cffca71\" data-element_type=\"widget\" data-widget_type=\"text-editor.default\">\n\t\t\t\t<div class=\"elementor-widget-container\">\n\t\t\t\t\t\t\t<p class=\"MsoNormal\" style=\"text-align: justify;\"><span lang=\"ES\">Partner tecnol\u00f2gic d&#8217;ATIC<\/span><\/p><p class=\"MsoNormal\" style=\"text-align: justify;\">Implantem solucions tecnol\u00f2giques des de fa m\u00e9s de 30 anys sent directius en algunes de les principals consultores tecnol\u00f2giques mundials. Grans multinacionals? S\u00ed\u2026 per\u00f2 les v\u00e0rem deixar per estar m\u00e9s a prop teu, perqu\u00e8 sortissis guanyant tu, perqu\u00e8 sentissis proximitat, perqu\u00e8 et sentissis realment cuidat.<\/p><p><b data-fusion-font=\"true\">PEOPLEWALKING, READY TO WALK WITH YOU !!!<\/b><\/p>\t\t\t\t\t\t<\/div>\n\t\t\t\t<\/div>\n\t\t\t\t<div class=\"elementor-element elementor-element-a582078 elementor-widget elementor-widget-image\" data-id=\"a582078\" data-element_type=\"widget\" data-widget_type=\"image.default\">\n\t\t\t\t<div class=\"elementor-widget-container\">\n\t\t\t\t\t\t\t\t\t\t\t\t\t\t<a href=\"https:\/\/www.peoplewalking.com\/\" target=\"_blank\">\n\t\t\t\t\t\t\t<img decoding=\"async\" width=\"210\" height=\"150\" src=\"http:\/\/server3.testwalking.com\/test\/atic-wp\/wp-content\/uploads\/2021\/10\/logo_210x150.png\" class=\"attachment-medium size-medium wp-image-935\" alt=\"\" \/>\t\t\t\t\t\t\t\t<\/a>\n\t\t\t\t\t\t\t\t\t\t\t\t\t<\/div>\n\t\t\t\t<\/div>\n\t\t\t\t\t<\/div>\n\t\t<\/div>\n\t\t\t\t\t<\/div>\n\t\t<\/section>\n\t\t\t\t<\/div>\n\t\t","protected":false},"excerpt":{"rendered":"<p>Peoplewalking, S.L Partner tecnol\u00f2gic d&#8217;ATIC Implantem solucions tecnol\u00f2giques des de fa m\u00e9s de 30 anys sent directius en algunes de les principals consultores tecnol\u00f2giques mundials. Grans multinacionals? S\u00ed\u2026 per\u00f2 les v\u00e0rem deixar per estar m\u00e9s a prop teu, perqu\u00e8 sortissis guanyant tu, perqu\u00e8 sentissis proximitat, perqu\u00e8 et sentissis realment cuidat. PEOPLEWALKING, READY TO WALK WITH<\/p>\n<footer class=\"entry-footer index-entry\">\n<div class=\"post-social pull-left\"><a href=\"https:\/\/www.facebook.com\/sharer\/sharer.php?u=http%3A%2F%2Fserver3.testwalking.com%2Ftest%2Fatic-wp%2Fpeoplewalking-cat%2F\" target=\"_blank\" class=\"social-icons\"><i class=\"fa fa-facebook\" aria-hidden=\"true\"><\/i><\/a><a href=\"https:\/\/twitter.com\/home?status=http%3A%2F%2Fserver3.testwalking.com%2Ftest%2Fatic-wp%2Fpeoplewalking-cat%2F\" target=\"_blank\" class=\"social-icons\"><i class=\"fa fa-twitter\" aria-hidden=\"true\"><\/i><\/a><a href=\"https:\/\/www.linkedin.com\/shareArticle?mini=true&#038;url=http%3A%2F%2Fserver3.testwalking.com%2Ftest%2Fatic-wp%2Fpeoplewalking-cat%2F&#038;title=Peoplewalking-cat\" target=\"_blank\" class=\"social-icons\"><i class=\"fa fa-linkedin\" aria-hidden=\"true\"><\/i><\/a><\/div>\n<p class=\"link-more\"><a href=\"http:\/\/server3.testwalking.com\/test\/atic-wp\/peoplewalking-cat\/\" class=\"more-link\">Continue reading <span class=\"meta-nav\">\u2192<\/span><\/a><\/p>\n<\/footer>\n","protected":false},"author":1,"featured_media":0,"parent":0,"menu_order":0,"comment_status":"closed","ping_status":"closed","template":"","meta":{"footnotes":""},"acf":[],"_links":{"self":[{"href":"http:\/\/server3.testwalking.com\/test\/atic-wp\/wp-json\/wp\/v2\/pages\/1138"}],"collection":[{"href":"http:\/\/server3.testwalking.com\/test\/atic-wp\/wp-json\/wp\/v2\/pages"}],"about":[{"href":"http:\/\/server3.testwalking.com\/test\/atic-wp\/wp-json\/wp\/v2\/types\/page"}],"author":[{"embeddable":true,"href":"http:\/\/server3.testwalking.com\/test\/atic-wp\/wp-json\/wp\/v2\/users\/1"}],"replies":[{"embeddable":true,"href":"http:\/\/server3.testwalking.com\/test\/atic-wp\/wp-json\/wp\/v2\/comments?post=1138"}],"version-history":[{"count":4,"href":"http:\/\/server3.testwalking.com\/test\/atic-wp\/wp-json\/wp\/v2\/pages\/1138\/revisions"}],"predecessor-version":[{"id":1142,"href":"http:\/\/server3.testwalking.com\/test\/atic-wp\/wp-json\/wp\/v2\/pages\/1138\/revisions\/1142"}],"wp:attachment":[{"href":"http:\/\/server3.testwalking.com\/test\/atic-wp\/wp-json\/wp\/v2\/media?parent=1138"}],"curies":[{"name":"wp","href":"https:\/\/api.w.org\/{rel}","templated":true}]}}